{"id":249,"date":"2022-03-25T11:24:51","date_gmt":"2022-03-25T04:24:51","guid":{"rendered":"https:\/\/bangkeovietkhac.com\/?page_id=249"},"modified":"2022-06-11T15:07:54","modified_gmt":"2022-06-11T08:07:54","slug":"pack","status":"publish","type":"page","link":"https:\/\/bangkeovietkhac.com\/vi\/pack\/","title":{"rendered":"D\u00c2Y \u0110AI"},"content":{"rendered":"<section class=\"section\" id=\"section_1033751164\">\n\t\t<div class=\"bg section-bg fill bg-fill  bg-loaded\" >\n\n\t\t\t\n\t\t\t\n\t\t\t\n\n\t\t<\/div>\n\n\t\t<div class=\"section-content relative\">\n\t\t\t\n\n<div class=\"row\"  id=\"row-1112583629\">\n\n\n\t<div id=\"col-825702143\" class=\"col small-12 large-12\"  >\n\t\t\t\t<div class=\"col-inner text-center\"  >\n\t\t\t\n\t\t\t\n\n\t<div id=\"gap-1717572782\" class=\"gap-element clearfix\" style=\"display:block; height:auto;\">\n\t\t\n<style>\n#gap-1717572782 {\n  padding-top: 30px;\n}\n<\/style>\n\t<\/div>\n\t\n\n\t<div id=\"text-1291863070\" class=\"text\">\n\t\t\n\n<h3><span style=\"color: #3366ff;\">D\u00c2Y \u0110AI<\/span><\/h3>\n\t\t\n<style>\n#text-1291863070 {\n  font-size: 2rem;\n  line-height: 0.75;\n}\n<\/style>\n\t<\/div>\n\t\n\n\t\t<\/div>\n\t\t\t\t\t<\/div>\n\n\t\n\n<\/div>\n<div class=\"row\"  id=\"row-1064028152\">\n\n\n\t<div id=\"col-25112642\" class=\"col medium-4 small-12 large-4\"  >\n\t\t\t\t<div class=\"col-inner\"  >\n\t\t\t\n\t\t\t\n\n\t<div class=\"box has-hover   has-hover box-text-bottom\" >\n\n\t\t<div class=\"box-image\" >\n\t\t\t<a href=\"https:\/\/bangkeovietkhac.com\/vi\/san-pham\/day-dai-pet\/\"  >\t\t\t<div class=\"image-zoom image-cover\" style=\"padding-top:100%;\">\n\t\t\t\t<img loading=\"lazy\" decoding=\"async\" width=\"500\" height=\"500\" src=\"https:\/\/bangkeovietkhac.com\/wp-content\/uploads\/2022\/04\/day-dai-pet.webp\" class=\"attachment- size-\" alt=\"\" srcset=\"https:\/\/bangkeovietkhac.com\/wp-content\/uploads\/2022\/04\/day-dai-pet.webp 500w, https:\/\/bangkeovietkhac.com\/wp-content\/uploads\/2022\/04\/day-dai-pet-300x300.webp 300w, https:\/\/bangkeovietkhac.com\/wp-content\/uploads\/2022\/04\/day-dai-pet-150x150.webp 150w, https:\/\/bangkeovietkhac.com\/wp-content\/uploads\/2022\/04\/day-dai-pet-100x100.webp 100w\" sizes=\"auto, (max-width: 500px) 100vw, 500px\" \/>\t\t\t\t\t\t\t\t\t\t\t<\/div>\n\t\t\t<\/a>\t\t<\/div>\n\n\t\t<div class=\"box-text text-center\" >\n\t\t\t<div class=\"box-text-inner\">\n\t\t\t\t\n\n\t<div id=\"gap-350516579\" class=\"gap-element clearfix\" style=\"display:block; height:auto;\">\n\t\t\n<style>\n#gap-350516579 {\n  padding-top: 10px;\n}\n<\/style>\n\t<\/div>\n\t\n\n\t<div id=\"text-215514112\" class=\"text\">\n\t\t\n\n<h3>D\u00c2Y \u0110AI PET- XANH L\u00c1<\/h3>\n\t\t\n<style>\n#text-215514112 {\n  font-size: 1.15rem;\n}\n<\/style>\n\t<\/div>\n\t\n<a href=\"https:\/\/bangkeovietkhac.com\/vi\/san-pham\/day-dai-pet\/\" target=\"_self\" class=\"button secondary is-outline lowercase\"  style=\"padding:5px 20px 5px 20px;\">\n    <span>CHI TI\u1ebeT<\/span>\n  <\/a>\n\n\n\n\t\t\t<\/div>\n\t\t<\/div>\n\t<\/div>\n\t\n\n\t\t<\/div>\n\t\t\t\t\t<\/div>\n\n\t\n\n\t<div id=\"col-1134884043\" class=\"col medium-4 small-12 large-4\"  >\n\t\t\t\t<div class=\"col-inner\"  >\n\t\t\t\n\t\t\t\n\n\t<div class=\"box has-hover   has-hover box-text-bottom\" >\n\n\t\t<div class=\"box-image\" >\n\t\t\t<a href=\"https:\/\/bangkeovietkhac.com\/vi\/san-pham\/day-dai-nhua-pp\/\"  >\t\t\t<div class=\"image-zoom image-cover\" style=\"padding-top:100%;\">\n\t\t\t\t<img loading=\"lazy\" decoding=\"async\" width=\"800\" height=\"800\" src=\"https:\/\/bangkeovietkhac.com\/wp-content\/uploads\/2022\/04\/day-dai-nhua-pp-du-mau.jpg\" class=\"attachment- size-\" alt=\"\" srcset=\"https:\/\/bangkeovietkhac.com\/wp-content\/uploads\/2022\/04\/day-dai-nhua-pp-du-mau.jpg 800w, https:\/\/bangkeovietkhac.com\/wp-content\/uploads\/2022\/04\/day-dai-nhua-pp-du-mau-300x300.jpg 300w, https:\/\/bangkeovietkhac.com\/wp-content\/uploads\/2022\/04\/day-dai-nhua-pp-du-mau-150x150.jpg 150w, https:\/\/bangkeovietkhac.com\/wp-content\/uploads\/2022\/04\/day-dai-nhua-pp-du-mau-768x768.jpg 768w, https:\/\/bangkeovietkhac.com\/wp-content\/uploads\/2022\/04\/day-dai-nhua-pp-du-mau-600x600.jpg 600w, https:\/\/bangkeovietkhac.com\/wp-content\/uploads\/2022\/04\/day-dai-nhua-pp-du-mau-100x100.jpg 100w\" sizes=\"auto, (max-width: 800px) 100vw, 800px\" \/>\t\t\t\t\t\t\t\t\t\t\t<\/div>\n\t\t\t<\/a>\t\t<\/div>\n\n\t\t<div class=\"box-text text-center\" >\n\t\t\t<div class=\"box-text-inner\">\n\t\t\t\t\n\n\t<div id=\"gap-426181084\" class=\"gap-element clearfix\" style=\"display:block; height:auto;\">\n\t\t\n<style>\n#gap-426181084 {\n  padding-top: 10px;\n}\n<\/style>\n\t<\/div>\n\t\n\n\t<div id=\"text-2429254715\" class=\"text\">\n\t\t\n\n<h3>D\u00c2Y \u0110AI NH\u1ef0A PP<\/h3>\n\n\t\t\n<style>\n#text-2429254715 {\n  font-size: 1.15rem;\n}\n<\/style>\n\t<\/div>\n\t\n<a href=\"https:\/\/bangkeovietkhac.com\/vi\/san-pham\/day-dai-nhua-pp\/\" target=\"_self\" class=\"button secondary is-outline lowercase\"  style=\"padding:5px 20px 5px 20px;\">\n    <span>CHI TI\u1ebeT<\/span>\n  <\/a>\n\n\n\n\t\t\t<\/div>\n\t\t<\/div>\n\t<\/div>\n\t\n\n\t\t<\/div>\n\t\t\t\t\t<\/div>\n\n\t\n\n\t<div id=\"col-498141059\" class=\"col medium-4 small-12 large-4\"  >\n\t\t\t\t<div class=\"col-inner\"  >\n\t\t\t\n\t\t\t\n\n\t<div class=\"box has-hover   has-hover box-text-bottom\" >\n\n\t\t<div class=\"box-image\" >\n\t\t\t<a href=\"https:\/\/bangkeovietkhac.com\/vi\/san-pham\/may-tang-dai\/\"  >\t\t\t<div class=\"image-zoom image-cover\" style=\"padding-top:100%;\">\n\t\t\t\t<img loading=\"lazy\" decoding=\"async\" width=\"480\" height=\"390\" src=\"https:\/\/bangkeovietkhac.com\/wp-content\/uploads\/2022\/04\/may-tang-dai-cam-tay.jpg\" class=\"attachment- size-\" alt=\"\" srcset=\"https:\/\/bangkeovietkhac.com\/wp-content\/uploads\/2022\/04\/may-tang-dai-cam-tay.jpg 480w, https:\/\/bangkeovietkhac.com\/wp-content\/uploads\/2022\/04\/may-tang-dai-cam-tay-300x244.jpg 300w\" sizes=\"auto, (max-width: 480px) 100vw, 480px\" \/>\t\t\t\t\t\t\t\t\t\t\t<\/div>\n\t\t\t<\/a>\t\t<\/div>\n\n\t\t<div class=\"box-text text-center\" >\n\t\t\t<div class=\"box-text-inner\">\n\t\t\t\t\n\n\t<div id=\"gap-1797381736\" class=\"gap-element clearfix\" style=\"display:block; height:auto;\">\n\t\t\n<style>\n#gap-1797381736 {\n  padding-top: 10px;\n}\n<\/style>\n\t<\/div>\n\t\n\n\t<div id=\"text-2938753168\" class=\"text\">\n\t\t\n\n<h1 class=\"product-title product_title entry-title\">M\u00c1Y T\u0102NG \u0110AI<\/h1>\n\t\t\n<style>\n#text-2938753168 {\n  font-size: 1.15rem;\n}\n<\/style>\n\t<\/div>\n\t\n<a href=\"https:\/\/bangkeovietkhac.com\/vi\/san-pham\/may-tang-dai\/\" target=\"_self\" class=\"button secondary is-outline lowercase\"  style=\"padding:5px 20px 5px 20px;\">\n    <span>CHI TI\u1ebeT<\/span>\n  <\/a>\n\n\n\n\t\t\t<\/div>\n\t\t<\/div>\n\t<\/div>\n\t\n\n\t\t<\/div>\n\t\t\t\t\t<\/div>\n\n\t\n\n\t<div id=\"col-1703989070\" class=\"col medium-4 small-12 large-4\"  >\n\t\t\t\t<div class=\"col-inner\"  >\n\t\t\t\n\t\t\t\n\n\t<div class=\"box has-hover   has-hover box-text-bottom\" >\n\n\t\t<div class=\"box-image\" >\n\t\t\t<a href=\"https:\/\/bangkeovietkhac.com\/vi\/san-pham\/may-kep-bo\/\"  >\t\t\t<div class=\"image-zoom image-cover\" style=\"padding-top:100%;\">\n\t\t\t\t<img loading=\"lazy\" decoding=\"async\" width=\"750\" height=\"750\" src=\"https:\/\/bangkeovietkhac.com\/wp-content\/uploads\/2022\/04\/dung-cu-bam-bo.jpg\" class=\"attachment- size-\" alt=\"\" srcset=\"https:\/\/bangkeovietkhac.com\/wp-content\/uploads\/2022\/04\/dung-cu-bam-bo.jpg 750w, https:\/\/bangkeovietkhac.com\/wp-content\/uploads\/2022\/04\/dung-cu-bam-bo-300x300.jpg 300w, https:\/\/bangkeovietkhac.com\/wp-content\/uploads\/2022\/04\/dung-cu-bam-bo-150x150.jpg 150w, https:\/\/bangkeovietkhac.com\/wp-content\/uploads\/2022\/04\/dung-cu-bam-bo-600x600.jpg 600w, https:\/\/bangkeovietkhac.com\/wp-content\/uploads\/2022\/04\/dung-cu-bam-bo-100x100.jpg 100w\" sizes=\"auto, (max-width: 750px) 100vw, 750px\" \/>\t\t\t\t\t\t\t\t\t\t\t<\/div>\n\t\t\t<\/a>\t\t<\/div>\n\n\t\t<div class=\"box-text text-center\" >\n\t\t\t<div class=\"box-text-inner\">\n\t\t\t\t\n\n\t<div id=\"gap-955766172\" class=\"gap-element clearfix\" style=\"display:block; height:auto;\">\n\t\t\n<style>\n#gap-955766172 {\n  padding-top: 10px;\n}\n<\/style>\n\t<\/div>\n\t\n\n\t<div id=\"text-960457900\" class=\"text\">\n\t\t\n\n<h1 class=\"product-title product_title entry-title\">M\u00c1Y K\u1eb8P B\u1ecc<\/h1>\n\t\t\n<style>\n#text-960457900 {\n  font-size: 1.15rem;\n}\n<\/style>\n\t<\/div>\n\t\n<a href=\"https:\/\/bangkeovietkhac.com\/vi\/san-pham\/may-kep-bo\/\" target=\"_self\" class=\"button secondary is-outline lowercase\"  style=\"padding:5px 20px 5px 20px;\">\n    <span>CHI TI\u1ebeT<\/span>\n  <\/a>\n\n\n\n\t\t\t<\/div>\n\t\t<\/div>\n\t<\/div>\n\t\n\n\t\t<\/div>\n\t\t\t\t\t<\/div>\n\n\t\n\n\t<div id=\"col-720959640\" class=\"col medium-4 small-12 large-4\"  >\n\t\t\t\t<div class=\"col-inner\"  >\n\t\t\t\n\t\t\t\n\n\t<div class=\"box has-hover   has-hover box-text-bottom\" >\n\n\t\t<div class=\"box-image\" >\n\t\t\t<a href=\"https:\/\/bangkeovietkhac.com\/vi\/san-pham\/bo-sat\/\"  >\t\t\t<div class=\"image-zoom image-cover\" style=\"padding-top:100%;\">\n\t\t\t\t<img loading=\"lazy\" decoding=\"async\" width=\"500\" height=\"500\" src=\"https:\/\/bangkeovietkhac.com\/wp-content\/uploads\/2022\/04\/bo-sat.jpg\" class=\"attachment- size-\" alt=\"\" srcset=\"https:\/\/bangkeovietkhac.com\/wp-content\/uploads\/2022\/04\/bo-sat.jpg 500w, https:\/\/bangkeovietkhac.com\/wp-content\/uploads\/2022\/04\/bo-sat-300x300.jpg 300w, https:\/\/bangkeovietkhac.com\/wp-content\/uploads\/2022\/04\/bo-sat-150x150.jpg 150w, https:\/\/bangkeovietkhac.com\/wp-content\/uploads\/2022\/04\/bo-sat-100x100.jpg 100w\" sizes=\"auto, (max-width: 500px) 100vw, 500px\" \/>\t\t\t\t\t\t\t\t\t\t\t<\/div>\n\t\t\t<\/a>\t\t<\/div>\n\n\t\t<div class=\"box-text text-center\" >\n\t\t\t<div class=\"box-text-inner\">\n\t\t\t\t\n\n\t<div id=\"gap-407723063\" class=\"gap-element clearfix\" style=\"display:block; height:auto;\">\n\t\t\n<style>\n#gap-407723063 {\n  padding-top: 10px;\n}\n<\/style>\n\t<\/div>\n\t\n\n\t<div id=\"text-549495373\" class=\"text\">\n\t\t\n\n<h3>B\u1ecc S\u1eaeT<\/h3>\n\t\t\n<style>\n#text-549495373 {\n  font-size: 1.15rem;\n}\n<\/style>\n\t<\/div>\n\t\n<a href=\"https:\/\/bangkeovietkhac.com\/vi\/san-pham\/bo-sat\/\" target=\"_self\" class=\"button secondary is-outline lowercase\"  style=\"padding:5px 20px 5px 20px;\">\n    <span>CHI TI\u1ebeT<\/span>\n  <\/a>\n\n\n\n\t\t\t<\/div>\n\t\t<\/div>\n\t<\/div>\n\t\n\n\t\t<\/div>\n\t\t\t\t\t<\/div>\n\n\t\n\n<\/div>\n\n\t\t<\/div>\n\n\t\t\n<style>\n#section_1033751164 {\n  padding-top: 30px;\n  padding-bottom: 30px;\n}\n@media (min-width:850px) {\n  #section_1033751164 {\n    padding-top: 50px;\n    padding-bottom: 50px;\n  }\n}\n<\/style>\n\t<\/section>","protected":false},"excerpt":{"rendered":"","protected":false},"author":1,"featured_media":0,"parent":0,"menu_order":0,"comment_status":"closed","ping_status":"closed","template":"","meta":{"footnotes":""},"class_list":["post-249","page","type-page","status-publish","hentry"],"jetpack_sharing_enabled":true,"_links":{"self":[{"href":"https:\/\/bangkeovietkhac.com\/vi\/wp-json\/wp\/v2\/pages\/249","targetHints":{"allow":["GET"]}}],"collection":[{"href":"https:\/\/bangkeovietkhac.com\/vi\/wp-json\/wp\/v2\/pages"}],"about":[{"href":"https:\/\/bangkeovietkhac.com\/vi\/wp-json\/wp\/v2\/types\/page"}],"author":[{"embeddable":true,"href":"https:\/\/bangkeovietkhac.com\/vi\/wp-json\/wp\/v2\/users\/1"}],"replies":[{"embeddable":true,"href":"https:\/\/bangkeovietkhac.com\/vi\/wp-json\/wp\/v2\/comments?post=249"}],"version-history":[{"count":8,"href":"https:\/\/bangkeovietkhac.com\/vi\/wp-json\/wp\/v2\/pages\/249\/revisions"}],"predecessor-version":[{"id":716,"href":"https:\/\/bangkeovietkhac.com\/vi\/wp-json\/wp\/v2\/pages\/249\/revisions\/716"}],"wp:attachment":[{"href":"https:\/\/bangkeovietkhac.com\/vi\/wp-json\/wp\/v2\/media?parent=249"}],"curies":[{"name":"wp","href":"https:\/\/api.w.org\/{rel}","templated":true}]}}