{"id":288,"date":"2022-03-26T09:09:15","date_gmt":"2022-03-26T02:09:15","guid":{"rendered":"https:\/\/bangkeovietkhac.com\/?page_id=288"},"modified":"2022-11-11T15:33:37","modified_gmt":"2022-11-11T08:33:37","slug":"bang-keo-da-bo","status":"publish","type":"page","link":"https:\/\/bangkeovietkhac.com\/vi\/bang-keo-da-bo\/","title":{"rendered":"B\u0102NG KEO DA B\u00d2"},"content":{"rendered":"<section class=\"section\" id=\"section_536244887\">\n\t\t<div class=\"bg section-bg fill bg-fill  bg-loaded\" >\n\n\t\t\t\n\t\t\t\n\t\t\t\n\n\t\t<\/div>\n\n\t\t<div class=\"section-content relative\">\n\t\t\t\n\n<div class=\"row\"  id=\"row-1748673368\">\n\n\n\t<div id=\"col-1058536230\" class=\"col small-12 large-12\"  >\n\t\t\t\t<div class=\"col-inner text-center\"  >\n\t\t\t\n\t\t\t\n\n\t<div id=\"gap-1639078853\" class=\"gap-element clearfix\" style=\"display:block; height:auto;\">\n\t\t\n<style>\n#gap-1639078853 {\n  padding-top: 30px;\n}\n<\/style>\n\t<\/div>\n\t\n\n\t<div id=\"text-3474969277\" class=\"text\">\n\t\t\n\n<h3>\u725b\u76ae\u7d19 \u81a0\u5e36<\/h3>\n\t\t\n<style>\n#text-3474969277 {\n  font-size: 2rem;\n  line-height: 0.75;\n}\n<\/style>\n\t<\/div>\n\t\n\n\t\t<\/div>\n\t\t\t\t\t<\/div>\n\n\t\n\n<\/div>\n<div class=\"row\"  id=\"row-1353985169\">\n\n\n\t<div id=\"col-958470179\" class=\"col medium-4 small-12 large-4\"  >\n\t\t\t\t<div class=\"col-inner\"  >\n\t\t\t\n\t\t\t\n\n\t<div class=\"box has-hover   has-hover box-text-bottom\" >\n\n\t\t<div class=\"box-image\" >\n\t\t\t<a href=\"https:\/\/bangkeovietkhac.com\/vi\/san-pham\/bang-keo-da-bo-nham\/\"  >\t\t\t<div class=\"image-zoom image-cover\" style=\"padding-top:100%;\">\n\t\t\t\t<img loading=\"lazy\" decoding=\"async\" width=\"1550\" height=\"1550\" src=\"https:\/\/bangkeovietkhac.com\/wp-content\/uploads\/2022\/04\/bk-da-bo-nham-e1649494490923.jpg\" class=\"attachment- size-\" alt=\"\" srcset=\"https:\/\/bangkeovietkhac.com\/wp-content\/uploads\/2022\/04\/bk-da-bo-nham-e1649494490923.jpg 1550w, https:\/\/bangkeovietkhac.com\/wp-content\/uploads\/2022\/04\/bk-da-bo-nham-e1649494490923-300x300.jpg 300w, https:\/\/bangkeovietkhac.com\/wp-content\/uploads\/2022\/04\/bk-da-bo-nham-e1649494490923-1024x1024.jpg 1024w, https:\/\/bangkeovietkhac.com\/wp-content\/uploads\/2022\/04\/bk-da-bo-nham-e1649494490923-150x150.jpg 150w, https:\/\/bangkeovietkhac.com\/wp-content\/uploads\/2022\/04\/bk-da-bo-nham-e1649494490923-768x768.jpg 768w, https:\/\/bangkeovietkhac.com\/wp-content\/uploads\/2022\/04\/bk-da-bo-nham-e1649494490923-1536x1536.jpg 1536w, https:\/\/bangkeovietkhac.com\/wp-content\/uploads\/2022\/04\/bk-da-bo-nham-e1649494490923-1320x1320.jpg 1320w, https:\/\/bangkeovietkhac.com\/wp-content\/uploads\/2022\/04\/bk-da-bo-nham-e1649494490923-600x600.jpg 600w, https:\/\/bangkeovietkhac.com\/wp-content\/uploads\/2022\/04\/bk-da-bo-nham-e1649494490923-100x100.jpg 100w\" sizes=\"auto, (max-width: 1550px) 100vw, 1550px\" \/>\t\t\t\t\t\t\t\t\t\t\t<\/div>\n\t\t\t<\/a>\t\t<\/div>\n\n\t\t<div class=\"box-text text-center\" >\n\t\t\t<div class=\"box-text-inner\">\n\t\t\t\t\n\n\t<div id=\"gap-1436476053\" class=\"gap-element clearfix\" style=\"display:block; height:auto;\">\n\t\t\n<style>\n#gap-1436476053 {\n  padding-top: 10px;\n}\n<\/style>\n\t<\/div>\n\t\n\n\t<div id=\"text-257218985\" class=\"text\">\n\t\t\n\n<h3>B\u0102NG KEO DA B\u00d2-NH\u00c1M<br>\nKW350<\/h3>\n\t\t\n<style>\n#text-257218985 {\n  font-size: 1.15rem;\n}\n<\/style>\n\t<\/div>\n\t\n<a href=\"https:\/\/bangkeovietkhac.com\/vi\/san-pham\/bang-keo-da-bo-nham\/\" target=\"_self\" class=\"button secondary is-outline lowercase\"  style=\"padding:5px 20px 5px 20px;\">\n    <span>CHI TI\u1ebeT<\/span>\n  <\/a>\n\n\n\n\t\t\t<\/div>\n\t\t<\/div>\n\t<\/div>\n\t\n\n\t\t<\/div>\n\t\t\t\t\t<\/div>\n\n\t\n\n\t<div id=\"col-325458122\" class=\"col medium-4 small-12 large-4\"  >\n\t\t\t\t<div class=\"col-inner\"  >\n\t\t\t\n\t\t\t\n\n\t<div class=\"box has-hover   has-hover box-text-bottom\" >\n\n\t\t<div class=\"box-image\" >\n\t\t\t<a href=\"https:\/\/bangkeovietkhac.com\/vi\/san-pham\/bang-keo-da-bo-bong\/\"  >\t\t\t<div class=\"image-zoom image-cover\" style=\"padding-top:100%;\">\n\t\t\t\t<img loading=\"lazy\" decoding=\"async\" width=\"1599\" height=\"1599\" src=\"https:\/\/bangkeovietkhac.com\/wp-content\/uploads\/2022\/04\/bk-da-bo-bong-e1649494539368.jpg\" class=\"attachment- size-\" alt=\"\" srcset=\"https:\/\/bangkeovietkhac.com\/wp-content\/uploads\/2022\/04\/bk-da-bo-bong-e1649494539368.jpg 1599w, https:\/\/bangkeovietkhac.com\/wp-content\/uploads\/2022\/04\/bk-da-bo-bong-e1649494539368-300x300.jpg 300w, https:\/\/bangkeovietkhac.com\/wp-content\/uploads\/2022\/04\/bk-da-bo-bong-e1649494539368-1024x1024.jpg 1024w, https:\/\/bangkeovietkhac.com\/wp-content\/uploads\/2022\/04\/bk-da-bo-bong-e1649494539368-150x150.jpg 150w, https:\/\/bangkeovietkhac.com\/wp-content\/uploads\/2022\/04\/bk-da-bo-bong-e1649494539368-768x768.jpg 768w, https:\/\/bangkeovietkhac.com\/wp-content\/uploads\/2022\/04\/bk-da-bo-bong-e1649494539368-1536x1536.jpg 1536w, https:\/\/bangkeovietkhac.com\/wp-content\/uploads\/2022\/04\/bk-da-bo-bong-e1649494539368-1320x1320.jpg 1320w, https:\/\/bangkeovietkhac.com\/wp-content\/uploads\/2022\/04\/bk-da-bo-bong-e1649494539368-600x600.jpg 600w, https:\/\/bangkeovietkhac.com\/wp-content\/uploads\/2022\/04\/bk-da-bo-bong-e1649494539368-100x100.jpg 100w\" sizes=\"auto, (max-width: 1599px) 100vw, 1599px\" \/>\t\t\t\t\t\t\t\t\t\t\t<\/div>\n\t\t\t<\/a>\t\t<\/div>\n\n\t\t<div class=\"box-text text-center\" >\n\t\t\t<div class=\"box-text-inner\">\n\t\t\t\t\n\n\t<div id=\"gap-2134466489\" class=\"gap-element clearfix\" style=\"display:block; height:auto;\">\n\t\t\n<style>\n#gap-2134466489 {\n  padding-top: 10px;\n}\n<\/style>\n\t<\/div>\n\t\n\n\t<div id=\"text-3760207400\" class=\"text\">\n\t\t\n\n<h3>B\u0103ng keo da b\u00f2 b\u00f3ng<br \/>\nKM300<\/h3>\n\n\t\t\n<style>\n#text-3760207400 {\n  font-size: 1.15rem;\n}\n<\/style>\n\t<\/div>\n\t\n<a href=\"https:\/\/bangkeovietkhac.com\/vi\/san-pham\/bang-keo-da-bo-bong\/\" target=\"_self\" class=\"button secondary is-outline lowercase\"  style=\"padding:5px 20px 5px 20px;\">\n    <span>CHI TI\u1ebeT<\/span>\n  <\/a>\n\n\n\n\t\t\t<\/div>\n\t\t<\/div>\n\t<\/div>\n\t\n\n\t\t<\/div>\n\t\t\t\t\t<\/div>\n\n\t\n\n\t<div id=\"col-1522365525\" class=\"col medium-4 small-12 large-4\"  >\n\t\t\t\t<div class=\"col-inner\"  >\n\t\t\t\n\t\t\t\n\n\t<div class=\"box has-hover   has-hover box-text-bottom\" >\n\n\t\t<div class=\"box-image\" >\n\t\t\t<a href=\"https:\/\/bangkeovietkhac.com\/vi\/san-pham\/bang-keo-da-bo-tham-nuoc\/\"  >\t\t\t<div class=\"image-zoom image-cover\" style=\"padding-top:100%;\">\n\t\t\t\t<img loading=\"lazy\" decoding=\"async\" width=\"1599\" height=\"1599\" src=\"https:\/\/bangkeovietkhac.com\/wp-content\/uploads\/2022\/04\/bk-da-bo-chi-e1649494674565.jpg\" class=\"attachment- size-\" alt=\"\" srcset=\"https:\/\/bangkeovietkhac.com\/wp-content\/uploads\/2022\/04\/bk-da-bo-chi-e1649494674565.jpg 1599w, https:\/\/bangkeovietkhac.com\/wp-content\/uploads\/2022\/04\/bk-da-bo-chi-e1649494674565-300x300.jpg 300w, https:\/\/bangkeovietkhac.com\/wp-content\/uploads\/2022\/04\/bk-da-bo-chi-e1649494674565-1024x1024.jpg 1024w, https:\/\/bangkeovietkhac.com\/wp-content\/uploads\/2022\/04\/bk-da-bo-chi-e1649494674565-150x150.jpg 150w, https:\/\/bangkeovietkhac.com\/wp-content\/uploads\/2022\/04\/bk-da-bo-chi-e1649494674565-768x768.jpg 768w, https:\/\/bangkeovietkhac.com\/wp-content\/uploads\/2022\/04\/bk-da-bo-chi-e1649494674565-1536x1536.jpg 1536w, https:\/\/bangkeovietkhac.com\/wp-content\/uploads\/2022\/04\/bk-da-bo-chi-e1649494674565-1320x1320.jpg 1320w, https:\/\/bangkeovietkhac.com\/wp-content\/uploads\/2022\/04\/bk-da-bo-chi-e1649494674565-600x600.jpg 600w, https:\/\/bangkeovietkhac.com\/wp-content\/uploads\/2022\/04\/bk-da-bo-chi-e1649494674565-100x100.jpg 100w\" sizes=\"auto, (max-width: 1599px) 100vw, 1599px\" \/>\t\t\t\t\t\t\t\t\t\t\t<\/div>\n\t\t\t<\/a>\t\t<\/div>\n\n\t\t<div class=\"box-text text-center\" >\n\t\t\t<div class=\"box-text-inner\">\n\t\t\t\t\n\n\t<div id=\"gap-1381245573\" class=\"gap-element clearfix\" style=\"display:block; height:auto;\">\n\t\t\n<style>\n#gap-1381245573 {\n  padding-top: 10px;\n}\n<\/style>\n\t<\/div>\n\t\n\n\t<div id=\"text-2773209517\" class=\"text\">\n\t\t\n\n<h3>B\u0102NG KEO DA B\u00d2 TH\u1ea4M N\u01af\u1edaC<br>\n<\/h3>\n\t\t\n<style>\n#text-2773209517 {\n  font-size: 1.15rem;\n}\n<\/style>\n\t<\/div>\n\t\n<a href=\"https:\/\/bangkeovietkhac.com\/vi\/san-pham\/bang-keo-da-bo-tham-nuoc\/\" target=\"_self\" class=\"button secondary is-outline lowercase\"  style=\"padding:5px 20px 5px 20px;\">\n    <span>CHI TI\u1ebeT<\/span>\n  <\/a>\n\n\n\n\t\t\t<\/div>\n\t\t<\/div>\n\t<\/div>\n\t\n\n\t\t<\/div>\n\t\t\t\t\t<\/div>\n\n\t\n\n<\/div>\n\n\t\t<\/div>\n\n\t\t\n<style>\n#section_536244887 {\n  padding-top: 30px;\n  padding-bottom: 30px;\n}\n@media (min-width:850px) {\n  #section_536244887 {\n    padding-top: 50px;\n    padding-bottom: 50px;\n  }\n}\n<\/style>\n\t<\/section>","protected":false},"excerpt":{"rendered":"","protected":false},"author":1,"featured_media":0,"parent":0,"menu_order":0,"comment_status":"closed","ping_status":"closed","template":"","meta":{"footnotes":""},"class_list":["post-288","page","type-page","status-publish","hentry"],"jetpack_sharing_enabled":true,"_links":{"self":[{"href":"https:\/\/bangkeovietkhac.com\/vi\/wp-json\/wp\/v2\/pages\/288","targetHints":{"allow":["GET"]}}],"collection":[{"href":"https:\/\/bangkeovietkhac.com\/vi\/wp-json\/wp\/v2\/pages"}],"about":[{"href":"https:\/\/bangkeovietkhac.com\/vi\/wp-json\/wp\/v2\/types\/page"}],"author":[{"embeddable":true,"href":"https:\/\/bangkeovietkhac.com\/vi\/wp-json\/wp\/v2\/users\/1"}],"replies":[{"embeddable":true,"href":"https:\/\/bangkeovietkhac.com\/vi\/wp-json\/wp\/v2\/comments?post=288"}],"version-history":[{"count":26,"href":"https:\/\/bangkeovietkhac.com\/vi\/wp-json\/wp\/v2\/pages\/288\/revisions"}],"predecessor-version":[{"id":759,"href":"https:\/\/bangkeovietkhac.com\/vi\/wp-json\/wp\/v2\/pages\/288\/revisions\/759"}],"wp:attachment":[{"href":"https:\/\/bangkeovietkhac.com\/vi\/wp-json\/wp\/v2\/media?parent=288"}],"curies":[{"name":"wp","href":"https:\/\/api.w.org\/{rel}","templated":true}]}}