{"id":200,"date":"2022-03-10T15:17:11","date_gmt":"2022-03-10T08:17:11","guid":{"rendered":"https:\/\/bangkeovietkhac.com\/?post_type=product&#038;p=200"},"modified":"2022-10-11T15:26:48","modified_gmt":"2022-10-11T08:26:48","slug":"bang-keo-trong","status":"publish","type":"product","link":"https:\/\/bangkeovietkhac.com\/vi\/san-pham\/bang-keo-trong\/","title":{"rendered":"B\u0102NG KEO TRONG"},"content":{"rendered":"<p style=\"text-align: center;\"><span style=\"font-size: 120%;\"><strong><span style=\"color: #0000ff;\">B\u0103ng keo OPP trong l\u00e0 g\u00ec?<\/span><\/strong><\/span><\/p>\n<p><span style=\"color: #0000ff;\"><strong>B\u0103ng keo trong\u00a0<\/strong><span style=\"color: #000000;\">t\u00ean nguy\u00ean li\u1ec7u ti\u1ebfng anh<\/span><\/span> (Oriented PolyPropylene) hay c\u00f2n g\u1ecdi l\u00e0 b\u0103ng d\u00ednh d\u00e1n th\u00f9ng. \u0110\u00e2y l\u00e0 lo\u1ea1i b\u0103ng d\u00ednh c\u00f3 m\u1ed9t l\u1edbp m\u00e0ng b\u00ean tr\u00ean kh\u00f4ng d\u00ednh, \u0111\u01b0\u1ee3c l\u00e0m t\u1eeb m\u00e0ng film OPP v\u00e0 m\u1eb7t c\u00f2n l\u1ea1i l\u00e0 ch\u1ea5t keo k\u1ebft d\u00ednh s\u1ea3n ph\u1ea9m. \nB\u0103ng d\u00ednh OPP trong l\u00e0 lo\u1ea1i b\u0103ng d\u00ednh \u0111\u01b0\u1ee3c s\u1eed d\u1ee5ng nhi\u1ec1u nh\u1ea5t trong \u0111\u1eddi s\u1ed1ng c\u0169ng nh\u01b0 c\u00f4ng nghi\u1ec7p hi\u1ec7n nay.\n\nHi\u1ec7n nay tr\u00ean th\u1ecb tr\u01b0\u1eddng c\u00f3 r\u1ea5t nhi\u1ec1u lo\u1ea1i b\u0103ng keo OPP. C\u00e1c lo\u1ea1i b\u0103ng keo ph\u1ed5 bi\u1ebfn nh\u01b0 b\u0103ng keo trong, b\u0103ng keo \u0111\u1ee5c, b\u0103ng keo m\u00e0u\u2026, c\u00f9ng nh\u1eefng \u0111\u1ed9 d\u00ednh, l\u1ef1c d\u00ednh kh\u00e1c nhau, trong \u0111\u00f3 ph\u1ed5 bi\u1ebfn nh\u1ea5t c\u00f3 th\u1ec3 nh\u1eafc t\u1edbi \u0111\u00f3 l\u00e0 b\u0103ng keo OPP trong 50MIC. V\u00ec v\u1eady, khi mua h\u00e0ng ng\u01b0\u1eddi d\u00f9ng c\u1ea7n l\u01b0u \u00fd n\u00ean ch\u1ecdn \u0111\u00fang lo\u1ea1i b\u0103ng keo ph\u00f9 h\u1ee3p v\u1edbi lo\u1ea1i h\u00e0ng c\u1ea7n d\u00e1n nh\u00e9.\n\n\u0110\u1eb7c \u0111i\u1ec3m c\u1ee7a b\u0103ng keo OPP trong l\u00e0 g\u00ec?\nB\u0103ng keo OPP trong c\u00f3 t\u00ednh \u0111\u00e0n h\u1ed3i v\u00e0 c\u00f3 \u0111\u1ed9 b\u00e1m d\u00ednh r\u1ea5t cao. T\u00ednh ch\u1ea5t \u0111\u1eb7c bi\u1ec7t c\u1ee7a lo\u1ea1i b\u0103ng keo n\u00e0y ch\u00ednh l\u00e0 c\u00f3 kh\u1ea3 n\u0103ng ch\u1ed1ng th\u1ea5m, ch\u1ed1ng b\u1ee5i b\u1ea9n r\u1ea5t t\u1ed1t. Gi\u00fap b\u1ea3o v\u1ec7, c\u1ed1 \u0111\u1ecbnh h\u00e0ng ho\u00e1 \u0111\u01b0\u1ee3c an to\u00e0n, tr\u00e1nh b\u1ecb r\u01a1i v\u1ee1 trong qu\u00e1 tr\u00ecnh v\u1eadn chuy\u1ec3n, l\u01b0u kho.\n\nB\u0103ng keo OPP trong \u0111\u01b0\u1ee3c s\u1eed d\u1ee5ng ph\u1ea7n l\u1edbn trong nhu c\u1ea7u \u0111\u00f3ng g\u00f3i th\u00e0nh ph\u1ea9m, b\u1ea3o v\u1ec7 s\u1ea3n ph\u1ea9m. Ngo\u00e0i ra c\u00f2n c\u00f3 r\u1ea5t nhi\u1ec1u c\u00f4ng d\u1ee5ng trong c\u00e1c ng\u00e0nh nh\u01b0 \u0111i\u1ec7n t\u1eed, c\u00f4ng nghi\u1ec7p,\u2026\n\nL\u00fd do \u0111\u1ec3 ng\u01b0\u1eddi d\u00f9ng t\u00ecm \u0111\u1ebfn \u0111\u1ecba ch\u1ec9 mua h\u00e0ng c\u1ee7a Vi\u1ec7t Kh\u1eafc\nVi\u1ec7t Kh\u1eafc s\u1edf h\u1eefu nh\u00e3n hi\u1ec7u b\u0103ng keo EIKO tape, t\u1ef1 h\u00e0o l\u00e0 c\u01a1 s\u1edf cung c\u1ea5p nh\u1eefng s\u1ea3n ph\u1ea9m \u201cB\u0103ng keo trong\u201d ch\u1ea5t l\u01b0\u1ee3ng t\u1ed1t, gi\u00e1 c\u1ea3 h\u1ee3p l\u00ed.\n\nNgo\u00e0i ra, Vi\u1ec7t Kh\u1eafc chuy\u00ean s\u1ea3n xu\u1ea5t v\u00e0 gia c\u00f4ng c\u00e1c lo\u1ea1i b\u0103ng keo, m\u00e0ng PE, d\u00e2y \u0111ai,\u2026 v\u00e0 c\u00e1c v\u1eadt t\u01b0 \u0111\u00f3ng g\u00f3i kh\u00e1c.\n\u0110\u1ec3 t\u1ea1o l\u00f2ng tin v\u1edbi kh\u00e1ch h\u00e0ng, c\u00f4ng ty ch\u00fang t\u00f4i \u0111\u01b0a ra c\u00e1c ch\u00ednh s\u00e1ch \u0111\u1ed5i tr\u1ea3 c\u1ee5 th\u1ec3. B\u00ean c\u1ea1nh \u0111\u00f3, Vi\u1ec7t Kh\u1eafc h\u1ed7 tr\u1ee3 mi\u1ec5n ph\u00ed v\u1eadn chuy\u1ec3n nh\u1eefng \u0111\u01a1n h\u00e0ng \u0111\u00e1p \u1ee9ng \u0111\u1ee7 s\u1ed1 l\u01b0\u1ee3ng theo ch\u00ednh s\u00e1ch giao h\u00e0ng c\u1ee7a c\u00f4ng ty ch\u00fang t\u00f4i. \nN\u1ebfu qu\u00fd kh\u00e1ch c\u00f3 nhu c\u1ea7u v\u1ec1 c\u00e1c s\u1ea3n ph\u1ea9m\/ d\u1ecbch v\u1ee5 c\u1ee7a c\u00f4ng ty ch\u00fang t\u00f4i v\u1edbi s\u1ed1 l\u01b0\u1ee3ng s\u1ec9\/ l\u1ebb, h\u00e3y li\u00ean h\u1ec7 ngay v\u1edbi ch\u00fang t\u00f4i \u0111\u1ec3 \u0111\u01b0\u1ee3c t\u01b0 v\u1ea5n k\u0129 v\u1ec1 s\u1ea3n ph\u1ea9m ph\u00f9 h\u1ee3p v\u1edbi m\u1ee5c \u0111\u00edch s\u1eed d\u1ee5ng v\u00e0 nh\u1eadn b\u00e1o gi\u00e1.<\/p>\n<p style=\"text-align: center;\"><span style=\"color: #ff0000;\"><strong>M\u00e1ch nh\u1ecf v\u1edbi b\u1ea1n<\/strong><\/span><\/p>\n<ol>\n<li>Vi\u1ec7c b\u1ea3o qu\u1ea3n b\u0103ng keo l\u00e0 tr\u00e1nh \u00e1nh n\u1eafng tr\u1ef1c ti\u1ebfp v\u00e0 b\u1ea3o qu\u1ea3n \u1edf nhi\u1ec7t \u0111\u1ed9 th\u01b0\u1eddng.<\/li>\n<li>Khi s\u1eed d\u1ee5ng b\u0103ng keo, c\u1ea7n l\u00e0m s\u1ea1ch b\u1ec1 m\u1eb7t c\u1ee7a ch\u1ea5t k\u1ebft d\u00ednh \u0111\u1ec3 tr\u00e1nh b\u1ee5i m\u1ecbn \u1ea3nh h\u01b0\u1edfng \u0111\u1ebfn \u0111\u1ed9 k\u1ebft d\u00ednh c\u1ee7a keo.<\/li>\n<li>Sau khi d\u00e1n b\u0103ng keo n\u00ean d\u00f9ng l\u1ef1c \u00e9p \u0111\u1ec3 keo d\u00ednh v\u00e0 ph\u00e1t huy t\u1ed1t.<\/li>\n<li>N\u1ebfu c\u00f3 qu\u00e1 tr\u00ecnh x\u1eed l\u00fd \u0111\u1eb7c bi\u1ec7t (V\u00ed d\u1ee5: l\u1edbp ph\u1ee7) tr\u00ean h\u00e0ng h\u00f3a \u0111\u01b0\u1ee3c d\u00e1n, th\u00ec ph\u1ea3i s\u1eed d\u1ee5ng c\u00e1c lo\u1ea1i b\u0103ng keo \u0111\u1eb7c bi\u1ec7t kh\u00e1c c\u00f3 t\u00ednh \u0111\u1eb7c tr\u01b0ng ph\u00f9 h\u1ee3p v\u1edbi s\u1ea3n ph\u1ea9m,...<\/li>\n<li>Tr\u00e1nh ti\u1ebfp x\u00fac v\u1edbi c\u00e1c c\u1ea1nh s\u1eafc \u1edf c\u00e1c m\u1eb7t c\u1ee7a b\u0103ng keo \u0111\u1ec3 tr\u00e1nh b\u0103ng keo b\u1ecb \u0111\u1ee9t khi s\u1eed d\u1ee5ng.<\/li>\n<\/ol>","protected":false},"excerpt":{"rendered":"<p><strong><span style=\"color: #0000ff;\">Ch\u1ea5t li\u1ec7u<\/span><\/strong>: BOPP<\/p>\n<p><strong><span style=\"color: #0000ff;\">M\u00e0u s\u1eafc<\/span><\/strong>: trong, m\u00e0u (xanh l\u00e1, xanh d\u01b0\u01a1ng, \u0111\u1ecf, v\u00e0ng,tr\u1eafng, \u0111en, \u0111\u1ee5c,..)<\/p>\n<p><strong><span style=\"color: #0000ff;\">Quy c\u00e1ch<\/span><\/strong>: Theo nhu c\u1ea7u kh\u00e1ch h\u00e0ng<\/p>\n<p><em>*<span style=\"color: #00aae7;\">Chi\u1ec1u r\u1ed9ng<\/span><\/em>\uff1a10mm~1280mm<\/p>\n<p><em>*<span style=\"color: #00aae7;\">Chi\u1ec1u d\u00e0i<\/span><\/em>\uff1a45M &amp; 90M<\/p>\n<p><em>*<span style=\"color: #00aae7;\">Chi\u1ec1u d\u00e0y<\/span><\/em>\uff1a 38-40-43-45-50 \uff08mic)<\/p>\n<p><strong><span style=\"color: #0000ff;\">\u0110\u1eb7c t\u00ednh<\/span><\/strong>: Keo n\u01b0\u1edbc<\/p>\n<p><strong><span style=\"color: #0000ff;\">C\u00f4ng d\u1ee5ng<\/span><\/strong>: \u0110\u00f3ng g\u00f3i, d\u00e1n mi\u1ec7ng th\u00f9ng,b\u0103ng keo m\u00e0u \u0111\u1ec3 ph\u00e2n bi\u1ec7t lo\u1ea1i h\u00e0ng\u2026<\/p>","protected":false},"featured_media":368,"comment_status":"open","ping_status":"closed","template":"","meta":[],"product_brand":[],"product_cat":[21,93],"product_tag":[22],"class_list":{"0":"post-200","1":"product","2":"type-product","3":"status-publish","4":"has-post-thumbnail","6":"product_cat-bang-keo","7":"product_cat-93","8":"product_tag-bang-keo-trong","10":"first","11":"instock","12":"shipping-taxable","13":"product-type-simple"},"jetpack_sharing_enabled":true,"_links":{"self":[{"href":"https:\/\/bangkeovietkhac.com\/vi\/wp-json\/wp\/v2\/product\/200","targetHints":{"allow":["GET"]}}],"collection":[{"href":"https:\/\/bangkeovietkhac.com\/vi\/wp-json\/wp\/v2\/product"}],"about":[{"href":"https:\/\/bangkeovietkhac.com\/vi\/wp-json\/wp\/v2\/types\/product"}],"replies":[{"embeddable":true,"href":"https:\/\/bangkeovietkhac.com\/vi\/wp-json\/wp\/v2\/comments?post=200"}],"wp:featuredmedia":[{"embeddable":true,"href":"https:\/\/bangkeovietkhac.com\/vi\/wp-json\/wp\/v2\/media\/368"}],"wp:attachment":[{"href":"https:\/\/bangkeovietkhac.com\/vi\/wp-json\/wp\/v2\/media?parent=200"}],"wp:term":[{"taxonomy":"product_brand","embeddable":true,"href":"https:\/\/bangkeovietkhac.com\/vi\/wp-json\/wp\/v2\/product_brand?post=200"},{"taxonomy":"product_cat","embeddable":true,"href":"https:\/\/bangkeovietkhac.com\/vi\/wp-json\/wp\/v2\/product_cat?post=200"},{"taxonomy":"product_tag","embeddable":true,"href":"https:\/\/bangkeovietkhac.com\/vi\/wp-json\/wp\/v2\/product_tag?post=200"}],"curies":[{"name":"wp","href":"https:\/\/api.w.org\/{rel}","templated":true}]}}