{"id":219,"date":"2022-03-24T10:27:38","date_gmt":"2022-03-24T03:27:38","guid":{"rendered":"https:\/\/bangkeovietkhac.com\/?post_type=product&#038;p=219"},"modified":"2022-10-11T15:27:31","modified_gmt":"2022-10-11T08:27:31","slug":"bang-keo-in","status":"publish","type":"product","link":"https:\/\/bangkeovietkhac.com\/vi\/san-pham\/bang-keo-in\/","title":{"rendered":"B\u0102NG KEO IN"},"content":{"rendered":"<p style=\"text-align: center;\"><span style=\"color: #3366ff;\"><strong>GI\u1edaI THI\u1ec6U V\u1ec0 SP B\u0102NG KEO IN<\/strong><\/span><\/p>\n<ul>\n<li>So v\u1edbi nh\u1eefng lo\u1ea1i b\u0103ng keo th\u01b0\u1eddng th\u1ea5y tr\u00ean th\u1ecb tr\u01b0\u1eddng th\u00ec b\u0103ng keo in ch\u1eef, in logo l\u1ea1i c\u00f3 gi\u00e1 th\u00e0nh ch\u00eanh l\u1ec7ch h\u01a1n nh\u01b0ng n\u00f3 c\u00f3 th\u1ec3 \u0111\u00e1p \u1ee9ng \u0111\u01b0\u1ee3c nhu c\u1ea7u v\u1eeba \u0111\u00f3ng g\u00f3i v\u1eeba qu\u1ea3ng b\u00e1 th\u01b0\u01a1ng hi\u1ec7u nhanh v\u00e0 hi\u1ec7u qu\u1ea3 nh\u1ea5t th\u1ecb tr\u01b0\u1eddng b\u0103ng keo hi\u1ec7n nay.<\/li>\n<li>Thi\u1ebft k\u1ebf c\u1ee7a b\u0103ng keo in ch\u1eef v\u1edbi m\u00e0u s\u1eafc \u0111a d\u1ea1ng, t\u00ean c\u00f4ng ty s\u1ebd \u0111\u01b0\u1ee3c in h\u00ecnh n\u00ean trong OPP, m\u00e0u tr\u1eafng s\u1eefa c\u00f9ng nh\u1eefng quy c\u00e1ch ph\u1ed5 bi\u1ebfn \u0111\u01b0\u1ee3c nhi\u1ec1u ng\u01b0\u1eddi d\u00f9ng tin t\u01b0\u1edfng v\u00e0 mua d\u00f9ng, h\u00e3y c\u00f9ng nhau tham kh\u1ea3o nhi\u1ec1u th\u00f4ng tin h\u01a1n v\u1ec1 lo\u1ea1i b\u0103ng keo in n\u00e0y t\u1ea1i Vi\u1ec7t Kh\u1eafc nh\u00e9.<\/li>\n<li>B\u0103ng keo in ch\u1eef l\u00e0 lo\u1ea1i b\u0103ng keo c\u00f3 th\u00e0nh ph\u1ea7n h\u00f3a h\u1ecdc kh\u00e1 gi\u1ed1ng v\u1edbi b\u0103ng keo OPP trong. N\u00f3 bao g\u1ed3m m\u1ed9t l\u1edbp m\u00e0ng OPP trong (hay c\u00f2n g\u1ecdi l\u00e0 m\u00e0ng film) k\u00e8m theo \u0111\u00f3 l\u00e0 l\u1edbp layer in ch\u1eef (logo), ti\u1ebfp sau \u0111\u00f3 s\u1ebd l\u00e0 c\u00f4ng \u0111o\u1ea1n tr\u00e1ng keo cho \u0111\u1ebfn khi ho\u00e0n th\u00e0nh n\u00ean m\u1ed9t s\u1ea3n ph\u1ea9m b\u0103ng keo in v\u1edbi n\u1ed9i dung t\u00f9y thoe nhu c\u1ea7u, \u00fd t\u01b0\u1edfng \u0111\u1ed9c \u0111\u00e1o c\u1ee7a kh\u00e1ch v\u1edbi c\u1ed9ng d\u1ee5ng tuy\u1ec7t v\u1eddi .<\/li>\n<li>B\u0103ng keo in (logo) mang t\u00ednh marketing v\u00e0 qu\u1ea3ng b\u00e1 cao \u1ee9ng d\u1ee5ng nhi\u1ec1u trong doanh nghi\u1ec7p b\u1edfi m\u1ed9t s\u1ed1 \u01b0u \u0111i\u1ec3m n\u1ed5i b\u1eadc: nh\u01b0 in t\u00ean c\u00f4ng ty, t\u00ean s\u1ea3n ph\u1ea9m, ghi ch\u00fa \u0111\u00f3ng g\u00f3i, ni\u00eam phong ki\u1ec7n h\u00e0ng, n\u1ed9i d\u1ee5ng c\u1ea3nh b\u00e1o,\u2026.v\u00e0 nhi\u1ec1u \u1ee9ng d\u1ee5ng kh\u00e1c trong ng\u00e0nh \u0111\u00f3ng g\u00f3i h\u00e0ng h\u00f3a.<\/li>\n<li>Khi s\u1eed d\u1ee5ng lo\u1ea1i b\u0103ng keo in n\u00e0y kh\u00f4ng ch\u1ec9 t\u1ea1o \u0111\u01b0\u1ee3c \u0111\u1ed9 th\u1ea9m m\u1ef9 cho th\u00f9ng h\u00e0ng khi \u0111\u01b0\u1ee3c \u0111\u00f3ng g\u00f3i ch\u1ec9nh chu m\u00e0 c\u00f2n t\u1ea1o \u0111\u01b0\u1ee3c uy t\u00edn, kh\u1eb3ng \u0111\u1ecbnh th\u01b0\u01a1ng hi\u1ec7u ri\u00eang c\u1ee7a c\u00f4ng ty.\nNgo\u00e0i ra, b\u0103ng keo in c\u00f2n gi\u00fap ng\u01b0\u1eddi d\u00f9ng khi d\u00e1n ho\u1eb7c ni\u00eam phong th\u00f9ng h\u00e0ng s\u1ebd tr\u00e1nh b\u1ecb x\u1ea3y ra t\u00ecnh tr\u1ea1ng b\u00f3c g\u1ee1 tr\u01b0\u1edbc khi h\u00e0ng \u0111\u01b0\u1ee3c giao \u0111\u1ebfn tay kh\u00e1ch h\u00e0ng c\u0169ng nh\u01b0 gi\u00fap ng\u01b0\u1eddi d\u00f9ng nh\u1eadn bi\u1ebft, ph\u00e1t hi\u1ec7n th\u00f9ng h\u00e0ng c\u00f3 d\u1ea5u hi\u1ec7u b\u1ecb b\u00f3c g\u1ee1 tr\u01b0\u1edbc \u0111\u00f3.<\/li>\n<\/ul>\n<p style=\"text-align: center;\"><span style=\"color: #ff0000;\"><strong>S\u1eec D\u1ee4NG B\u0102NG KEO B\u1ea0N C\u1ea6N CH\u00da \u00dd ? ? ?<\/strong><\/span><\/p>\n<ol>\n<li>Vi\u1ec7c b\u1ea3o qu\u1ea3n b\u0103ng keo l\u00e0 tr\u00e1nh \u00e1nh n\u1eafng tr\u1ef1c ti\u1ebfp v\u00e0 b\u1ea3o qu\u1ea3n \u1edf nhi\u1ec7t \u0111\u1ed9 th\u01b0\u1eddng.<\/li>\n<li>Khi s\u1eed d\u1ee5ng b\u0103ng keo, c\u1ea7n l\u00e0m s\u1ea1ch b\u1ec1 m\u1eb7t c\u1ee7a ch\u1ea5t k\u1ebft d\u00ednh \u0111\u1ec3 tr\u00e1nh b\u1ee5i m\u1ecbn \u1ea3nh h\u01b0\u1edfng \u0111\u1ebfn \u0111\u1ed9 k\u1ebft d\u00ednh c\u1ee7a keo.<\/li>\n<li>Sau khi d\u00e1n b\u0103ng keo n\u00ean d\u00f9ng l\u1ef1c \u00e9p \u0111\u1ec3 keo d\u00ednh v\u00e0 ph\u00e1t huy t\u1ed1t.<\/li>\n<li>N\u1ebfu c\u00f3 qu\u00e1 tr\u00ecnh x\u1eed l\u00fd \u0111\u1eb7c bi\u1ec7t (V\u00ed d\u1ee5: l\u1edbp ph\u1ee7) tr\u00ean h\u00e0ng h\u00f3a \u0111\u01b0\u1ee3c d\u00e1n, th\u00ec ph\u1ea3i s\u1eed d\u1ee5ng c\u00e1c lo\u1ea1i b\u0103ng keo \u0111\u1eb7c bi\u1ec7t kh\u00e1c c\u00f3 t\u00ednh \u0111\u1eb7c tr\u01b0ng ph\u00f9 h\u1ee3p v\u1edbi s\u1ea3n ph\u1ea9m,...<\/li>\n<li>Tr\u00e1nh ti\u1ebfp x\u00fac v\u1edbi c\u00e1c c\u1ea1nh s\u1eafc \u1edf c\u00e1c m\u1eb7t c\u1ee7a b\u0103ng keo \u0111\u1ec3 tr\u00e1nh b\u0103ng keo b\u1ecb \u0111\u1ee9t khi s\u1eed d\u1ee5ng.<\/li>\n<\/ol>\n<p>&nbsp;<\/p>\n<p>&nbsp;<\/p>","protected":false},"excerpt":{"rendered":"<p><span style=\"color: #0000ff;\">Ch\u1ea5t li\u1ec7u<\/span>: BOPP<\/p>\n<p><span style=\"color: #0000ff;\">M\u00e0u s\u1eafc<\/span>: In \u1ea5n v\u00e0 m\u00e0u s\u1eafc t\u00f9y v\u00e0o nhu c\u1ea7u kh\u00e1ch h\u00e0ng<\/p>\n<p><span style=\"color: #0000ff;\">Quy c\u00e1ch<\/span>: Theo nhu c\u1ea7u kh\u00e1ch h\u00e0ng<\/p>\n<p>*<span style=\"color: #00aae7;\">Chi\u1ec1u r\u1ed9ng<\/span> : 48 &amp; 60 &amp; 70 &amp; 72 (mm)<\/p>\n<p>*<span style=\"color: #00aae7;\">Chi\u1ec1u d\u00e0i<\/span> : 45M &amp; 90M<\/p>\n<p><span style=\"color: #0000ff;\">C\u00f4ng d\u1ee5ng<\/span>: d\u00e1n th\u00f9ng carton, qu\u1ea3ng b\u00e1 th\u01b0\u01a1ng hi\u1ec7u,\u2026<\/p>","protected":false},"featured_media":362,"comment_status":"open","ping_status":"closed","template":"","meta":[],"product_brand":[],"product_cat":[21,93],"product_tag":[24],"class_list":{"0":"post-219","1":"product","2":"type-product","3":"status-publish","4":"has-post-thumbnail","6":"product_cat-bang-keo","7":"product_cat-93","8":"product_tag-bang-keo-in","10":"first","11":"instock","12":"shipping-taxable","13":"product-type-simple"},"jetpack_sharing_enabled":true,"_links":{"self":[{"href":"https:\/\/bangkeovietkhac.com\/vi\/wp-json\/wp\/v2\/product\/219","targetHints":{"allow":["GET"]}}],"collection":[{"href":"https:\/\/bangkeovietkhac.com\/vi\/wp-json\/wp\/v2\/product"}],"about":[{"href":"https:\/\/bangkeovietkhac.com\/vi\/wp-json\/wp\/v2\/types\/product"}],"replies":[{"embeddable":true,"href":"https:\/\/bangkeovietkhac.com\/vi\/wp-json\/wp\/v2\/comments?post=219"}],"wp:featuredmedia":[{"embeddable":true,"href":"https:\/\/bangkeovietkhac.com\/vi\/wp-json\/wp\/v2\/media\/362"}],"wp:attachment":[{"href":"https:\/\/bangkeovietkhac.com\/vi\/wp-json\/wp\/v2\/media?parent=219"}],"wp:term":[{"taxonomy":"product_brand","embeddable":true,"href":"https:\/\/bangkeovietkhac.com\/vi\/wp-json\/wp\/v2\/product_brand?post=219"},{"taxonomy":"product_cat","embeddable":true,"href":"https:\/\/bangkeovietkhac.com\/vi\/wp-json\/wp\/v2\/product_cat?post=219"},{"taxonomy":"product_tag","embeddable":true,"href":"https:\/\/bangkeovietkhac.com\/vi\/wp-json\/wp\/v2\/product_tag?post=219"}],"curies":[{"name":"wp","href":"https:\/\/api.w.org\/{rel}","templated":true}]}}