{"id":221,"date":"2022-03-24T10:53:08","date_gmt":"2022-03-24T03:53:08","guid":{"rendered":"https:\/\/bangkeovietkhac.com\/?post_type=product&#038;p=221"},"modified":"2023-06-27T16:08:20","modified_gmt":"2023-06-27T09:08:20","slug":"bang-keo-giay-nhan","status":"publish","type":"product","link":"https:\/\/bangkeovietkhac.com\/vi\/san-pham\/bang-keo-giay-nhan\/","title":{"rendered":"B\u0102NG KEO GI\u1ea4Y"},"content":{"rendered":"<p style=\"text-align: center;\"><span style=\"font-size: 120%; color: #0000ff;\"><em><strong>B\u0103ng keo gi\u1ea5y nh\u0103n l\u00e0 g\u00ec?<\/strong><\/em><\/span><\/p>\n<p><em><strong>B\u0103ng keo gi\u1ea5y nh\u0103n hay c\u00f2n \u0111\u01b0\u1ee3c g\u1ecdi l\u00e0 Masking tape. \u0110\u00e2y l\u00e0 lo\u1ea1i b\u0103ng keo \u0111\u01b0\u1ee3c c\u1ea5u t\u1ea1o b\u1edfi l\u1edbp m\u00e0ng m\u1ecfng \u0111\u01b0\u1ee3c l\u00e0m b\u1eb1ng gi\u1ea5y nh\u0103n, sau \u0111\u00f3 \u0111\u01b0\u1ee3c ph\u1ee7 th\u00eam l\u1edbp keo \u0111\u1eb7c bi\u1ec7t nh\u01b0 ( keo cao su,\u2026), \u0111\u1ec3 t\u1ea1o n\u00ean m\u1ed9t lo\u1ea1i b\u0103ng keo v\u1edbi \u0111\u1ed9 d\u00ednh v\u1eeba ph\u1ea3i. H\u01a1n th\u1ebf n\u1eefa, b\u1ec1 m\u1eb7t lo\u1ea1i b\u0103ng keo n\u00e0y c\u00f2n c\u00f3 th\u1ec3 d\u00f9ng b\u00fat vi\u1ebft l\u00ean v\u00e0 sau khi x\u00e9 l\u1edbp b\u0103ng keo ra kh\u1ecfi b\u1ec1 m\u1eb7t d\u00e1n \u0111\u1ea5y s\u1ebd kh\u00f4ng \u0111\u1ec3 l\u1ea1i v\u1ebft keo, v\u1ebft \u1ed1.<\/strong><\/em><\/p>\n<p><img loading=\"lazy\" decoding=\"async\" class=\"aligncenter wp-image-539\" src=\"https:\/\/bangkeovietkhac.com\/wp-content\/uploads\/2022\/03\/9b0a5f90421d8343da0c-768x1024.jpg\" alt=\"\" width=\"450\" height=\"600\" srcset=\"https:\/\/bangkeovietkhac.com\/wp-content\/uploads\/2022\/03\/9b0a5f90421d8343da0c-768x1024.jpg 768w, https:\/\/bangkeovietkhac.com\/wp-content\/uploads\/2022\/03\/9b0a5f90421d8343da0c-225x300.jpg 225w, https:\/\/bangkeovietkhac.com\/wp-content\/uploads\/2022\/03\/9b0a5f90421d8343da0c-1152x1536.jpg 1152w, https:\/\/bangkeovietkhac.com\/wp-content\/uploads\/2022\/03\/9b0a5f90421d8343da0c-1536x2048.jpg 1536w, https:\/\/bangkeovietkhac.com\/wp-content\/uploads\/2022\/03\/9b0a5f90421d8343da0c-9x12.jpg 9w, https:\/\/bangkeovietkhac.com\/wp-content\/uploads\/2022\/03\/9b0a5f90421d8343da0c-1320x1760.jpg 1320w, https:\/\/bangkeovietkhac.com\/wp-content\/uploads\/2022\/03\/9b0a5f90421d8343da0c-600x800.jpg 600w, https:\/\/bangkeovietkhac.com\/wp-content\/uploads\/2022\/03\/9b0a5f90421d8343da0c.jpg 1920w\" sizes=\"auto, (max-width: 450px) 100vw, 450px\" \/><\/p>\n<p><em><strong>\u01afu \u0111i\u1ec3m c\u1ee7a b\u0103ng keo gi\u1ea5y nh\u0103n l\u00e0 g\u00ec ?<\/strong><\/em><\/p>\n<p><em>D\u00f9ng ghi ch\u00fa trong c\u00f4ng vi\u1ec7c v\u0103n ph\u00f2ng: s\u1eed d\u1ee5ng b\u0103ng keo gi\u1ea5y \u0111\u1ec3 ghi ch\u00fa nh\u1eefng vi\u1ec7c quan tr\u1ecdng trong l\u0129nh v\u1ef1c v\u0103n ph\u00f2ng, ch\u1eb3ng h\u1ea1n nh\u01b0 ph\u00e2n lo\u1ea1i h\u1ed3 s\u01a1 gi\u1ea5y t\u1edd, \u0111\u00e1nh d\u1ea5u nh\u1eefng \u0111\u1ea7u s\u00e1ch quan tr\u1ecdng, l\u01b0u tr\u1eef v\u0103n ph\u00f2ng ph\u1ea9m,\u2026<\/em><\/p>\n<p><em>D\u00f9ng \u0111\u00e1nh d\u1ea5u tr\u00ean s\u1ea3n ph\u1ea9m may m\u1eb7c: C\u00e1c s\u1ea3n ph\u1ea9m may m\u1eb7c trong qu\u00e1 tr\u00ecnh ki\u1ec3m tra, n\u1ebfu b\u1ecb l\u1ed7i \u1edf \u0111\u00e2u th\u00ec s\u1ebd \u0111\u01b0\u1ee3c \u0111\u00e1nh d\u1ea5u \u1edf \u0111\u00f3 b\u1eb1ng b\u0103ng keo gi\u1ea5y \u0111\u1ec3 c\u00f4ng nh\u00e2n hay nh\u1eefng ng\u01b0\u1eddi th\u1ee3 may c\u00f3 th\u1ec3 d\u1ec5 d\u00e0ng nh\u00ecn th\u1ea5y v\u00e0 s\u1eeda ch\u1eefa.<\/em><\/p>\n<p><img loading=\"lazy\" decoding=\"async\" class=\"aligncenter wp-image-540\" src=\"https:\/\/bangkeovietkhac.com\/wp-content\/uploads\/2022\/03\/z3413635313911_2d78b7a69e51e6647e38e16db3ca20ee-225x300.jpg\" alt=\"\" width=\"300\" height=\"400\" srcset=\"https:\/\/bangkeovietkhac.com\/wp-content\/uploads\/2022\/03\/z3413635313911_2d78b7a69e51e6647e38e16db3ca20ee-225x300.jpg 225w, https:\/\/bangkeovietkhac.com\/wp-content\/uploads\/2022\/03\/z3413635313911_2d78b7a69e51e6647e38e16db3ca20ee-768x1024.jpg 768w, https:\/\/bangkeovietkhac.com\/wp-content\/uploads\/2022\/03\/z3413635313911_2d78b7a69e51e6647e38e16db3ca20ee-1152x1536.jpg 1152w, https:\/\/bangkeovietkhac.com\/wp-content\/uploads\/2022\/03\/z3413635313911_2d78b7a69e51e6647e38e16db3ca20ee-1536x2048.jpg 1536w, https:\/\/bangkeovietkhac.com\/wp-content\/uploads\/2022\/03\/z3413635313911_2d78b7a69e51e6647e38e16db3ca20ee-9x12.jpg 9w, https:\/\/bangkeovietkhac.com\/wp-content\/uploads\/2022\/03\/z3413635313911_2d78b7a69e51e6647e38e16db3ca20ee-1320x1760.jpg 1320w, https:\/\/bangkeovietkhac.com\/wp-content\/uploads\/2022\/03\/z3413635313911_2d78b7a69e51e6647e38e16db3ca20ee-600x800.jpg 600w, https:\/\/bangkeovietkhac.com\/wp-content\/uploads\/2022\/03\/z3413635313911_2d78b7a69e51e6647e38e16db3ca20ee.jpg 1920w\" sizes=\"auto, (max-width: 300px) 100vw, 300px\" \/><\/p>\n<p><em>D\u00f9ng trong l\u0129nh v\u1ef1c s\u01a1n, g\u1ed7, x\u00e2y d\u1ef1ng: nh\u1edd v\u00e0o \u0111\u1eb7c t\u00ednh \u01b0u vi\u1ec7t c\u1ee7a b\u0103ng keo gi\u1ea5y l\u00e0 \u0111\u1ed9 d\u00ednh v\u1eeba ph\u1ea3i, kh\u00f4ng \u0111\u1ec3 l\u1ea1i v\u1ebft keo khi b\u00f3c. Ng\u01b0\u1eddi ta s\u1ebd s\u1eed d\u1ee5ng b\u0103ng keo gi\u1ea5y \u0111\u1ec3 t\u1ea1o th\u00e0nh \u0111\u01b0\u1eddng th\u1eb3ng tr\u00ean t\u01b0\u1eddng khi s\u01a1n \u0111\u01b0\u1eddng ch\u1ec9 hay t\u1ea1i nh\u1eefng v\u1ecb tr\u00ed y\u00eau c\u1ea7u 2 m\u00e0u s\u01a1n kh\u00e1c, ti\u1ebfp gi\u00e1p nhau.<\/em><\/p>\n<p><em>D\u00f9ng ghi ch\u00fa trong ng\u00e0nh d\u01b0\u1ee3c: ng\u01b0\u1eddi b\u00e1n s\u1eed d\u1ee5ng b\u0103ng keo gi\u1ea5y \u0111\u1ec3 ghi ch\u00fa c\u00e1ch s\u1eed d\u1ee5ng thu\u1ed1c l\u00ean l\u1ecd thu\u1ed1c hay v\u1ec9 thu\u1ed1c m\u1ed9t c\u00e1ch ti\u1ec7n l\u1ee3i v\u00e0 nhanh ch\u00f3ng \u0111\u1ec3 ng\u01b0\u1eddi d\u00f9ng c\u00f3 th\u1ec3 nh\u00ecn v\u00e0o \u0111\u00f3 v\u00e0 s\u1eed d\u1ee5ng cho \u0111\u00fang.<\/em><\/p>\n<p style=\"text-align: center;\"><span style=\"color: #ff0000;\"><strong>M\u00e1ch nh\u1ecf v\u1edbi b\u1ea1n<\/strong><\/span><\/p>\n<ol>\n<li>Vi\u1ec7c b\u1ea3o qu\u1ea3n b\u0103ng keo l\u00e0 tr\u00e1nh \u00e1nh n\u1eafng tr\u1ef1c ti\u1ebfp v\u00e0 b\u1ea3o qu\u1ea3n \u1edf nhi\u1ec7t \u0111\u1ed9 th\u01b0\u1eddng.<\/li>\n<li>Khi s\u1eed d\u1ee5ng b\u0103ng keo, c\u1ea7n l\u00e0m s\u1ea1ch b\u1ec1 m\u1eb7t c\u1ee7a ch\u1ea5t k\u1ebft d\u00ednh \u0111\u1ec3 tr\u00e1nh b\u1ee5i m\u1ecbn \u1ea3nh h\u01b0\u1edfng \u0111\u1ebfn \u0111\u1ed9 k\u1ebft d\u00ednh c\u1ee7a keo.<\/li>\n<li>Sau khi d\u00e1n b\u0103ng keo n\u00ean d\u00f9ng l\u1ef1c \u00e9p \u0111\u1ec3 keo d\u00ednh v\u00e0 ph\u00e1t huy t\u1ed1t.<\/li>\n<li>N\u1ebfu c\u00f3 qu\u00e1 tr\u00ecnh x\u1eed l\u00fd \u0111\u1eb7c bi\u1ec7t (V\u00ed d\u1ee5: l\u1edbp ph\u1ee7) tr\u00ean h\u00e0ng h\u00f3a \u0111\u01b0\u1ee3c d\u00e1n, th\u00ec ph\u1ea3i s\u1eed d\u1ee5ng c\u00e1c lo\u1ea1i b\u0103ng keo \u0111\u1eb7c bi\u1ec7t kh\u00e1c c\u00f3 t\u00ednh \u0111\u1eb7c tr\u01b0ng ph\u00f9 h\u1ee3p v\u1edbi s\u1ea3n ph\u1ea9m,...<\/li>\n<li>Tr\u00e1nh ti\u1ebfp x\u00fac v\u1edbi c\u00e1c c\u1ea1nh s\u1eafc \u1edf c\u00e1c m\u1eb7t c\u1ee7a b\u0103ng keo \u0111\u1ec3 tr\u00e1nh b\u0103ng keo b\u1ecb \u0111\u1ee9t khi s\u1eed d\u1ee5ng.<\/li>\n<\/ol>","protected":false},"excerpt":{"rendered":"<p><strong><span style=\"color: #0000ff;\">Ch\u1ea5t li\u1ec7u<\/span><\/strong>: gi\u1ea5y crepe, keo cao su<\/p>\n<p><strong><span style=\"color: #0000ff;\">M\u00e0u s\u1eafc<\/span><\/strong>: tr\u1eafng, v\u00e0ng kem<\/p>\n<p><strong><span style=\"color: #0000ff;\">Quy c\u00e1ch<\/span><\/strong>: theo y\u00eau c\u1ea7u kh\u00e1ch h\u00e0ng<\/p>\n<p>*<span style=\"color: #00aae7;\"><em>Chi\u1ec1u r\u1ed9ng<\/em><\/span>: 3mm~1550mm<\/p>\n<p>*<span style=\"color: #00aae7;\"><em>Chi\u1ec1u d\u00e0i<\/em><\/span>\uff1a 23M &amp; 45M<\/p>\n<p><strong><span style=\"color: #0000ff;\">C\u00f4ng d\u1ee5ng<\/span><\/strong>: \u0111\u00f3ng g\u00f3i qu\u00e0 t\u1eb7ng, ghi ch\u00fa, \u0111\u00e1nh d\u1ea5u m\u1eabu, l\u00e0m m\u1eb7t n\u1ea1 phun s\u01a1n (80\u00b0) nhi\u1ec7t \u0111\u1ed9 th\u1ea5p trong c\u00e1c x\u01b0\u1edfng s\u1ea3n xu\u1ea5t ngh\u00e0nh n\u1ed9i th\u1ea5t,\u2026<\/p>","protected":false},"featured_media":766,"comment_status":"open","ping_status":"closed","template":"","meta":[],"product_brand":[],"product_cat":[21],"product_tag":[25,91],"class_list":{"0":"post-221","1":"product","2":"type-product","3":"status-publish","4":"has-post-thumbnail","6":"product_cat-bang-keo","7":"product_tag-bang-keo-giay-nhan","8":"product_tag-91","10":"first","11":"instock","12":"shipping-taxable","13":"product-type-simple"},"jetpack_sharing_enabled":true,"_links":{"self":[{"href":"https:\/\/bangkeovietkhac.com\/vi\/wp-json\/wp\/v2\/product\/221","targetHints":{"allow":["GET"]}}],"collection":[{"href":"https:\/\/bangkeovietkhac.com\/vi\/wp-json\/wp\/v2\/product"}],"about":[{"href":"https:\/\/bangkeovietkhac.com\/vi\/wp-json\/wp\/v2\/types\/product"}],"replies":[{"embeddable":true,"href":"https:\/\/bangkeovietkhac.com\/vi\/wp-json\/wp\/v2\/comments?post=221"}],"wp:featuredmedia":[{"embeddable":true,"href":"https:\/\/bangkeovietkhac.com\/vi\/wp-json\/wp\/v2\/media\/766"}],"wp:attachment":[{"href":"https:\/\/bangkeovietkhac.com\/vi\/wp-json\/wp\/v2\/media?parent=221"}],"wp:term":[{"taxonomy":"product_brand","embeddable":true,"href":"https:\/\/bangkeovietkhac.com\/vi\/wp-json\/wp\/v2\/product_brand?post=221"},{"taxonomy":"product_cat","embeddable":true,"href":"https:\/\/bangkeovietkhac.com\/vi\/wp-json\/wp\/v2\/product_cat?post=221"},{"taxonomy":"product_tag","embeddable":true,"href":"https:\/\/bangkeovietkhac.com\/vi\/wp-json\/wp\/v2\/product_tag?post=221"}],"curies":[{"name":"wp","href":"https:\/\/api.w.org\/{rel}","templated":true}]}}