{"id":222,"date":"2022-03-24T10:59:08","date_gmt":"2022-03-24T03:59:08","guid":{"rendered":"https:\/\/bangkeovietkhac.com\/?post_type=product&#038;p=222"},"modified":"2022-10-11T15:52:12","modified_gmt":"2022-10-11T08:52:12","slug":"bang-keo-giay-silicon","status":"publish","type":"product","link":"https:\/\/bangkeovietkhac.com\/vi\/san-pham\/bang-keo-giay-silicon\/","title":{"rendered":"B\u0103ng keo gi\u1ea5y silicon"},"content":{"rendered":"<p style=\"text-align: center;\"><span style=\"color: #0000ff; font-size: 120%;\"><em><strong>B\u0103ng keo gi\u1ea5y silicon l\u00e0 g\u00ec ?<\/strong><\/em><\/span><\/p>\n<p>B\u0103ng keo gi\u1ea5y silicon c\u00f3 c\u1ea5u t\u1ea1o \u0111\u1eb7c bi\u1ec7t h\u01a1n b\u0103ng keo gi\u1ea5y nh\u0103n do c\u00f3 ch\u1ea5t keo l\u00e0m t\u1eeb c\u00e1c h\u1ea1t keo silicagel k\u1ebft h\u1ee3p v\u1edbi l\u1edbp gi\u1ea5y nh\u0103n t\u1ea1o n\u00ean kh\u1ea3 n\u0103ng ch\u1ecbu nhi\u1ec7t cao trong m\u00f4i tr\u01b0\u1eddng c\u00f3 nhi\u1ec7t \u0111\u1ed9 t\u1eeb 80-120 \u0111\u1ed9 C m\u00e0 kh\u00f4ng h\u1ec1 d\u1ec5 d\u00e0ng b\u1ecb ch\u1ea3y keo.<\/p>\n<p><img loading=\"lazy\" decoding=\"async\" class=\"alignnone size-medium wp-image-562\" src=\"https:\/\/bangkeovietkhac.com\/wp-content\/uploads\/2022\/03\/z3413835351004_fdd91f414049f1766f3b3297a00e963a-300x225.jpg\" alt=\"\" width=\"300\" height=\"225\" srcset=\"https:\/\/bangkeovietkhac.com\/wp-content\/uploads\/2022\/03\/z3413835351004_fdd91f414049f1766f3b3297a00e963a-300x225.jpg 300w, https:\/\/bangkeovietkhac.com\/wp-content\/uploads\/2022\/03\/z3413835351004_fdd91f414049f1766f3b3297a00e963a-1024x768.jpg 1024w, https:\/\/bangkeovietkhac.com\/wp-content\/uploads\/2022\/03\/z3413835351004_fdd91f414049f1766f3b3297a00e963a-768x576.jpg 768w, https:\/\/bangkeovietkhac.com\/wp-content\/uploads\/2022\/03\/z3413835351004_fdd91f414049f1766f3b3297a00e963a-1536x1152.jpg 1536w, https:\/\/bangkeovietkhac.com\/wp-content\/uploads\/2022\/03\/z3413835351004_fdd91f414049f1766f3b3297a00e963a-2048x1536.jpg 2048w, https:\/\/bangkeovietkhac.com\/wp-content\/uploads\/2022\/03\/z3413835351004_fdd91f414049f1766f3b3297a00e963a-16x12.jpg 16w, https:\/\/bangkeovietkhac.com\/wp-content\/uploads\/2022\/03\/z3413835351004_fdd91f414049f1766f3b3297a00e963a-1320x990.jpg 1320w, https:\/\/bangkeovietkhac.com\/wp-content\/uploads\/2022\/03\/z3413835351004_fdd91f414049f1766f3b3297a00e963a-600x450.jpg 600w\" sizes=\"auto, (max-width: 300px) 100vw, 300px\" \/> \u00a0<img loading=\"lazy\" decoding=\"async\" class=\"alignnone size-medium wp-image-564\" src=\"https:\/\/bangkeovietkhac.com\/wp-content\/uploads\/2022\/03\/z3413835364373_82d9ddae8ab5fbf0e4187fb1d86585b6-300x225.jpg\" alt=\"\" width=\"300\" height=\"225\" srcset=\"https:\/\/bangkeovietkhac.com\/wp-content\/uploads\/2022\/03\/z3413835364373_82d9ddae8ab5fbf0e4187fb1d86585b6-300x225.jpg 300w, https:\/\/bangkeovietkhac.com\/wp-content\/uploads\/2022\/03\/z3413835364373_82d9ddae8ab5fbf0e4187fb1d86585b6-1024x768.jpg 1024w, https:\/\/bangkeovietkhac.com\/wp-content\/uploads\/2022\/03\/z3413835364373_82d9ddae8ab5fbf0e4187fb1d86585b6-768x576.jpg 768w, https:\/\/bangkeovietkhac.com\/wp-content\/uploads\/2022\/03\/z3413835364373_82d9ddae8ab5fbf0e4187fb1d86585b6-1536x1152.jpg 1536w, https:\/\/bangkeovietkhac.com\/wp-content\/uploads\/2022\/03\/z3413835364373_82d9ddae8ab5fbf0e4187fb1d86585b6-2048x1536.jpg 2048w, https:\/\/bangkeovietkhac.com\/wp-content\/uploads\/2022\/03\/z3413835364373_82d9ddae8ab5fbf0e4187fb1d86585b6-16x12.jpg 16w, https:\/\/bangkeovietkhac.com\/wp-content\/uploads\/2022\/03\/z3413835364373_82d9ddae8ab5fbf0e4187fb1d86585b6-1320x990.jpg 1320w, https:\/\/bangkeovietkhac.com\/wp-content\/uploads\/2022\/03\/z3413835364373_82d9ddae8ab5fbf0e4187fb1d86585b6-600x450.jpg 600w\" sizes=\"auto, (max-width: 300px) 100vw, 300px\" \/> <img loading=\"lazy\" decoding=\"async\" class=\"alignnone size-medium wp-image-566\" src=\"https:\/\/bangkeovietkhac.com\/wp-content\/uploads\/2022\/03\/z3413835382311_e1e1894aea5d9a5acdf4feabb0bb11dd-300x225.jpg\" alt=\"\" width=\"300\" height=\"225\" srcset=\"https:\/\/bangkeovietkhac.com\/wp-content\/uploads\/2022\/03\/z3413835382311_e1e1894aea5d9a5acdf4feabb0bb11dd-300x225.jpg 300w, https:\/\/bangkeovietkhac.com\/wp-content\/uploads\/2022\/03\/z3413835382311_e1e1894aea5d9a5acdf4feabb0bb11dd-1024x768.jpg 1024w, https:\/\/bangkeovietkhac.com\/wp-content\/uploads\/2022\/03\/z3413835382311_e1e1894aea5d9a5acdf4feabb0bb11dd-768x576.jpg 768w, https:\/\/bangkeovietkhac.com\/wp-content\/uploads\/2022\/03\/z3413835382311_e1e1894aea5d9a5acdf4feabb0bb11dd-1536x1152.jpg 1536w, https:\/\/bangkeovietkhac.com\/wp-content\/uploads\/2022\/03\/z3413835382311_e1e1894aea5d9a5acdf4feabb0bb11dd-2048x1536.jpg 2048w, https:\/\/bangkeovietkhac.com\/wp-content\/uploads\/2022\/03\/z3413835382311_e1e1894aea5d9a5acdf4feabb0bb11dd-16x12.jpg 16w, https:\/\/bangkeovietkhac.com\/wp-content\/uploads\/2022\/03\/z3413835382311_e1e1894aea5d9a5acdf4feabb0bb11dd-1320x990.jpg 1320w, https:\/\/bangkeovietkhac.com\/wp-content\/uploads\/2022\/03\/z3413835382311_e1e1894aea5d9a5acdf4feabb0bb11dd-600x450.jpg 600w\" sizes=\"auto, (max-width: 300px) 100vw, 300px\" \/><\/p>\n<p>&nbsp;<\/p>\n<p><strong><em>\u01afu \u0111i\u1ec3m c\u1ee7a b\u0103ng keo silicon l\u00e0 g\u00ec ?\u00a0<\/em><\/strong><\/p>\n<p><em><strong>\u2714\ufe0f<\/strong>B\u0103ng keo silicon c\u00f3 ch\u1ea5t gi\u1ea5y m\u1ec1m m\u1ea1i, \u0111\u1ed9 k\u1ebft d\u00ednh cao th\u01b0\u1eddng \u0111\u01b0\u1ee3c s\u1eed d\u1ee5ng \u0111\u1ec3 d\u00e1n l\u00ean b\u1ec1 m\u1eb7t \u0111\u1ebf gi\u1ea7y, kh\u00f4ng d\u1ec5 b\u1ecb h\u1edf, n\u1ee9t hay th\u1ea5m s\u01a1n khi ta phun s\u01a1n l\u00ean nh\u1eefng b\u1ec1 m\u1eb7t v\u1eadt d\u1ee5ng kh\u00f4ng b\u1eb1ng ph\u1eb3ng.<\/em><\/p>\n<p>\u2714\ufe0fKhi g\u1ee1 b\u0103ng keo silicon ra kh\u1ecfi b\u1ec1 m\u1eb7t v\u1eadt li\u1ec7u s\u1ebd kh\u00f4ng \u0111\u1ec3 l\u1ea1i v\u1ebft keo, ngo\u00e0i ra c\u00f2n d\u1ec5 d\u00e0ng b\u00f3c t\u00e1ch m\u00e0 kh\u00f4ng g\u00e2y h\u01b0 t\u1ed5n \u0111\u1ebfn s\u1ea3n ph\u1ea9m c\u0169ng nh\u01b0 ti\u1ebft ki\u1ec7m \u0111\u01b0\u1ee3c nhi\u1ec1u chi ph\u00ed kh\u00e1c.<\/p>\n<p style=\"text-align: center;\"><span style=\"color: #ff0000; font-size: 110%;\"><strong>S\u1eec D\u1ee4NG B\u0102NG KEO B\u1ea0N C\u1ea6N CH\u00da \u00dd ? ? ?<\/strong><\/span><\/p>\n<ol>\n<li>Vi\u1ec7c b\u1ea3o qu\u1ea3n b\u0103ng keo l\u00e0 tr\u00e1nh \u00e1nh n\u1eafng tr\u1ef1c ti\u1ebfp v\u00e0 b\u1ea3o qu\u1ea3n \u1edf nhi\u1ec7t \u0111\u1ed9 th\u01b0\u1eddng.<\/li>\n<li>Khi s\u1eed d\u1ee5ng b\u0103ng keo, c\u1ea7n l\u00e0m s\u1ea1ch b\u1ec1 m\u1eb7t c\u1ee7a ch\u1ea5t k\u1ebft d\u00ednh \u0111\u1ec3 tr\u00e1nh b\u1ee5i m\u1ecbn \u1ea3nh h\u01b0\u1edfng \u0111\u1ebfn \u0111\u1ed9 k\u1ebft d\u00ednh c\u1ee7a keo.<\/li>\n<li>Sau khi d\u00e1n b\u0103ng keo n\u00ean d\u00f9ng l\u1ef1c \u00e9p \u0111\u1ec3 keo d\u00ednh v\u00e0 ph\u00e1t huy t\u1ed1t.<\/li>\n<li>N\u1ebfu c\u00f3 qu\u00e1 tr\u00ecnh x\u1eed l\u00fd \u0111\u1eb7c bi\u1ec7t (V\u00ed d\u1ee5: l\u1edbp ph\u1ee7) tr\u00ean h\u00e0ng h\u00f3a \u0111\u01b0\u1ee3c d\u00e1n, th\u00ec ph\u1ea3i s\u1eed d\u1ee5ng c\u00e1c lo\u1ea1i b\u0103ng keo \u0111\u1eb7c bi\u1ec7t kh\u00e1c c\u00f3 t\u00ednh \u0111\u1eb7c tr\u01b0ng ph\u00f9 h\u1ee3p v\u1edbi s\u1ea3n ph\u1ea9m,...<\/li>\n<li>Tr\u00e1nh ti\u1ebfp x\u00fac v\u1edbi c\u00e1c c\u1ea1nh s\u1eafc \u1edf c\u00e1c m\u1eb7t c\u1ee7a b\u0103ng keo \u0111\u1ec3 tr\u00e1nh b\u0103ng keo b\u1ecb \u0111\u1ee9t khi s\u1eed d\u1ee5ng.<\/li>\n<\/ol>\n<p>&nbsp;<\/p>\n<pre id=\"tw-target-text\" class=\"tw-data-text tw-text-large tw-ta\" dir=\"ltr\" data-placeholder=\"B\u1ea3n d\u1ecbch\"><\/pre>","protected":false},"excerpt":{"rendered":"<p><span style=\"color: #0000ff;\"><strong>Ch\u1ea5t li\u1ec7u<\/strong><\/span>: gi\u1ea5y crepe<\/p>\n<p><span style=\"color: #0000ff;\"><strong>M\u00e0u s\u1eafc<\/strong>:<\/span> :\u00a0tr\u1eafng\/v\u00e0ng kem<\/p>\n<p><strong><span style=\"color: #0000ff;\">Quy c\u00e1ch<\/span><\/strong>: theo y\u00eau c\u1ea7u kh\u00e1ch h\u00e0ng<\/p>\n<p>*<em><span style=\"color: #00aae7;\">Chi\u1ec1u r\u1ed9ng<\/span><\/em>: 3mm~1190mm<\/p>\n<p>*<em><span style=\"color: #00aae7;\">Chi\u1ec1u d\u00e0i<\/span><\/em>: 45M<\/p>\n<p><strong><span style=\"color: #0000ff;\">C\u00f4ng d\u1ee5ng<\/span><\/strong>: l\u00e0m m\u1eb7t n\u1ea1 phun s\u01a1n trong c\u00e1c x\u01b0\u1edfng s\u1ea3n xu\u1ea5t gi\u00e0y da,\u2026<\/p>","protected":false},"featured_media":371,"comment_status":"open","ping_status":"closed","template":"","meta":[],"product_brand":[],"product_cat":[21],"product_tag":[26],"class_list":{"0":"post-222","1":"product","2":"type-product","3":"status-publish","4":"has-post-thumbnail","6":"product_cat-bang-keo","7":"product_tag-bang-keo-giay-silicon","9":"first","10":"instock","11":"shipping-taxable","12":"product-type-simple"},"jetpack_sharing_enabled":true,"_links":{"self":[{"href":"https:\/\/bangkeovietkhac.com\/vi\/wp-json\/wp\/v2\/product\/222","targetHints":{"allow":["GET"]}}],"collection":[{"href":"https:\/\/bangkeovietkhac.com\/vi\/wp-json\/wp\/v2\/product"}],"about":[{"href":"https:\/\/bangkeovietkhac.com\/vi\/wp-json\/wp\/v2\/types\/product"}],"replies":[{"embeddable":true,"href":"https:\/\/bangkeovietkhac.com\/vi\/wp-json\/wp\/v2\/comments?post=222"}],"wp:featuredmedia":[{"embeddable":true,"href":"https:\/\/bangkeovietkhac.com\/vi\/wp-json\/wp\/v2\/media\/371"}],"wp:attachment":[{"href":"https:\/\/bangkeovietkhac.com\/vi\/wp-json\/wp\/v2\/media?parent=222"}],"wp:term":[{"taxonomy":"product_brand","embeddable":true,"href":"https:\/\/bangkeovietkhac.com\/vi\/wp-json\/wp\/v2\/product_brand?post=222"},{"taxonomy":"product_cat","embeddable":true,"href":"https:\/\/bangkeovietkhac.com\/vi\/wp-json\/wp\/v2\/product_cat?post=222"},{"taxonomy":"product_tag","embeddable":true,"href":"https:\/\/bangkeovietkhac.com\/vi\/wp-json\/wp\/v2\/product_tag?post=222"}],"curies":[{"name":"wp","href":"https:\/\/api.w.org\/{rel}","templated":true}]}}