{"id":223,"date":"2022-03-24T11:01:26","date_gmt":"2022-03-24T04:01:26","guid":{"rendered":"https:\/\/bangkeovietkhac.com\/?post_type=product&#038;p=223"},"modified":"2022-10-11T15:45:23","modified_gmt":"2022-10-11T08:45:23","slug":"bang-keo-giay-chiu-nhiet","status":"publish","type":"product","link":"https:\/\/bangkeovietkhac.com\/vi\/san-pham\/bang-keo-giay-chiu-nhiet\/","title":{"rendered":"B\u0103ng keo gi\u1ea5y ch\u1ecbu nhi\u1ec7t"},"content":{"rendered":"<p style=\"text-align: center;\"><span style=\"font-size: 120%; color: #0000ff;\"><strong>B\u0103ng keo gi\u1ea5y ch\u1ecbu nhi\u1ec7t l\u00e0 g\u00ec ?<\/strong><\/span><\/p>\n<p>1.Nh\u01b0 c\u00e1c b\u1ea1n \u0111\u00e3 bi\u1ebft nhi\u1ec7t \u0111\u1ed9 cao d\u1ec5 ph\u00e1 v\u1ee1 c\u1ea5u tr\u00fac b\u0103ng keo, d\u1eabn \u0111\u1ebfn keo b\u1ecb ch\u1ea3y, th\u1eadm ch\u00ed l\u1edbp v\u1ecf c\u00f3 nguy c\u01a1 tr\u1edf th\u00e0nh ch\u1ea5t d\u1eabn g\u00e2y h\u1ecfa ho\u1ea1n, ch\u00e1y n\u1ed5. Ch\u00ednh v\u00ec v\u1eady, b\u0103ng keo gi\u1ea5y ch\u1ecbu nhi\u1ec7t l\u00ean t\u1edbi 150\u00b0 C \u0111\u00e3 ra \u0111\u1eddi v\u00e0 l\u00e0 gi\u1ea3i ph\u00e1p an to\u00e0n v\u00e0 ho\u00e0n h\u1ea3o kh\u1eafc ph\u1ee5c \u0111i\u1ec3m y\u1ebfu ch\u1ecbu nhi\u1ec7t c\u1ee7a nh\u1eefng lo\u1ea1i b\u0103ng keo gi\u1ea5y kh\u00e1c, \u0111\u1ed3ng \u0111\u1ed3ng v\u1eabn \u0111\u1ea3m b\u1ea3o \u0111\u01b0\u1ee3c \u0111\u1ed9 d\u00ednh t\u1ed1t.<\/p>\n<p><img loading=\"lazy\" decoding=\"async\" class=\"alignnone size-medium wp-image-561\" src=\"https:\/\/bangkeovietkhac.com\/wp-content\/uploads\/2022\/03\/z3413835346457_53b6a5015316f20e1d5319cdd1bc9c46-300x225.jpg\" alt=\"\" width=\"300\" height=\"225\" srcset=\"https:\/\/bangkeovietkhac.com\/wp-content\/uploads\/2022\/03\/z3413835346457_53b6a5015316f20e1d5319cdd1bc9c46-300x225.jpg 300w, https:\/\/bangkeovietkhac.com\/wp-content\/uploads\/2022\/03\/z3413835346457_53b6a5015316f20e1d5319cdd1bc9c46-1024x768.jpg 1024w, https:\/\/bangkeovietkhac.com\/wp-content\/uploads\/2022\/03\/z3413835346457_53b6a5015316f20e1d5319cdd1bc9c46-768x576.jpg 768w, https:\/\/bangkeovietkhac.com\/wp-content\/uploads\/2022\/03\/z3413835346457_53b6a5015316f20e1d5319cdd1bc9c46-1536x1152.jpg 1536w, https:\/\/bangkeovietkhac.com\/wp-content\/uploads\/2022\/03\/z3413835346457_53b6a5015316f20e1d5319cdd1bc9c46-2048x1536.jpg 2048w, https:\/\/bangkeovietkhac.com\/wp-content\/uploads\/2022\/03\/z3413835346457_53b6a5015316f20e1d5319cdd1bc9c46-16x12.jpg 16w, https:\/\/bangkeovietkhac.com\/wp-content\/uploads\/2022\/03\/z3413835346457_53b6a5015316f20e1d5319cdd1bc9c46-1320x990.jpg 1320w, https:\/\/bangkeovietkhac.com\/wp-content\/uploads\/2022\/03\/z3413835346457_53b6a5015316f20e1d5319cdd1bc9c46-600x450.jpg 600w\" sizes=\"auto, (max-width: 300px) 100vw, 300px\" \/> <img loading=\"lazy\" decoding=\"async\" class=\"alignnone size-medium wp-image-562\" src=\"https:\/\/bangkeovietkhac.com\/wp-content\/uploads\/2022\/03\/z3413835351004_fdd91f414049f1766f3b3297a00e963a-300x225.jpg\" alt=\"\" width=\"300\" height=\"225\" srcset=\"https:\/\/bangkeovietkhac.com\/wp-content\/uploads\/2022\/03\/z3413835351004_fdd91f414049f1766f3b3297a00e963a-300x225.jpg 300w, https:\/\/bangkeovietkhac.com\/wp-content\/uploads\/2022\/03\/z3413835351004_fdd91f414049f1766f3b3297a00e963a-1024x768.jpg 1024w, https:\/\/bangkeovietkhac.com\/wp-content\/uploads\/2022\/03\/z3413835351004_fdd91f414049f1766f3b3297a00e963a-768x576.jpg 768w, https:\/\/bangkeovietkhac.com\/wp-content\/uploads\/2022\/03\/z3413835351004_fdd91f414049f1766f3b3297a00e963a-1536x1152.jpg 1536w, https:\/\/bangkeovietkhac.com\/wp-content\/uploads\/2022\/03\/z3413835351004_fdd91f414049f1766f3b3297a00e963a-2048x1536.jpg 2048w, https:\/\/bangkeovietkhac.com\/wp-content\/uploads\/2022\/03\/z3413835351004_fdd91f414049f1766f3b3297a00e963a-16x12.jpg 16w, https:\/\/bangkeovietkhac.com\/wp-content\/uploads\/2022\/03\/z3413835351004_fdd91f414049f1766f3b3297a00e963a-1320x990.jpg 1320w, https:\/\/bangkeovietkhac.com\/wp-content\/uploads\/2022\/03\/z3413835351004_fdd91f414049f1766f3b3297a00e963a-600x450.jpg 600w\" sizes=\"auto, (max-width: 300px) 100vw, 300px\" \/> <img loading=\"lazy\" decoding=\"async\" class=\"alignnone size-medium wp-image-567\" src=\"https:\/\/bangkeovietkhac.com\/wp-content\/uploads\/2022\/03\/z3413835385358_18561ab4095bd8b5a45df95451786fa8-300x225.jpg\" alt=\"\" width=\"300\" height=\"225\" srcset=\"https:\/\/bangkeovietkhac.com\/wp-content\/uploads\/2022\/03\/z3413835385358_18561ab4095bd8b5a45df95451786fa8-300x225.jpg 300w, https:\/\/bangkeovietkhac.com\/wp-content\/uploads\/2022\/03\/z3413835385358_18561ab4095bd8b5a45df95451786fa8-1024x768.jpg 1024w, https:\/\/bangkeovietkhac.com\/wp-content\/uploads\/2022\/03\/z3413835385358_18561ab4095bd8b5a45df95451786fa8-768x576.jpg 768w, https:\/\/bangkeovietkhac.com\/wp-content\/uploads\/2022\/03\/z3413835385358_18561ab4095bd8b5a45df95451786fa8-1536x1152.jpg 1536w, https:\/\/bangkeovietkhac.com\/wp-content\/uploads\/2022\/03\/z3413835385358_18561ab4095bd8b5a45df95451786fa8-2048x1536.jpg 2048w, https:\/\/bangkeovietkhac.com\/wp-content\/uploads\/2022\/03\/z3413835385358_18561ab4095bd8b5a45df95451786fa8-16x12.jpg 16w, https:\/\/bangkeovietkhac.com\/wp-content\/uploads\/2022\/03\/z3413835385358_18561ab4095bd8b5a45df95451786fa8-1320x990.jpg 1320w, https:\/\/bangkeovietkhac.com\/wp-content\/uploads\/2022\/03\/z3413835385358_18561ab4095bd8b5a45df95451786fa8-600x450.jpg 600w\" sizes=\"auto, (max-width: 300px) 100vw, 300px\" \/><\/p>\n<p>2.B\u0103ng keo ch\u1ecbu nhi\u1ec7t \u0111\u01b0\u1ee3c c\u1ea5u t\u1ea1o t\u1eeb l\u1edbp gi\u1ea5y nh\u0103n v\u00e0 l\u1edbp keo cao su, b\u00ean trong th\u00e0nh ph\u1ea7n keo \u0111\u01b0\u1ee3c b\u1ed5 sung 1 l\u1edbp ph\u1ee5 gia ch\u1ed1ng ch\u00e1y, c\u00e1ch nhi\u1ec7t. C\u00f3 th\u1ec3 ch\u1ecbu \u0111\u01b0\u1ee3c nhi\u1ec7t \u0111\u1ed9 l\u00ean \u0111\u1ebfn 150\u00b0 C, c\u00f3 kh\u1ea3 n\u0103ng ch\u1ecbu \u0111\u01b0\u1ee3c s\u1ef1 \u0103n m\u00f2n c\u1ee7a c\u00e1c ch\u1ea5t h\u00f3a h\u1ecdc, \u0111\u1ed9 b\u1ec1n cao v\u00e0 kh\u00f4ng ch\u1ee9a ch\u1ea5t \u0111\u1ed9c h\u1ea1i, an to\u00e0n khi s\u1eed d\u1ee5ng.<\/p>\n<p><em><strong>\u01afu \u0111i\u1ec3m v\u00e0 \u1ee9ng d\u1ee5ng c\u1ee7a b\u0103ng keo gi\u1ea5y ch\u1ecbu nhi\u1ec7t\uff1a<\/strong><\/em>V\u1edbi l\u1edbp b\u0103ng keo m\u1ecfng, d\u1ec5 s\u1eed d\u1ee5ng, kh\u00f4ng \u0111\u1ec3 l\u1ea1i d\u1ea5u keo, k\u00e8m theo \u0111\u00f3 l\u00e0 kh\u1ea3 n\u0103ng ch\u1ed1ng th\u1ea5m, ch\u1ecbu nhi\u1ec7t cao s\u1ea3n ph\u1ea9m ph\u00f9 h\u1ee3p khi s\u1eed d\u1ee5ng \u0111\u1ec3 t\u1ea1o \u0111\u01b0\u1eddng ch\u1ec9, ph\u00e2n c\u00e1ch cho s\u1ea3n ph\u1ea9m s\u01a1n ho\u1eb7c trang tr\u00ed.<\/p>\n<p><span style=\"color: #0000ff;\"><strong><span style=\"font-size: 110%;\"><em>\u1ee9ng d\u1ee5ng c\u1ee7a b\u0103ng keo gi\u1ea5y ch\u1ecbu nhi\u1ec7t v\u00e0o m\u1ed9t s\u1ed1 l\u0129nh v\u1ef1c kh\u00e1c<\/em><\/span>\uff1a<\/strong><\/span><\/p>\n<p>\u2714\ufe0f\u00a0T\u1ea1o \u0111\u01b0\u1eddng ch\u1ec9, ph\u00e2n c\u00e1ch cho s\u1ea3n ph\u1ea9m, s\u1eed d\u1ee5ng trong ng\u00e0nh c\u00f4ng nghi\u1ec7p bao b\u00ec, may m\u1eb7c, s\u1ea3n xu\u1ea5t gi\u00e0y d\u00e9p, ch\u1ebf bi\u1ebfn th\u1ef1c ph\u1ea9m v\u00e0 m\u1ed9t s\u1ed1 l\u0129nh v\u1ef1c li\u00ean quan \u0111\u1ebfn h\u00f3a ch\u1ea5t.<\/p>\n<p>\u2714\ufe0fPh\u00f9 h\u1ee3p cho c\u00f4ng \u0111o\u1ea1n s\u01a1n t\u0129nh \u0111i\u1ec7n v\u1edbi nhi\u1ec7t \u0111\u1ed9 cao, \u0111\u01b0\u1ee3c v\u00ed nh\u01b0 m\u1ed9t chi\u1ebfc m\u1eb7t n\u1ea1 b\u1ea3o v\u1ec7 c\u00e1c \u0111\u01b0\u1eddng n\u00e9t cho D\u00e2y chuy\u1ec1n s\u01a1n<\/p>\n<p>\u2714\ufe0f\u0110\u1eb7c bi\u1ec7t, ng\u01b0\u1eddi s\u1eed d\u1ee5ng c\u00f3 th\u1ec3 d\u1ec5 d\u00e0ng x\u00e9 b\u1eb1ng tay, kh\u00f4ng b\u1ecb ch\u1ea3y keo v\u00e0 \u0111\u1ec3 l\u1ea1i d\u1ea5u keo sau khi s\u1eed d\u1ee5ng.<\/p>\n<p style=\"text-align: center;\"><span style=\"color: #ff0000; font-size: 110%;\"><strong>S\u1eec D\u1ee4NG B\u0102NG KEO B\u1ea0N C\u1ea6N CH\u00da \u00dd ? ? ?<\/strong><\/span><\/p>\n<ol>\n<li>Vi\u1ec7c b\u1ea3o qu\u1ea3n b\u0103ng keo l\u00e0 tr\u00e1nh \u00e1nh n\u1eafng tr\u1ef1c ti\u1ebfp v\u00e0 b\u1ea3o qu\u1ea3n \u1edf nhi\u1ec7t \u0111\u1ed9 th\u01b0\u1eddng.<\/li>\n<li>Khi s\u1eed d\u1ee5ng b\u0103ng keo, c\u1ea7n l\u00e0m s\u1ea1ch b\u1ec1 m\u1eb7t c\u1ee7a ch\u1ea5t k\u1ebft d\u00ednh \u0111\u1ec3 tr\u00e1nh b\u1ee5i m\u1ecbn \u1ea3nh h\u01b0\u1edfng \u0111\u1ebfn \u0111\u1ed9 k\u1ebft d\u00ednh c\u1ee7a keo.<\/li>\n<li>Sau khi d\u00e1n b\u0103ng keo n\u00ean d\u00f9ng l\u1ef1c \u00e9p \u0111\u1ec3 keo d\u00ednh v\u00e0 ph\u00e1t huy t\u1ed1t.<\/li>\n<li>N\u1ebfu c\u00f3 qu\u00e1 tr\u00ecnh x\u1eed l\u00fd \u0111\u1eb7c bi\u1ec7t (V\u00ed d\u1ee5: l\u1edbp ph\u1ee7) tr\u00ean h\u00e0ng h\u00f3a \u0111\u01b0\u1ee3c d\u00e1n, th\u00ec ph\u1ea3i s\u1eed d\u1ee5ng c\u00e1c lo\u1ea1i b\u0103ng keo \u0111\u1eb7c bi\u1ec7t kh\u00e1c c\u00f3 t\u00ednh \u0111\u1eb7c tr\u01b0ng ph\u00f9 h\u1ee3p v\u1edbi s\u1ea3n ph\u1ea9m,...<\/li>\n<li>Tr\u00e1nh ti\u1ebfp x\u00fac v\u1edbi c\u00e1c c\u1ea1nh s\u1eafc \u1edf c\u00e1c m\u1eb7t c\u1ee7a b\u0103ng keo \u0111\u1ec3 tr\u00e1nh b\u0103ng keo b\u1ecb \u0111\u1ee9t khi s\u1eed d\u1ee5ng.<\/li>\n<\/ol>\n<p>&nbsp;<\/p>\n<p>&nbsp;<\/p>","protected":false},"excerpt":{"rendered":"<p><span style=\"color: #0000ff;\">Ch\u1ea5t li\u1ec7u<\/span>: gi\u1ea5y crepe<\/p>\n<p><span style=\"color: #0000ff;\">M\u00e0u s\u1eafc<\/span>: tr\u1eafng\/v\u00e0ng kem<\/p>\n<p><span style=\"color: #0000ff;\">Quy c\u00e1ch<\/span>: theo y\u00eau c\u1ea7u kh\u00e1ch h\u00e0ng<\/p>\n<p>*<em><span style=\"color: #00aae7;\">Chi\u1ec1u r\u1ed9ng<\/span><\/em>\uff1a 3mm~1550mm<\/p>\n<p>*<em><span style=\"color: #00aae7;\">Chi\u1ec1u d\u00e0i<\/span><\/em>: 45M<\/p>\n<p><span style=\"color: #0000ff;\">C\u00f4ng d\u1ee5ng<\/span>: Ch\u1ecbu nhi\u1ec7t t\u1ed1t l\u00e0m m\u1eb7t n\u1ea1 phun s\u01a1n trong c\u00e1c x\u01b0\u1edfng s\u1ea3n xu\u1ea5t oto, x\u01b0\u1edfng gia c\u00f4ng \u0111\u1ed3 n\u1ed9i th\u1ea5t.<\/p>","protected":false},"featured_media":562,"comment_status":"open","ping_status":"closed","template":"","meta":[],"product_brand":[],"product_cat":[21,93],"product_tag":[27],"class_list":{"0":"post-223","1":"product","2":"type-product","3":"status-publish","4":"has-post-thumbnail","6":"product_cat-bang-keo","7":"product_cat-93","8":"product_tag-bang-keo-giay-chiu-nhiet","10":"first","11":"instock","12":"shipping-taxable","13":"product-type-simple"},"jetpack_sharing_enabled":true,"_links":{"self":[{"href":"https:\/\/bangkeovietkhac.com\/vi\/wp-json\/wp\/v2\/product\/223","targetHints":{"allow":["GET"]}}],"collection":[{"href":"https:\/\/bangkeovietkhac.com\/vi\/wp-json\/wp\/v2\/product"}],"about":[{"href":"https:\/\/bangkeovietkhac.com\/vi\/wp-json\/wp\/v2\/types\/product"}],"replies":[{"embeddable":true,"href":"https:\/\/bangkeovietkhac.com\/vi\/wp-json\/wp\/v2\/comments?post=223"}],"wp:featuredmedia":[{"embeddable":true,"href":"https:\/\/bangkeovietkhac.com\/vi\/wp-json\/wp\/v2\/media\/562"}],"wp:attachment":[{"href":"https:\/\/bangkeovietkhac.com\/vi\/wp-json\/wp\/v2\/media?parent=223"}],"wp:term":[{"taxonomy":"product_brand","embeddable":true,"href":"https:\/\/bangkeovietkhac.com\/vi\/wp-json\/wp\/v2\/product_brand?post=223"},{"taxonomy":"product_cat","embeddable":true,"href":"https:\/\/bangkeovietkhac.com\/vi\/wp-json\/wp\/v2\/product_cat?post=223"},{"taxonomy":"product_tag","embeddable":true,"href":"https:\/\/bangkeovietkhac.com\/vi\/wp-json\/wp\/v2\/product_tag?post=223"}],"curies":[{"name":"wp","href":"https:\/\/api.w.org\/{rel}","templated":true}]}}