{"id":224,"date":"2022-03-24T11:04:08","date_gmt":"2022-03-24T04:04:08","guid":{"rendered":"https:\/\/bangkeovietkhac.com\/?post_type=product&#038;p=224"},"modified":"2023-06-27T16:06:51","modified_gmt":"2023-06-27T09:06:51","slug":"bang-keo-da-bo-nham","status":"publish","type":"product","link":"https:\/\/bangkeovietkhac.com\/vi\/san-pham\/bang-keo-da-bo-nham\/","title":{"rendered":"B\u0102NG KEO DA B\u00d2-NH\u00c1M"},"content":{"rendered":"<p style=\"text-align: center;\"><strong><span style=\"color: #0000ff; font-size: 120%;\"><em>B\u0103ng keo da b\u00f2 nh\u00e1m\u00a0l\u00e0 g\u00ec?<\/em><\/span><\/strong><\/p>\n<p><span style=\"color: #0000ff;\"><strong>B\u0103ng keo da b\u00f2 nh\u00e1m\u00a0<\/strong><span style=\"color: #282828;\">\u0111\u01b0\u1ee3c c\u1ea5u t\u1ea1o t\u1eeb<\/span><\/span>1 l\u1edbp gi\u1ea5y kraft v\u00e0 1 l\u1edbp keo cao su. B\u1ec1 m\u1eb7t l\u1edbp gi\u1ea5y nh\u00e1m n\u00ean c\u00f3 th\u1ec3 vi\u1ebft ch\u1eef l\u00ean b\u1ec1 m\u1eb7t \u0111\u01b0\u1ee3c, d\u1ec5 x\u00e9, d\u1ec5 d\u00e1n, d\u1ec5 s\u1eed d\u1ee5ng. C\u0169ng ch\u00ednh l\u00e0 \u0111\u1eb7c \u0111i\u1ec3m gi\u1ea5y nh\u00e1m m\u00e0 b\u0103ng keo n\u00e0y \u0111\u01b0\u1ee3c s\u1eed d\u1ee5ng nhi\u1ec1u \u0111\u1ec3 ghi ch\u00fa, \u0111\u00e1nh d\u1ea5u l\u00ean s\u1ea3n ph\u1ea9m.<\/p>\n<p><em><strong>\u01afu \u0111i\u1ec3m v\u00e0 \u1ee9ng d\u1ee5ng c\u1ee7a b\u0103ng keo da b\u00f2 nh\u00e1m l\u00e0 g\u00ec ?\u00a0<\/strong><\/em><\/p>\n<p>B\u0103ng keo da b\u00f2 nh\u00e1m \u0111\u01b0\u1ee3c s\u1eed d\u1ee5ng nh\u01b0 b\u0103ng keo d\u00e1n th\u00f9ng carton, d\u00e1n v\u00e1, ch\u1ea5p n\u1ed1i.\nNgo\u00e0i ra, b\u0103ng keo da b\u00f2 nh\u00e1m c\u00f2n c\u00f3 kh\u1ea3 n\u0103ng ch\u1ecbu \u0111\u01b0\u1ee3c nhi\u1ec7t \u0111\u1ed9 t\u1eeb 80 \u2013 120 \u0111\u1ed9 C n\u00ean c\u00f2n \u0111\u01b0\u1ee3c s\u1eed d\u1ee5ng ph\u1ed5 bi\u1ebfn trong vi\u1ec7c \u0111\u00e1nh d\u1ea5u l\u00ean s\u1ea3n ph\u1ea9m, che ph\u1ee7 nh\u1eefng ph\u1ea7n kh\u00f4ng phun s\u01a1n trong ng\u00e0nh ch\u1ebf t\u1ea1o xe \u0111\u1ea1p, \u0111\u1ed3 gia d\u1ee5ng, gi\u00e0y d\u00e9p.\nB\u0103ng keo da b\u00f2 nh\u00e1m mang l\u1ea1i gi\u00e1 tr\u1ecb th\u1ea9m m\u1ef9 cao c\u00f9ng s\u1ef1 chuy\u00ean nghi\u1ec7p trong c\u00e1ch \u0111\u00f3ng g\u00f3i c\u1ee7a s\u1ea3n ph\u1ea9m.<\/p>\n<p style=\"text-align: center;\"><span style=\"font-size: 120%;\"><strong><span style=\"color: #ff0000;\">S\u1eec D\u1ee4NG B\u0102NG KEO B\u1ea0N C\u1ea6N CH\u00da \u00dd ? ? ?<\/span><\/strong><\/span><\/p>\n<ol>\n<li>Vi\u1ec7c b\u1ea3o qu\u1ea3n b\u0103ng keo l\u00e0 tr\u00e1nh \u00e1nh n\u1eafng tr\u1ef1c ti\u1ebfp v\u00e0 b\u1ea3o qu\u1ea3n \u1edf nhi\u1ec7t \u0111\u1ed9 th\u01b0\u1eddng.<\/li>\n<li>Khi s\u1eed d\u1ee5ng b\u0103ng keo, c\u1ea7n l\u00e0m s\u1ea1ch b\u1ec1 m\u1eb7t c\u1ee7a ch\u1ea5t k\u1ebft d\u00ednh \u0111\u1ec3 tr\u00e1nh b\u1ee5i m\u1ecbn \u1ea3nh h\u01b0\u1edfng \u0111\u1ebfn \u0111\u1ed9 k\u1ebft d\u00ednh c\u1ee7a keo.<\/li>\n<li>Sau khi d\u00e1n b\u0103ng keo n\u00ean d\u00f9ng l\u1ef1c \u00e9p \u0111\u1ec3 keo d\u00ednh v\u00e0 ph\u00e1t huy t\u1ed1t.<\/li>\n<li>N\u1ebfu c\u00f3 qu\u00e1 tr\u00ecnh x\u1eed l\u00fd \u0111\u1eb7c bi\u1ec7t (V\u00ed d\u1ee5: l\u1edbp ph\u1ee7) tr\u00ean h\u00e0ng h\u00f3a \u0111\u01b0\u1ee3c d\u00e1n, th\u00ec ph\u1ea3i s\u1eed d\u1ee5ng c\u00e1c lo\u1ea1i b\u0103ng keo \u0111\u1eb7c bi\u1ec7t kh\u00e1c c\u00f3 t\u00ednh \u0111\u1eb7c tr\u01b0ng ph\u00f9 h\u1ee3p v\u1edbi s\u1ea3n ph\u1ea9m,...<\/li>\n<li>Tr\u00e1nh ti\u1ebfp x\u00fac v\u1edbi c\u00e1c c\u1ea1nh s\u1eafc \u1edf c\u00e1c m\u1eb7t c\u1ee7a b\u0103ng keo \u0111\u1ec3 tr\u00e1nh b\u0103ng keo b\u1ecb \u0111\u1ee9t khi s\u1eed d\u1ee5ng.<\/li>\n<\/ol>\n<p>&nbsp;<\/p>","protected":false},"excerpt":{"rendered":"<p><strong><span style=\"color: #0000ff;\">Ch\u1ea5t li\u1ec7u<\/span><\/strong>: gi\u1ea5y kraft<\/p>\n<p><strong><span style=\"color: #0000ff;\">M\u00e0u s\u1eafc<\/span><\/strong>: n\u00e2u<\/p>\n<p><strong><span style=\"color: #0000ff;\">Quy c\u00e1ch<\/span><\/strong>: theo y\u00eau c\u1ea7u kh\u00e1ch h\u00e0ng<\/p>\n<p>*<span style=\"color: #00aae7;\"><em>Chi\u1ec1u r\u1ed9ng<\/em><\/span> : 3mm~1160mm<\/p>\n<p>*<span style=\"color: #00aae7;\"><em>Chi\u1ec1u d\u00e0i<\/em><\/span>: 45M<\/p>\n<p><strong><span style=\"color: #0000ff;\">C\u00f4ng d\u1ee5ng<\/span><\/strong>: d\u00e1n th\u00f9ng carton, d\u00e1n v\u00e1 b\u1ec1 m\u1eb7t h\u01b0 h\u1ecfng c\u1ee7a th\u00f9ng, ghi ch\u00fa,\u2026<\/p>","protected":false},"featured_media":764,"comment_status":"open","ping_status":"closed","template":"","meta":[],"product_brand":[],"product_cat":[21,93],"product_tag":[28,92],"class_list":{"0":"post-224","1":"product","2":"type-product","3":"status-publish","4":"has-post-thumbnail","6":"product_cat-bang-keo","7":"product_cat-93","8":"product_tag-bang-keo-da-bo-nham","9":"product_tag-92","11":"first","12":"instock","13":"shipping-taxable","14":"product-type-simple"},"jetpack_sharing_enabled":true,"_links":{"self":[{"href":"https:\/\/bangkeovietkhac.com\/vi\/wp-json\/wp\/v2\/product\/224","targetHints":{"allow":["GET"]}}],"collection":[{"href":"https:\/\/bangkeovietkhac.com\/vi\/wp-json\/wp\/v2\/product"}],"about":[{"href":"https:\/\/bangkeovietkhac.com\/vi\/wp-json\/wp\/v2\/types\/product"}],"replies":[{"embeddable":true,"href":"https:\/\/bangkeovietkhac.com\/vi\/wp-json\/wp\/v2\/comments?post=224"}],"wp:featuredmedia":[{"embeddable":true,"href":"https:\/\/bangkeovietkhac.com\/vi\/wp-json\/wp\/v2\/media\/764"}],"wp:attachment":[{"href":"https:\/\/bangkeovietkhac.com\/vi\/wp-json\/wp\/v2\/media?parent=224"}],"wp:term":[{"taxonomy":"product_brand","embeddable":true,"href":"https:\/\/bangkeovietkhac.com\/vi\/wp-json\/wp\/v2\/product_brand?post=224"},{"taxonomy":"product_cat","embeddable":true,"href":"https:\/\/bangkeovietkhac.com\/vi\/wp-json\/wp\/v2\/product_cat?post=224"},{"taxonomy":"product_tag","embeddable":true,"href":"https:\/\/bangkeovietkhac.com\/vi\/wp-json\/wp\/v2\/product_tag?post=224"}],"curies":[{"name":"wp","href":"https:\/\/api.w.org\/{rel}","templated":true}]}}