{"id":225,"date":"2022-03-24T15:28:54","date_gmt":"2022-03-24T08:28:54","guid":{"rendered":"https:\/\/bangkeovietkhac.com\/?post_type=product&#038;p=225"},"modified":"2023-06-27T16:06:04","modified_gmt":"2023-06-27T09:06:04","slug":"bang-keo-da-bo-bong","status":"publish","type":"product","link":"https:\/\/bangkeovietkhac.com\/vi\/san-pham\/bang-keo-da-bo-bong\/","title":{"rendered":"B\u0103ng keo da b\u00f2 b\u00f3ng"},"content":{"rendered":"<p style=\"text-align: center;\"><strong><em><span style=\"font-size: 120%; color: #0000ff;\">B\u0103ng keo da b\u00f2 b\u00f3ng l\u00e0 g\u00ec?<\/span><\/em><\/strong><\/p>\n<p><em><strong><span style=\"color: #0000ff;\">B\u0103ng keo da b\u00f2 b\u00f3ng <\/span><\/strong><\/em>c\u00f3 c\u1ea5u t\u1ea1o t\u01b0\u01a1ng t\u01b0 nh\u01b0 b\u0103ng keo da b\u00f2 nh\u00e1m \u0111\u1ec1u \u0111\u01b0\u1ee3c l\u00e0m t\u1eeb l\u1edbp gi\u1ea5y kraft v\u00e0 l\u1edbp keo cao su, ch\u00fang ch\u1ec9 kh\u00e1c nhau \u1edf \u0111\u1eb7c \u0111i\u1ec3m \u0111\u00f3 l\u00e0 da b\u00f2 b\u00f3ng kh\u00f4ng th\u1ec3 vi\u1ebft \u0111\u01b0\u1ee3c do b\u1ec1 m\u1eb7t gi\u1ea5y tr\u01a1n b\u00f3ng, ri\u00eang v\u1ec1 da b\u00f2 nh\u00e1m th\u00ec c\u00f3 th\u1ec3 vi\u1ebft l\u00ean do b\u1ec1 m\u1eb7t gi\u1ea5y c\u00f3 \u0111\u1ed9 nh\u00e1m.Tuy lo\u1ea1i b\u0103ng keo n\u00e0y kh\u00f4ng \u0111\u01b0\u1ee3c ph\u1ed5 bi\u1ebfn nhi\u1ec1u nh\u01b0 c\u00e1c lo\u1ea1i b\u0103ng keo d\u00e1n th\u00f9ng kh\u00e1c nh\u01b0ng n\u00f3 v\u1eabn \u0111\u01b0\u1ee3c \u1ee9ng d\u1ee5ng kh\u00e1 nhi\u1ec1u trong l\u0129nh v\u1ef1c c\u00f4ng nghi\u1ec7p. H\u00e3y c\u00f9ng t\u00ecm hi\u1ec3u chi ti\u1ebft h\u01a1n trong b\u00e0i vi\u1ebft d\u01b0\u1edbi \u0111\u00e2y nh\u00e9 !<\/p>\n<p><em><strong>\u01afu \u0111i\u1ec3m v\u00e0 \u1ee9ng d\u1ee5ng c\u1ee7a b\u0103ng keo da b\u00f2 b\u00f3ng l\u00e0 g\u00ec?\u00a0<\/strong><\/em><\/p>\n<p><span id=\"Bang_dinh_da_bo_co_kha_nang_chiu_nhiet_tot\">B\u0103ng d\u00ednh da b\u00f2 c\u00f3 kh\u1ea3 n\u0103ng ch\u1ecbu nhi\u1ec7t t\u1ed1t, b\u1ec1n b\u1ec9 v\u1edbi th\u1eddi gian, kh\u00f4ng \u0111\u1ec3 l\u1ea1i v\u1ebft keo sau khi g\u1ee1 ra, b\u00e1m \u0111\u01b0\u1ee3c tr\u00ean c\u1ea3 b\u1ec1 m\u1eb7t kh\u00f4ng \u0111\u1ec1u. Do \u0111\u00f3, lo\u1ea1i b\u0103ng keo n\u00e0y \u0111\u01b0\u1ee3c \u1ee9ng d\u1ee5ng nhi\u1ec1u trong c\u00e1c l\u0129nh v\u1ef1c c\u1ee7a c\u01b0\u1ee3c s\u1ed1ng, d\u01b0\u1edbi \u0111\u00e2y l\u00e0 m\u1ed9t v\u00e0i \u1ee9ng d\u1ee5ng n\u1ed5i b\u1eadc c\u1ee7a b\u0103ng keo da b\u00f2 b\u00f3ng :<\/span><\/p>\n<p>\u2714\ufe0f Ng\u00e0nh \u0111\u00f3ng g\u00f3i: d\u00e1n th\u00f9ng c\u00e1c h\u00e0ng h\u00f3a tr\u1ecdng l\u01b0\u1ee3ng l\u1edbn, v\u1eadn chuy\u1ec3n \u0111\u01b0\u1eddng d\u00e0i,\u2026<\/p>\n<p>\u2714\ufe0fNg\u00e0nh may m\u1eb7c: gi\u00e0y da, t\u00fai x\u00e1ch,\u2026 \u0111\u00e1nh d\u1ea5u s\u1ea3n ph\u1ea9m, ghi ch\u00fa l\u1ed7i sai,\u2026<\/p>\n<p>\u2714\ufe0fNgh\u00e0nh x\u00e2y d\u1ef1ng: S\u1eed d\u1ee5ng \u0111\u1ec3 che, phun s\u01a1n, ph\u00e2n chia c\u00e1c khu v\u1ef1c trong c\u00f4ng x\u01b0\u1edfng, \u0111\u01b0\u1eddng ph\u1ed1,\u2026<\/p>\n<p><img loading=\"lazy\" decoding=\"async\" class=\"alignnone size-medium wp-image-571\" src=\"https:\/\/bangkeovietkhac.com\/wp-content\/uploads\/2022\/03\/z3420883668315_4db58f79873d8b164eea3716cb8c5b60-225x300.jpg\" alt=\"\" width=\"225\" height=\"300\" srcset=\"https:\/\/bangkeovietkhac.com\/wp-content\/uploads\/2022\/03\/z3420883668315_4db58f79873d8b164eea3716cb8c5b60-225x300.jpg 225w, https:\/\/bangkeovietkhac.com\/wp-content\/uploads\/2022\/03\/z3420883668315_4db58f79873d8b164eea3716cb8c5b60-768x1024.jpg 768w, https:\/\/bangkeovietkhac.com\/wp-content\/uploads\/2022\/03\/z3420883668315_4db58f79873d8b164eea3716cb8c5b60-1152x1536.jpg 1152w, https:\/\/bangkeovietkhac.com\/wp-content\/uploads\/2022\/03\/z3420883668315_4db58f79873d8b164eea3716cb8c5b60-1536x2048.jpg 1536w, https:\/\/bangkeovietkhac.com\/wp-content\/uploads\/2022\/03\/z3420883668315_4db58f79873d8b164eea3716cb8c5b60-9x12.jpg 9w, https:\/\/bangkeovietkhac.com\/wp-content\/uploads\/2022\/03\/z3420883668315_4db58f79873d8b164eea3716cb8c5b60-1320x1760.jpg 1320w, https:\/\/bangkeovietkhac.com\/wp-content\/uploads\/2022\/03\/z3420883668315_4db58f79873d8b164eea3716cb8c5b60-600x800.jpg 600w, https:\/\/bangkeovietkhac.com\/wp-content\/uploads\/2022\/03\/z3420883668315_4db58f79873d8b164eea3716cb8c5b60.jpg 1920w\" sizes=\"auto, (max-width: 225px) 100vw, 225px\" \/> <img loading=\"lazy\" decoding=\"async\" class=\"alignnone size-medium wp-image-570\" src=\"https:\/\/bangkeovietkhac.com\/wp-content\/uploads\/2022\/03\/z3420883612741_9a773bb8a65abd3ed5e7c9d7c43014ff-225x300.jpg\" alt=\"\" width=\"225\" height=\"300\" srcset=\"https:\/\/bangkeovietkhac.com\/wp-content\/uploads\/2022\/03\/z3420883612741_9a773bb8a65abd3ed5e7c9d7c43014ff-225x300.jpg 225w, https:\/\/bangkeovietkhac.com\/wp-content\/uploads\/2022\/03\/z3420883612741_9a773bb8a65abd3ed5e7c9d7c43014ff-768x1024.jpg 768w, https:\/\/bangkeovietkhac.com\/wp-content\/uploads\/2022\/03\/z3420883612741_9a773bb8a65abd3ed5e7c9d7c43014ff-1152x1536.jpg 1152w, https:\/\/bangkeovietkhac.com\/wp-content\/uploads\/2022\/03\/z3420883612741_9a773bb8a65abd3ed5e7c9d7c43014ff-1536x2048.jpg 1536w, https:\/\/bangkeovietkhac.com\/wp-content\/uploads\/2022\/03\/z3420883612741_9a773bb8a65abd3ed5e7c9d7c43014ff-9x12.jpg 9w, https:\/\/bangkeovietkhac.com\/wp-content\/uploads\/2022\/03\/z3420883612741_9a773bb8a65abd3ed5e7c9d7c43014ff-1320x1760.jpg 1320w, https:\/\/bangkeovietkhac.com\/wp-content\/uploads\/2022\/03\/z3420883612741_9a773bb8a65abd3ed5e7c9d7c43014ff-600x800.jpg 600w, https:\/\/bangkeovietkhac.com\/wp-content\/uploads\/2022\/03\/z3420883612741_9a773bb8a65abd3ed5e7c9d7c43014ff.jpg 1920w\" sizes=\"auto, (max-width: 225px) 100vw, 225px\" \/> <img loading=\"lazy\" decoding=\"async\" class=\"alignnone size-medium wp-image-574\" src=\"https:\/\/bangkeovietkhac.com\/wp-content\/uploads\/2022\/03\/z3420883788973_354a4ce58745334e4fe60f9b6df24ec3-225x300.jpg\" alt=\"\" width=\"225\" height=\"300\" srcset=\"https:\/\/bangkeovietkhac.com\/wp-content\/uploads\/2022\/03\/z3420883788973_354a4ce58745334e4fe60f9b6df24ec3-225x300.jpg 225w, https:\/\/bangkeovietkhac.com\/wp-content\/uploads\/2022\/03\/z3420883788973_354a4ce58745334e4fe60f9b6df24ec3-768x1024.jpg 768w, https:\/\/bangkeovietkhac.com\/wp-content\/uploads\/2022\/03\/z3420883788973_354a4ce58745334e4fe60f9b6df24ec3-1152x1536.jpg 1152w, https:\/\/bangkeovietkhac.com\/wp-content\/uploads\/2022\/03\/z3420883788973_354a4ce58745334e4fe60f9b6df24ec3-1536x2048.jpg 1536w, https:\/\/bangkeovietkhac.com\/wp-content\/uploads\/2022\/03\/z3420883788973_354a4ce58745334e4fe60f9b6df24ec3-9x12.jpg 9w, https:\/\/bangkeovietkhac.com\/wp-content\/uploads\/2022\/03\/z3420883788973_354a4ce58745334e4fe60f9b6df24ec3-1320x1760.jpg 1320w, https:\/\/bangkeovietkhac.com\/wp-content\/uploads\/2022\/03\/z3420883788973_354a4ce58745334e4fe60f9b6df24ec3-600x800.jpg 600w, https:\/\/bangkeovietkhac.com\/wp-content\/uploads\/2022\/03\/z3420883788973_354a4ce58745334e4fe60f9b6df24ec3.jpg 1920w\" sizes=\"auto, (max-width: 225px) 100vw, 225px\" \/><img loading=\"lazy\" decoding=\"async\" class=\"alignnone size-medium wp-image-575\" src=\"https:\/\/bangkeovietkhac.com\/wp-content\/uploads\/2022\/03\/z3420883808118_45e5ab651a5cd07a15669d2a4bf4d582-225x300.jpg\" alt=\"\" width=\"225\" height=\"300\" srcset=\"https:\/\/bangkeovietkhac.com\/wp-content\/uploads\/2022\/03\/z3420883808118_45e5ab651a5cd07a15669d2a4bf4d582-225x300.jpg 225w, https:\/\/bangkeovietkhac.com\/wp-content\/uploads\/2022\/03\/z3420883808118_45e5ab651a5cd07a15669d2a4bf4d582-768x1024.jpg 768w, https:\/\/bangkeovietkhac.com\/wp-content\/uploads\/2022\/03\/z3420883808118_45e5ab651a5cd07a15669d2a4bf4d582-1152x1536.jpg 1152w, https:\/\/bangkeovietkhac.com\/wp-content\/uploads\/2022\/03\/z3420883808118_45e5ab651a5cd07a15669d2a4bf4d582-1536x2048.jpg 1536w, https:\/\/bangkeovietkhac.com\/wp-content\/uploads\/2022\/03\/z3420883808118_45e5ab651a5cd07a15669d2a4bf4d582-9x12.jpg 9w, https:\/\/bangkeovietkhac.com\/wp-content\/uploads\/2022\/03\/z3420883808118_45e5ab651a5cd07a15669d2a4bf4d582-1320x1760.jpg 1320w, https:\/\/bangkeovietkhac.com\/wp-content\/uploads\/2022\/03\/z3420883808118_45e5ab651a5cd07a15669d2a4bf4d582-600x800.jpg 600w, https:\/\/bangkeovietkhac.com\/wp-content\/uploads\/2022\/03\/z3420883808118_45e5ab651a5cd07a15669d2a4bf4d582.jpg 1920w\" sizes=\"auto, (max-width: 225px) 100vw, 225px\" \/><\/p>\n<p>B\u0103ng keo da b\u00f2 b\u00f3ng n\u1ed5i b\u1eadt v\u1edbi \u01b0u \u0111i\u1ec3m c\u00f3 kh\u1ea3 n\u0103ng ch\u1ecbu nhi\u1ec7t t\u1ed1t l\u00ean t\u1edbi 100 \u0111\u1ed9 C, kh\u00f4ng tan ch\u1ea3y, kh\u00f4ng d\u1ec5 bong tr\u00f3c, ngo\u00e0i ra c\u00f2n c\u00f3 kh\u1ea3 n\u1eafng ch\u1ed1ng th\u1ea5m n\u01b0\u1edbc. V\u00ec v\u1eady, \u0111\u00e2y ch\u00ednh l\u00e0 lo\u1ea1i b\u0103ng keo r\u1ea5t ph\u00f9 h\u1ee3p \u0111\u1ec3 l\u1ef1a ch\u1ecdn s\u1eed d\u1ee5ng cho nh\u1eefng ng\u00e0ng c\u00f4ng nghi\u1ec7p c\u00f3 m\u00f4i tr\u01b0\u1eddng nhi\u1ec7t \u0111\u1ed9 kh\u1eafc nghi\u1ec7t. \u0110\u1eebng ng\u1ea7n ng\u1ea1i m\u00e0 h\u00e3y li\u00ean h\u1ec7 v\u1edbi ch\u00fang t\u00f4i \u0111\u1ec3 bi\u1ebft th\u00eam nhi\u1ec1u th\u00f4ng tin v\u00e0 \u01b0u \u0111\u00e3i v\u1ec1 lo\u1ea1i b\u0103ng keo n\u00e0y n\u1eefa nh\u00e9 !<\/p>\n<p>&nbsp;<\/p>","protected":false},"excerpt":{"rendered":"<p><span style=\"color: #0000ff;\"><strong>Ch\u1ea5t li\u1ec7u<\/strong>\uff1a<\/span> : gi\u1ea5y kraft<\/p>\n<p><strong><span style=\"color: #0000ff;\">M\u00e0u s\u1eafc<\/span><\/strong>: n\u00e2u<\/p>\n<p><strong><span style=\"color: #0000ff;\">Quy c\u00e1ch<\/span><\/strong>: theo y\u00eau c\u1ea7u kh\u00e1ch h\u00e0ng<\/p>\n<p>*<em>Chi\u1ec1u r\u1ed9ng<\/em> : 3mm~1160mm<\/p>\n<p>*<em>Chi\u1ec1u d\u00e0i<\/em>: 45M<\/p>\n<p><strong><span style=\"color: #0000ff;\">C\u00f4ng d\u1ee5ng<\/span><\/strong>: D\u00e1n n\u1ed1i c\u00e1c m\u1eb7t c\u1eaft ngang<\/p>\n<p><strong><span style=\"color: #0000ff;\">Ghi ch\u00fa<\/span><\/strong>:\u00a0m\u1eb7t gi\u1ea5y kh\u00f4ng th\u1ec3 vi\u1ebft ch\u1eef<\/p>","protected":false},"featured_media":763,"comment_status":"open","ping_status":"closed","template":"","meta":[],"product_brand":[],"product_cat":[21,93],"product_tag":[29],"class_list":{"0":"post-225","1":"product","2":"type-product","3":"status-publish","4":"has-post-thumbnail","6":"product_cat-bang-keo","7":"product_cat-93","8":"product_tag-bang-keo-da-bo-bong","10":"first","11":"instock","12":"shipping-taxable","13":"product-type-simple"},"jetpack_sharing_enabled":true,"_links":{"self":[{"href":"https:\/\/bangkeovietkhac.com\/vi\/wp-json\/wp\/v2\/product\/225","targetHints":{"allow":["GET"]}}],"collection":[{"href":"https:\/\/bangkeovietkhac.com\/vi\/wp-json\/wp\/v2\/product"}],"about":[{"href":"https:\/\/bangkeovietkhac.com\/vi\/wp-json\/wp\/v2\/types\/product"}],"replies":[{"embeddable":true,"href":"https:\/\/bangkeovietkhac.com\/vi\/wp-json\/wp\/v2\/comments?post=225"}],"wp:featuredmedia":[{"embeddable":true,"href":"https:\/\/bangkeovietkhac.com\/vi\/wp-json\/wp\/v2\/media\/763"}],"wp:attachment":[{"href":"https:\/\/bangkeovietkhac.com\/vi\/wp-json\/wp\/v2\/media?parent=225"}],"wp:term":[{"taxonomy":"product_brand","embeddable":true,"href":"https:\/\/bangkeovietkhac.com\/vi\/wp-json\/wp\/v2\/product_brand?post=225"},{"taxonomy":"product_cat","embeddable":true,"href":"https:\/\/bangkeovietkhac.com\/vi\/wp-json\/wp\/v2\/product_cat?post=225"},{"taxonomy":"product_tag","embeddable":true,"href":"https:\/\/bangkeovietkhac.com\/vi\/wp-json\/wp\/v2\/product_tag?post=225"}],"curies":[{"name":"wp","href":"https:\/\/api.w.org\/{rel}","templated":true}]}}