{"id":226,"date":"2022-03-24T16:02:27","date_gmt":"2022-03-24T09:02:27","guid":{"rendered":"https:\/\/bangkeovietkhac.com\/?post_type=product&#038;p=226"},"modified":"2022-10-11T16:26:47","modified_gmt":"2022-10-11T09:26:47","slug":"bang-keo-da-bo-tham-nuoc","status":"publish","type":"product","link":"https:\/\/bangkeovietkhac.com\/vi\/san-pham\/bang-keo-da-bo-tham-nuoc\/","title":{"rendered":"B\u0103ng keo da b\u00f2 th\u1ea5m n\u01b0\u1edbc"},"content":{"rendered":"<p><em>Th\u1ecb tr\u01b0\u1eddng hi\u1ec7n nay xu\u1ea5t hi\u1ec7n r\u1ea5t nhi\u1ec1u lo\u1ea1i b\u0103ng keo v\u1edbi nhi\u1ec1u \u1ee9ng d\u1ee5ng kh\u00e1c nhau, tuy nhi\u00ean kh\u00f4ng th\u1ec3 kh\u00f4ng k\u1ec3 \u0111\u1ebfn lo\u1ea1i b\u1eb1ng keo da b\u00f2 ch\u1ec9 th\u1ea5m n\u01b0\u1edbc hay c\u00f2n g\u1ecdi l\u00e0 b\u0103ng keo gi\u1ea5y n\u00e2u c\u00f3 ch\u1ec9 th\u1ea5m n\u01b0\u1edbc. D\u01b0\u1edbi \u0111\u00e2y l\u00e0 b\u00e0i vi\u1ebft gi\u1edbi thi\u1ec7u \u0111\u1ebfn ng\u01b0\u1eddi d\u00f9ng chi ti\u1ebft h\u01a1n v\u1ec1 t\u00ean g\u1ecdi c\u0169ng nh\u01b0 nh\u1eefng t\u00ednh n\u0103ng h\u1eefu d\u1ee5ng c\u1ee7a lo\u1ea1i b\u0103ng keo c\u00f3 t\u00ean \u0111\u1ed9c \u0111\u00e1o nh\u01b0 tr\u00ean !<\/em><\/p>\n<p><em><strong>B\u0103ng keo da b\u00f2 ch\u1ec9 th\u1ea5m n\u01b0\u1edbc l\u00e0 g\u00ec?<\/strong><\/em><\/p>\n<p>B\u0103ng keo da b\u00f2 ch\u1ec9 th\u1ea5m n\u01b0\u1edbc l\u00e0 s\u1ea3n ph\u1ea9m chuy\u00ean d\u1ee5ng l\u00e0m t\u1eeb gi\u1ea5y kraft t\u1ef1 nhi\u00ean th\u00e2n thi\u1ec7n v\u1edbi m\u00f4i tr\u01b0\u1eddng. B\u00ean trong l\u1edbp gi\u1ea5y kraft \u0111\u01b0\u1ee3c b\u1ed5 sung th\u00eam s\u1ee3i x\u00f4 \u0111an xen v\u1edbi nhau c\u00f9ng h\u1ee3p ch\u1ea5t k\u1ebft d\u00ednh \u0111\u01b0\u1ee3c l\u00e0m t\u1eeb tinh b\u1ed9t ng\u00f4 cao c\u1ea5p, l\u00e0m t\u0103ng hi\u1ec7u su\u1ea5t k\u1ebft d\u00ednh ca v\u00e0 khi s\u1eed d\u1ee5ng c\u1ea7n b\u1ed5 sung n\u01b0\u1edbc \u0111\u1ec3 k\u00edch ho\u1ea1t c\u00e1c ho\u1ea1t ch\u1ea5t tr\u00ean n\u1ec1n b\u0103ng keo \u0111\u1ec3 c\u00f3 th\u1ec3 d\u1ec5 d\u00e0ng s\u1eed d\u1ee5ng l\u00ean b\u1ec1 m\u1eb7t v\u1eadt li\u1ec7u.<\/p>\n<p><img loading=\"lazy\" decoding=\"async\" class=\"alignnone size-medium wp-image-579\" src=\"https:\/\/bangkeovietkhac.com\/wp-content\/uploads\/2022\/03\/z3420944584097_ea2bbbc21832c0684c3acf971c3bb7cb-300x225.jpg\" alt=\"\" width=\"300\" height=\"225\" srcset=\"https:\/\/bangkeovietkhac.com\/wp-content\/uploads\/2022\/03\/z3420944584097_ea2bbbc21832c0684c3acf971c3bb7cb-300x225.jpg 300w, https:\/\/bangkeovietkhac.com\/wp-content\/uploads\/2022\/03\/z3420944584097_ea2bbbc21832c0684c3acf971c3bb7cb-1024x768.jpg 1024w, https:\/\/bangkeovietkhac.com\/wp-content\/uploads\/2022\/03\/z3420944584097_ea2bbbc21832c0684c3acf971c3bb7cb-768x576.jpg 768w, https:\/\/bangkeovietkhac.com\/wp-content\/uploads\/2022\/03\/z3420944584097_ea2bbbc21832c0684c3acf971c3bb7cb-1536x1152.jpg 1536w, https:\/\/bangkeovietkhac.com\/wp-content\/uploads\/2022\/03\/z3420944584097_ea2bbbc21832c0684c3acf971c3bb7cb-2048x1536.jpg 2048w, https:\/\/bangkeovietkhac.com\/wp-content\/uploads\/2022\/03\/z3420944584097_ea2bbbc21832c0684c3acf971c3bb7cb-16x12.jpg 16w, https:\/\/bangkeovietkhac.com\/wp-content\/uploads\/2022\/03\/z3420944584097_ea2bbbc21832c0684c3acf971c3bb7cb-1320x990.jpg 1320w, https:\/\/bangkeovietkhac.com\/wp-content\/uploads\/2022\/03\/z3420944584097_ea2bbbc21832c0684c3acf971c3bb7cb-600x450.jpg 600w\" sizes=\"auto, (max-width: 300px) 100vw, 300px\" \/> <img loading=\"lazy\" decoding=\"async\" class=\"alignnone size-medium wp-image-586\" src=\"https:\/\/bangkeovietkhac.com\/wp-content\/uploads\/2022\/03\/z3420944772561_7ef6969a3737390aeb149ac4dcf4503e-300x225.jpg\" alt=\"\" width=\"300\" height=\"225\" srcset=\"https:\/\/bangkeovietkhac.com\/wp-content\/uploads\/2022\/03\/z3420944772561_7ef6969a3737390aeb149ac4dcf4503e-300x225.jpg 300w, https:\/\/bangkeovietkhac.com\/wp-content\/uploads\/2022\/03\/z3420944772561_7ef6969a3737390aeb149ac4dcf4503e-1024x768.jpg 1024w, https:\/\/bangkeovietkhac.com\/wp-content\/uploads\/2022\/03\/z3420944772561_7ef6969a3737390aeb149ac4dcf4503e-768x576.jpg 768w, https:\/\/bangkeovietkhac.com\/wp-content\/uploads\/2022\/03\/z3420944772561_7ef6969a3737390aeb149ac4dcf4503e-1536x1152.jpg 1536w, https:\/\/bangkeovietkhac.com\/wp-content\/uploads\/2022\/03\/z3420944772561_7ef6969a3737390aeb149ac4dcf4503e-2048x1536.jpg 2048w, https:\/\/bangkeovietkhac.com\/wp-content\/uploads\/2022\/03\/z3420944772561_7ef6969a3737390aeb149ac4dcf4503e-16x12.jpg 16w, https:\/\/bangkeovietkhac.com\/wp-content\/uploads\/2022\/03\/z3420944772561_7ef6969a3737390aeb149ac4dcf4503e-1320x990.jpg 1320w, https:\/\/bangkeovietkhac.com\/wp-content\/uploads\/2022\/03\/z3420944772561_7ef6969a3737390aeb149ac4dcf4503e-600x450.jpg 600w\" sizes=\"auto, (max-width: 300px) 100vw, 300px\" \/> <img loading=\"lazy\" decoding=\"async\" class=\"alignnone size-medium wp-image-584\" src=\"https:\/\/bangkeovietkhac.com\/wp-content\/uploads\/2022\/03\/z3420944721747_3b9aa0aeda42b2da4388e6235717a4a3-300x225.jpg\" alt=\"\" width=\"300\" height=\"225\" srcset=\"https:\/\/bangkeovietkhac.com\/wp-content\/uploads\/2022\/03\/z3420944721747_3b9aa0aeda42b2da4388e6235717a4a3-300x225.jpg 300w, https:\/\/bangkeovietkhac.com\/wp-content\/uploads\/2022\/03\/z3420944721747_3b9aa0aeda42b2da4388e6235717a4a3-1024x768.jpg 1024w, https:\/\/bangkeovietkhac.com\/wp-content\/uploads\/2022\/03\/z3420944721747_3b9aa0aeda42b2da4388e6235717a4a3-768x576.jpg 768w, https:\/\/bangkeovietkhac.com\/wp-content\/uploads\/2022\/03\/z3420944721747_3b9aa0aeda42b2da4388e6235717a4a3-1536x1152.jpg 1536w, https:\/\/bangkeovietkhac.com\/wp-content\/uploads\/2022\/03\/z3420944721747_3b9aa0aeda42b2da4388e6235717a4a3-2048x1536.jpg 2048w, https:\/\/bangkeovietkhac.com\/wp-content\/uploads\/2022\/03\/z3420944721747_3b9aa0aeda42b2da4388e6235717a4a3-16x12.jpg 16w, https:\/\/bangkeovietkhac.com\/wp-content\/uploads\/2022\/03\/z3420944721747_3b9aa0aeda42b2da4388e6235717a4a3-1320x990.jpg 1320w, https:\/\/bangkeovietkhac.com\/wp-content\/uploads\/2022\/03\/z3420944721747_3b9aa0aeda42b2da4388e6235717a4a3-600x450.jpg 600w\" sizes=\"auto, (max-width: 300px) 100vw, 300px\" \/><\/p>\n<p>B\u0103ng keo da b\u00f2 ch\u1ec9 th\u1ea5m n\u01b0\u1edbc c\u00f3 hai lo\u1ea1i: c\u00f3 ch\u1ec9 (n\u1ed5i \u0111\u01b0\u1eddng g\u00e2n) v\u00e0 kh\u00f4ng ch\u1ec9 (tr\u01a1n). Hai lo\u1ea1i b\u0103ng keo n\u00e0y c\u00f3 \u0111\u1ed9 d\u00ednh nh\u01b0 nhau nh\u01b0ng b\u0103ng keo c\u00f3 ch\u1ec9 \u00a0c\u00f3 c\u00e1c s\u1ee3i x\u00f4 \u0111an nhau. Nh\u1edd c\u00f3 nh\u1eefng s\u1ee3i n\u00e0y, l\u1edbp n\u1ec1n c\u1ee7a b\u0103ng d\u00ednh tr\u1edf n\u00ean ch\u1eafc ch\u1eafn v\u00e0 c\u00f3 kh\u1ea3 n\u0103ng ch\u1ecbu l\u1ef1c t\u1ed1t h\u01a1n.<\/p>\n<p><strong><em>\u01afu \u0111i\u1ec3m v\u00e0 c\u00f4ng d\u1ee5ng c\u1ee7a b\u1eb1ng keo da b\u00f2 c\u00f3 ch\u1ec9 th\u1ea5m n\u01b0\u1edbc l\u00e0 g\u00ec ?\u00a0<\/em><\/strong><\/p>\n<ul>\n<li>S\u1eed d\u1ee5ng ch\u1ea5t gi\u1ea5y th\u00e2n thi\u1ec7n m\u00f4i tr\u01b0\u1eddng c\u00f3 kh\u1ea3 n\u0103ng t\u1ef1 ph\u00e2n h\u1ee7y trong t\u1ef1 nhi\u00ean ho\u1eb7c t\u00e1i ch\u1ebf ho\u00e0n to\u00e0n.<\/li>\n<li>Hi\u1ec7u qu\u1ea3 h\u01a1n trong vi\u1ec7c s\u1eed d\u1ee5ng trong m\u00f4i tr\u01b0\u1eddng b\u1ee5i b\u1ea9n m\u00e0 kh\u00f4ng l\u00e0m gi\u1ea3m ch\u1ea5t l\u01b0\u1ee3ng b\u00e1m d\u00ednh c\u1ee7a b\u0103ng keo.<\/li>\n<li>\u0110\u01b0\u1ee3c k\u00edch ho\u1ea1t b\u1eb1ng n\u01b0\u1edbc khi s\u1eed d\u1ee5ng v\u00e0 \u0111\u1ea3m b\u1ea3o \u0111\u1ed9 k\u1ebft d\u00ednh ch\u1eafc ch\u1eafn ngay c\u1ea3 trong \u0111i\u1ec1u ki\u1ec7n nhi\u1ec7t \u0111\u1ed9 v\u00e0 th\u1eddi ti\u1ebft kh\u1eafc nghi\u1ec7t, c\u0169ng nh\u01b0 \u1edf nh\u1eefng n\u01a1i c\u00f3 nhi\u1ec1u \u00e1nh s\u00e1ng ho\u1eb7c \u0111\u1ed9 \u1ea9m.<\/li>\n<\/ul>\n<ol>\n<li>B\u0103ng keo da b\u00f2 ch\u1ec9 th\u1ea5m n\u01b0\u1edbc c\u00f3 m\u1eb7t keo m\u1ecbn, \u0111\u01b0\u1ee3c ph\u1ee7 \u0111\u1ec1u v\u00e0 k\u1ebft d\u00ednh ngay khi g\u1eb7p n\u01b0\u1edbc, ch\u00ednh v\u00ec v\u1eady n\u00f3 c\u00f3 \u0111\u1ed9 b\u00e1m b\u1ec1n dai ch\u1eafc \u0111\u1ebfn m\u1ee9c g\u1ea7n nh\u01b0 kh\u00f3 c\u00f3 th\u1ec3 g\u1ee1 ra tr\u00ean b\u1ec1 m\u1eb7t v\u1eadt li\u1ec7u \u0111\u01b0\u1ee3c d\u00e1n.Ch\u00ednh v\u00ec v\u1eady, lo\u1ea1i b\u0103ng keo n\u00e0y mang l\u1ea1i nhi\u1ec1u \u1ee9ng d\u1ee5ng h\u1eefu \u00edch trong th\u1ef1c t\u1ebf nh\u01b0 d\u00e1n l\u00e0m nh\u00e3n, ti\u00eau \u0111\u1ec1, \u0111\u00f3ng g\u00f3i qu\u00e0 t\u1eb7ng, b\u01b0u ph\u1ea9m nh\u1eb9, b\u1ecdc \u0111\u1ed3 ga \u0111\u1ec7m,d\u00e1n l\u00f3t th\u1ea3m,\u2026<\/li>\n<li>\u0110\u1eb7c bi\u1ec7t lo\u1ea1i b\u0103ng keo n\u00e0y c\u00f3 nh\u1eefng \u0111\u01b0\u1eddng x\u00f4 xen k\u1ebd nhau \u0111\u01b0\u1ee3c li\u00ean k\u1ebft r\u1ea5t ch\u1eafc ch\u1eafn nh\u1edd v\u00e0o \u0111\u00f3 m\u00e0 n\u00f3 c\u00f3 th\u1ec3 ch\u1ecbu \u0111\u01b0\u1ee3c l\u1ef1c l\u1edbn. Ngo\u00e0i ra, c\u00f2n c\u00f3 kh\u1ea3 n\u0103ng ch\u1ecbu nhi\u1ec7t l\u00ean \u0111\u1ebfn 150 \u0111\u1ed9 C t\u1ea1i \u0111i\u1ec1u ki\u1ec7n m\u00f4i tr\u01b0\u1eddng kh\u1eafc nghi\u1ec7t nh\u01b0 trong c\u00f4ng nghi\u1ec7p hay s\u1ea3n xu\u1ea5t.<\/li>\n<\/ol>\n<p style=\"text-align: center;\"><strong><span style=\"color: #ff0000; font-size: 110%;\">S\u1eec D\u1ee4NG B\u0102NG KEO B\u1ea0N C\u1ea6N CH\u00da \u00dd ? ? ?<\/span><\/strong><\/p>\n<ol>\n<li>Vi\u1ec7c b\u1ea3o qu\u1ea3n b\u0103ng keo l\u00e0 tr\u00e1nh \u00e1nh n\u1eafng tr\u1ef1c ti\u1ebfp v\u00e0 b\u1ea3o qu\u1ea3n \u1edf nhi\u1ec7t \u0111\u1ed9 th\u01b0\u1eddng.<\/li>\n<li>Khi s\u1eed d\u1ee5ng b\u0103ng keo, c\u1ea7n l\u00e0m s\u1ea1ch b\u1ec1 m\u1eb7t c\u1ee7a ch\u1ea5t k\u1ebft d\u00ednh \u0111\u1ec3 tr\u00e1nh b\u1ee5i m\u1ecbn \u1ea3nh h\u01b0\u1edfng \u0111\u1ebfn \u0111\u1ed9 k\u1ebft d\u00ednh c\u1ee7a keo.<\/li>\n<li>Sau khi d\u00e1n b\u0103ng keo n\u00ean d\u00f9ng l\u1ef1c \u00e9p \u0111\u1ec3 keo d\u00ednh v\u00e0 ph\u00e1t huy t\u1ed1t.<\/li>\n<li>N\u1ebfu c\u00f3 qu\u00e1 tr\u00ecnh x\u1eed l\u00fd \u0111\u1eb7c bi\u1ec7t (V\u00ed d\u1ee5: l\u1edbp ph\u1ee7) tr\u00ean h\u00e0ng h\u00f3a \u0111\u01b0\u1ee3c d\u00e1n, th\u00ec ph\u1ea3i s\u1eed d\u1ee5ng c\u00e1c lo\u1ea1i b\u0103ng keo \u0111\u1eb7c bi\u1ec7t kh\u00e1c c\u00f3 t\u00ednh \u0111\u1eb7c tr\u01b0ng ph\u00f9 h\u1ee3p v\u1edbi s\u1ea3n ph\u1ea9m,...<\/li>\n<li>Tr\u00e1nh ti\u1ebfp x\u00fac v\u1edbi c\u00e1c c\u1ea1nh s\u1eafc \u1edf c\u00e1c m\u1eb7t c\u1ee7a b\u0103ng keo \u0111\u1ec3 tr\u00e1nh b\u0103ng keo b\u1ecb \u0111\u1ee9t khi s\u1eed d\u1ee5ng.<\/li>\n<\/ol>","protected":false},"excerpt":{"rendered":"<p><span style=\"color: #0000ff;\">Ch\u1ea5t li\u1ec7u<\/span>: gi\u1ea5y kraft<\/p>\n<p><span style=\"color: #0000ff;\">M\u00e0u s\u1eafc<\/span>: n\u00e2u<\/p>\n<p><span style=\"color: #0000ff;\">Quy c\u00e1ch<\/span>: theo y\u00eau c\u1ea7u kh\u00e1ch h\u00e0ng<\/p>\n<p><span style=\"color: #0000ff;\">C\u00f4ng d\u1ee5ng<\/span>: ni\u00eam phong th\u00f9ng h\u00e0ng, ch\u1ed1ng tr\u1ed9m,\u2026<\/p>","protected":false},"featured_media":427,"comment_status":"open","ping_status":"closed","template":"","meta":[],"product_brand":[],"product_cat":[21,93],"product_tag":[30],"class_list":{"0":"post-226","1":"product","2":"type-product","3":"status-publish","4":"has-post-thumbnail","6":"product_cat-bang-keo","7":"product_cat-93","8":"product_tag-bang-keo-da-bo-tham-nuoc","10":"first","11":"instock","12":"shipping-taxable","13":"product-type-simple"},"jetpack_sharing_enabled":true,"_links":{"self":[{"href":"https:\/\/bangkeovietkhac.com\/vi\/wp-json\/wp\/v2\/product\/226","targetHints":{"allow":["GET"]}}],"collection":[{"href":"https:\/\/bangkeovietkhac.com\/vi\/wp-json\/wp\/v2\/product"}],"about":[{"href":"https:\/\/bangkeovietkhac.com\/vi\/wp-json\/wp\/v2\/types\/product"}],"replies":[{"embeddable":true,"href":"https:\/\/bangkeovietkhac.com\/vi\/wp-json\/wp\/v2\/comments?post=226"}],"wp:featuredmedia":[{"embeddable":true,"href":"https:\/\/bangkeovietkhac.com\/vi\/wp-json\/wp\/v2\/media\/427"}],"wp:attachment":[{"href":"https:\/\/bangkeovietkhac.com\/vi\/wp-json\/wp\/v2\/media?parent=226"}],"wp:term":[{"taxonomy":"product_brand","embeddable":true,"href":"https:\/\/bangkeovietkhac.com\/vi\/wp-json\/wp\/v2\/product_brand?post=226"},{"taxonomy":"product_cat","embeddable":true,"href":"https:\/\/bangkeovietkhac.com\/vi\/wp-json\/wp\/v2\/product_cat?post=226"},{"taxonomy":"product_tag","embeddable":true,"href":"https:\/\/bangkeovietkhac.com\/vi\/wp-json\/wp\/v2\/product_tag?post=226"}],"curies":[{"name":"wp","href":"https:\/\/api.w.org\/{rel}","templated":true}]}}