{"id":227,"date":"2022-03-25T09:32:01","date_gmt":"2022-03-25T02:32:01","guid":{"rendered":"https:\/\/bangkeovietkhac.com\/?post_type=product&#038;p=227"},"modified":"2022-10-11T14:57:31","modified_gmt":"2022-10-11T07:57:31","slug":"bang-keo-hai-mat-trang-nuoc","status":"publish","type":"product","link":"https:\/\/bangkeovietkhac.com\/vi\/san-pham\/bang-keo-hai-mat-trang-nuoc\/","title":{"rendered":"B\u0102NG KEO 2 M\u1eb6T-KEO N\u01af\u1edaC"},"content":{"rendered":"<p style=\"text-align: center;\"><span style=\"font-size: 120%; color: #0000ff;\"><em><strong>B\u0103ng keo 2 m\u1eb7t l\u00e0 g\u00ec?<\/strong><\/em><\/span><\/p>\n<p>B\u0103ng keo 2 m\u1eb7t th\u00f4ng th\u01b0\u1eddng s\u1ebd c\u00f3 c\u1ea5u t\u1ea1o g\u1ed3m 1 l\u1edbp keo \u2013 gi\u1ea5y l\u1ee5a \u2013 keo v\u00e0 1 l\u1edbp gi\u1ea5y b\u00f3ng li h\u00ecnh ph\u1ee7 b\u00ean ngo\u00e0i. Ch\u00ednh \u0111\u1eb7c \u0111i\u1ec3m c\u1ea5u t\u1ea1o n\u00e0y v\u1eeba mang l\u1ea1i s\u1ef1 ti\u1ec7n d\u1ee5ng cho ng\u01b0\u1eddi d\u00f9ng, d\u1ec5 d\u00e0ng x\u00e9 b\u1eb1ng tay v\u1eeba t\u1ea1o n\u00ean k\u1ebft kh\u1ed1i b\u1ec1n v\u1eefng, b\u00e1m d\u00ednh v\u00f4 c\u00f9ng ch\u1eafc ch\u1eafn.<img loading=\"lazy\" decoding=\"async\" class=\"aligncenter wp-image-719 size-large\" src=\"https:\/\/bangkeovietkhac.com\/wp-content\/uploads\/2022\/03\/hai-mat-nuoc-1-1024x768.jpg\" alt=\"\" width=\"1020\" height=\"765\" srcset=\"https:\/\/bangkeovietkhac.com\/wp-content\/uploads\/2022\/03\/hai-mat-nuoc-1-1024x768.jpg 1024w, https:\/\/bangkeovietkhac.com\/wp-content\/uploads\/2022\/03\/hai-mat-nuoc-1-300x225.jpg 300w, https:\/\/bangkeovietkhac.com\/wp-content\/uploads\/2022\/03\/hai-mat-nuoc-1-768x576.jpg 768w, https:\/\/bangkeovietkhac.com\/wp-content\/uploads\/2022\/03\/hai-mat-nuoc-1-1536x1152.jpg 1536w, https:\/\/bangkeovietkhac.com\/wp-content\/uploads\/2022\/03\/hai-mat-nuoc-1-2048x1536.jpg 2048w, https:\/\/bangkeovietkhac.com\/wp-content\/uploads\/2022\/03\/hai-mat-nuoc-1-1320x990.jpg 1320w, https:\/\/bangkeovietkhac.com\/wp-content\/uploads\/2022\/03\/hai-mat-nuoc-1-600x450.jpg 600w\" sizes=\"auto, (max-width: 1020px) 100vw, 1020px\" \/><\/p>\n<p><em><strong>\u01afu \u0111i\u1ec3m v\u00e0 c\u00f4ng d\u1ee5ng c\u1ee7a b\u0103ng keo 2 m\u1eb7t tr\u1eafng n\u01b0\u1edbc l\u00e0 g\u00ec ?\u00a0<\/strong><\/em><\/p>\n<p>\u2714\ufe0fLo\u1ea1i b\u0103ng keo 2 m\u1eb7t tr\u1eafng n\u01b0\u1edbc n\u00e0y c\u00f3 \u0111\u1ed9 d\u00ednh v\u1eeba ph\u1ea3i\uff0880MIC\uff09, b\u1ec1n b\u1ec9 trong th\u1eddi gian d\u00e0i, b\u00e1m d\u00ednh \u0111\u01b0\u1ee3c tr\u00ean nhi\u1ec1u b\u1ec1 m\u1eb7t kh\u00e1c nhau,c\u00f3 nhi\u1ec1u c\u00f4ng d\u1ee5ng v\u00e0 \u0111\u01b0\u1ee3c s\u1eed d\u1ee5ng nhi\u1ec1u n\u00ean lo\u1ea1i b\u0103ng keo n\u00e0y ta th\u01b0\u1eddng g\u1eb7p mua \u1edf nh\u00e0 s\u00e1ch. Ngo\u00e0i ra, b\u0103ng keo 2 m\u1eb7t tr\u1eafng n\u01b0\u1edbc c\u00f3 \u0111\u1eb7c t\u00ednh li\u00ean k\u1ebft hai m\u1eb7t v\u1eadt li\u1ec7u, n\u00e2ng cao gi\u00e1 tr\u1ecb th\u1ea9m m\u1ef9 trong vi\u1ec7c trang tr\u00ed s\u1ea3n ph\u1ea9m<\/p>\n<p>\u2714\ufe0fB\u0103ng keo n\u00e0y c\u00f3 kh\u1ea3 n\u0103ng ch\u1ecbu nhi\u1ec7t \u0111\u1ed9 cao v\u1eeba ph\u1ea3i, ch\u1ed1ng \u0111\u01b0\u1ee3c c\u00e1c t\u00e1c \u0111\u1ed9ng t\u1eeb b\u00ean ngo\u00e0i v\u00e0 b\u1ee9c x\u1ea1 m\u1eb7t tr\u1eddi, c\u00f3 th\u1ec3 ch\u1ecbu l\u1ef1c v\u00e0 ch\u1ed1ng th\u1ea5m n\u01b0\u1edbc, ng\u01b0\u1eddi d\u00f9ng c\u00f3 th\u1ec3 y\u00ean t\u00e2m s\u1eed d\u1ee5ng.<\/p>\n<p style=\"text-align: center;\"><span style=\"font-size: 110%; color: #ff0000;\"><strong>S\u1eec D\u1ee4NG B\u0102NG KEO B\u1ea0N C\u1ea6N CH\u00da \u00dd ? ? ?<\/strong><\/span><\/p>\n<ol>\n<li>Vi\u1ec7c b\u1ea3o qu\u1ea3n b\u0103ng keo l\u00e0 tr\u00e1nh \u00e1nh n\u1eafng tr\u1ef1c ti\u1ebfp v\u00e0 b\u1ea3o qu\u1ea3n \u1edf nhi\u1ec7t \u0111\u1ed9 th\u01b0\u1eddng.<\/li>\n<li>Khi s\u1eed d\u1ee5ng b\u0103ng keo, c\u1ea7n l\u00e0m s\u1ea1ch b\u1ec1 m\u1eb7t c\u1ee7a ch\u1ea5t k\u1ebft d\u00ednh \u0111\u1ec3 tr\u00e1nh b\u1ee5i m\u1ecbn \u1ea3nh h\u01b0\u1edfng \u0111\u1ebfn \u0111\u1ed9 k\u1ebft d\u00ednh c\u1ee7a keo.<\/li>\n<li>Sau khi d\u00e1n b\u0103ng keo n\u00ean d\u00f9ng l\u1ef1c \u00e9p \u0111\u1ec3 keo d\u00ednh v\u00e0 ph\u00e1t huy t\u1ed1t.<\/li>\n<li>N\u1ebfu c\u00f3 qu\u00e1 tr\u00ecnh x\u1eed l\u00fd \u0111\u1eb7c bi\u1ec7t (V\u00ed d\u1ee5: l\u1edbp ph\u1ee7) tr\u00ean h\u00e0ng h\u00f3a \u0111\u01b0\u1ee3c d\u00e1n, th\u00ec ph\u1ea3i s\u1eed d\u1ee5ng c\u00e1c lo\u1ea1i b\u0103ng keo \u0111\u1eb7c bi\u1ec7t kh\u00e1c c\u00f3 t\u00ednh \u0111\u1eb7c tr\u01b0ng ph\u00f9 h\u1ee3p v\u1edbi s\u1ea3n ph\u1ea9m,...<\/li>\n<li>Tr\u00e1nh ti\u1ebfp x\u00fac v\u1edbi c\u00e1c c\u1ea1nh s\u1eafc \u1edf c\u00e1c m\u1eb7t c\u1ee7a b\u0103ng keo \u0111\u1ec3 tr\u00e1nh b\u0103ng keo b\u1ecb \u0111\u1ee9t khi s\u1eed d\u1ee5ng.<\/li>\n<\/ol>","protected":false},"excerpt":{"rendered":"<p><span style=\"color: #0000ff;\"><b>Ch\u1ea5t li\u1ec7u<\/b><\/span>: gi\u1ea5y li h\u00ecnh, gi\u1ea5y l\u1ee5a, keo nhi\u1ec7t<\/p>\n<p><span style=\"color: #0000ff;\"><b>M\u00e0u s\u1eafc<\/b><\/span>: tr\u1eafng \u2013 trong<\/p>\n<p><span style=\"color: #0000ff;\"><b>Quy c\u00e1ch<\/b><\/span>: Theo nhu c\u1ea7u kh\u00e1ch h\u00e0ng<\/p>\n<p>*<span style=\"color: #00aae7;\"><em>Chi\u1ec1u r\u1ed9ng<\/em><\/span>\uff1a3mm~1240mm<\/p>\n<p>*<span style=\"color: #00aae7;\"><em>Chi\u1ec1u d\u00e0i<\/em><\/span>\uff1a23M &amp; 45M<\/p>\n<p><span style=\"color: #0000ff;\"><b>C\u00f4ng d\u1ee5ng<\/b><\/span>: d\u00f9ng trong c\u00f4ng nghi\u1ec7p gi\u00e0y, may m\u1eb7c, gia d\u1ee5ng, gi\u1ea5y, v.v...<\/p>","protected":false},"featured_media":434,"comment_status":"open","ping_status":"closed","template":"","meta":[],"product_brand":[],"product_cat":[21,93],"product_tag":[31,94],"class_list":{"0":"post-227","1":"product","2":"type-product","3":"status-publish","4":"has-post-thumbnail","6":"product_cat-bang-keo","7":"product_cat-93","8":"product_tag-bang-keo-hai-mat-trang-nuoc","9":"product_tag-94","11":"first","12":"instock","13":"shipping-taxable","14":"product-type-simple"},"jetpack_sharing_enabled":true,"_links":{"self":[{"href":"https:\/\/bangkeovietkhac.com\/vi\/wp-json\/wp\/v2\/product\/227","targetHints":{"allow":["GET"]}}],"collection":[{"href":"https:\/\/bangkeovietkhac.com\/vi\/wp-json\/wp\/v2\/product"}],"about":[{"href":"https:\/\/bangkeovietkhac.com\/vi\/wp-json\/wp\/v2\/types\/product"}],"replies":[{"embeddable":true,"href":"https:\/\/bangkeovietkhac.com\/vi\/wp-json\/wp\/v2\/comments?post=227"}],"wp:featuredmedia":[{"embeddable":true,"href":"https:\/\/bangkeovietkhac.com\/vi\/wp-json\/wp\/v2\/media\/434"}],"wp:attachment":[{"href":"https:\/\/bangkeovietkhac.com\/vi\/wp-json\/wp\/v2\/media?parent=227"}],"wp:term":[{"taxonomy":"product_brand","embeddable":true,"href":"https:\/\/bangkeovietkhac.com\/vi\/wp-json\/wp\/v2\/product_brand?post=227"},{"taxonomy":"product_cat","embeddable":true,"href":"https:\/\/bangkeovietkhac.com\/vi\/wp-json\/wp\/v2\/product_cat?post=227"},{"taxonomy":"product_tag","embeddable":true,"href":"https:\/\/bangkeovietkhac.com\/vi\/wp-json\/wp\/v2\/product_tag?post=227"}],"curies":[{"name":"wp","href":"https:\/\/api.w.org\/{rel}","templated":true}]}}