{"id":228,"date":"2022-03-25T09:38:10","date_gmt":"2022-03-25T02:38:10","guid":{"rendered":"https:\/\/bangkeovietkhac.com\/?post_type=product&#038;p=228"},"modified":"2022-10-11T14:22:00","modified_gmt":"2022-10-11T07:22:00","slug":"bang-keo-hai-mat-trang-dau","status":"publish","type":"product","link":"https:\/\/bangkeovietkhac.com\/vi\/san-pham\/bang-keo-hai-mat-trang-dau\/","title":{"rendered":"B\u0102NG KEO 2 M\u1eb6T-KEO D\u1ea6U TR\u1eaeNG"},"content":{"rendered":"<p>Kh\u00f4ng gi\u1ed1ng v\u1edbi\u00a0b\u0103ng keo 2 m\u1eb7t tr\u1eafng n\u01b0\u1edbc, b\u0103ng keo 2 m\u1eb7t tr\u1eafng d\u1ea7u th\u01b0\u1eddng \u0111\u01b0\u1ee3c s\u1eed d\u1ee5ng nhi\u1ec1u trong c\u00e1c ng\u00e0nh c\u00f4ng nghi\u1ec7p nh\u1edd \u0111\u1ed9 b\u00e1m d\u00ednh t\u1ed1t h\u01a1n, ch\u1ec9 \u0111\u1ee9ng sau\u00a0b\u0103ng keo 2 m\u1eb7t d\u1ea7u v\u00e0ng.<\/p>\n<p style=\"text-align: center;\"><em><span style=\"font-size: 120%; color: #0000ff;\"><strong>B\u0103ng keo 2 m\u1eb7t tr\u1eafng d\u1ea7u l\u00e0 g\u00ec?<\/strong><\/span><\/em><\/p>\n<p><em><span style=\"font-size: 120%; color: #0000ff;\"><strong>C\u0169ng \u0111\u01b0\u1ee3c c\u1ea5u t\u1ea1o t\u1eeb 2 l\u1edbp<\/strong><\/span><\/em>: 1 l\u1edbp keo-gi\u1ea5y l\u1ee5a-keo, 1 l\u1edbp gi\u1ea5y li h\u00ecnh ph\u1ee7 b\u00ean ngo\u00e0i. B\u0103ng keo n\u00e0y c\u00f3 m\u00f9i h\u00f4i d\u1ea7u \u0111\u1eb7c tr\u01b0ng t\u1eeb l\u1edbp keo n\u00ean \u0111\u01b0\u1ee3c g\u1ecdi l\u00e0 b\u0103ng keo 2 m\u1eb7t tr\u1eafng d\u1ea7u.<\/p>\n<p><em><strong><span style=\"font-size: 100%;\"><span style=\"color: #282828;\">B\u0102NG KEO 2 M\u1eb6T-KEO D\u1ea6U TR\u1eaeNG <\/span><\/span><\/strong><\/em><strong><span style=\"font-size: 100%;\"><span style=\"color: #282828;\">\u01b0u \u0111i\u1ec3m<\/span><\/span><\/strong><strong><span style=\"font-size: 100%;\">v\u00e0 c\u00f4ng d\u1ee5ng nh\u01b0 sau<\/span>\uff1a<\/strong><\/p>\n<p>\u2013 C\u00f3 th\u1ec3 k\u1ec3 d\u00ednh, b\u00e1m ch\u1eb7t tr\u00ean h\u1ea7u h\u1ebft c\u00e1c v\u1eadt li\u1ec7u nh\u1eb5n nh\u01b0 kim lo\u1ea1i, k\u00ednh, nh\u1ef1a,\u2026<\/p>\n<p>\u2013 \u0110\u1ea3m b\u1ea3o t\u00ednh th\u1ea9m m\u1ef9, kh\u00f4ng l\u1ed9 v\u1ebft d\u00e1n, kh\u00f4ng l\u00e0m h\u1ecfng b\u1ec1 m\u1eb7t s\u1ea3n ph\u1ea9m sau khi b\u1ecb l\u1ed9t b\u1ecf.<\/p>\n<p>\u2013 Kh\u1ea3 n\u0103ng ch\u1ecbu nhi\u1ec7t t\u01b0\u01a1ng \u0111\u1ed1i t\u1ed1t, c\u00f3 kh\u1ea3 n\u0103ng ch\u1ecbu \u0111\u01b0\u1ee3c nhi\u1ec7t \u0111\u1ed9 l\u00ean t\u1edbi 80 \u0111\u1ed9 C.<\/p>\n<p>C\u0169ng ch\u00ednh v\u00ec c\u00f3 m\u00f9i h\u00f4i kh\u00f3 ch\u1ecbu m\u00e0 lo\u1ea1i b\u0103ng keo n\u00e0y \u0111\u01b0\u1ee3c s\u1eed d\u1ee5ng ch\u1ee7 y\u1ebfu trong c\u00f4ng nghi\u1ec7p, \u00edt \u0111\u01b0\u1ee3c b\u00e1n t\u1ea1i c\u00e1c c\u1eeda h\u00e0ng t\u1ea1p h\u00f3a, v\u0103n ph\u00f2ng ph\u1ea9m. B\u0103ng keo 2 m\u1eb7t d\u1ea7u v\u00e0ng \u0111\u01b0\u1ee3c \u1ee9ng d\u1ee5ng nhi\u1ec1u trong ng\u00e0nh c\u00f4ng nghi\u1ec7p may m\u1eb7c v\u00e0 gi\u00e0y da.<\/p>\n<p style=\"text-align: center;\"><span style=\"font-size: 120%; color: #ff0000;\"><strong>S\u1eec D\u1ee4NG B\u0102NG KEO B\u1ea0N C\u1ea6N CH\u00da \u00dd ? ? ?<\/strong><\/span><\/p>\n<ol>\n<li>Vi\u1ec7c b\u1ea3o qu\u1ea3n b\u0103ng keo l\u00e0 tr\u00e1nh \u00e1nh n\u1eafng tr\u1ef1c ti\u1ebfp v\u00e0 b\u1ea3o qu\u1ea3n \u1edf nhi\u1ec7t \u0111\u1ed9 th\u01b0\u1eddng.<\/li>\n<li>Khi s\u1eed d\u1ee5ng b\u0103ng keo, c\u1ea7n l\u00e0m s\u1ea1ch b\u1ec1 m\u1eb7t c\u1ee7a ch\u1ea5t k\u1ebft d\u00ednh \u0111\u1ec3 tr\u00e1nh b\u1ee5i m\u1ecbn \u1ea3nh h\u01b0\u1edfng \u0111\u1ebfn \u0111\u1ed9 k\u1ebft d\u00ednh c\u1ee7a keo.<\/li>\n<li>Sau khi d\u00e1n b\u0103ng keo n\u00ean d\u00f9ng l\u1ef1c \u00e9p \u0111\u1ec3 keo d\u00ednh v\u00e0 ph\u00e1t huy t\u1ed1t.<\/li>\n<li>N\u1ebfu c\u00f3 qu\u00e1 tr\u00ecnh x\u1eed l\u00fd \u0111\u1eb7c bi\u1ec7t (V\u00ed d\u1ee5: l\u1edbp ph\u1ee7) tr\u00ean h\u00e0ng h\u00f3a \u0111\u01b0\u1ee3c d\u00e1n, th\u00ec ph\u1ea3i s\u1eed d\u1ee5ng c\u00e1c lo\u1ea1i b\u0103ng keo \u0111\u1eb7c bi\u1ec7t kh\u00e1c c\u00f3 t\u00ednh \u0111\u1eb7c tr\u01b0ng ph\u00f9 h\u1ee3p v\u1edbi s\u1ea3n ph\u1ea9m,...<\/li>\n<li>Tr\u00e1nh ti\u1ebfp x\u00fac v\u1edbi c\u00e1c c\u1ea1nh s\u1eafc \u1edf c\u00e1c m\u1eb7t c\u1ee7a b\u0103ng keo \u0111\u1ec3 tr\u00e1nh b\u0103ng keo b\u1ecb \u0111\u1ee9t khi s\u1eed d\u1ee5ng.<\/li>\n<\/ol>","protected":false},"excerpt":{"rendered":"<p><span style=\"color: #0000ff;\"><strong>Ch\u1ea5t li\u1ec7u<\/strong><\/span>: gi\u1ea5y li h\u00ecnh, gi\u1ea5y l\u1ee5a, keo d\u1ea7u<\/p>\n<p><span style=\"color: #0000ff;\"><strong>M\u00e0u s\u1eafc<\/strong><\/span>: tr\u1eafng \u2013 trong<\/p>\n<p><span style=\"color: #0000ff;\"><strong>Quy c\u00e1ch<\/strong><\/span>: theo y\u00eau c\u1ea7u kh\u00e1ch h\u00e0ng<\/p>\n<p>*<span style=\"color: #00aae7;\"><em>Chi\u1ec1u r\u1ed9ng<\/em><\/span>\uff1a3mm~1240mm<\/p>\n<p>*<span style=\"color: #00aae7;\"><em>Chi\u1ec1u d\u00e0i<\/em><\/span>\uff1a23M &amp; 45M<\/p>\n<p><span style=\"color: #0000ff;\"><strong>C\u00f4ng d\u1ee5ng<\/strong><\/span>: d\u00f9ng trong c\u00f4ng nghi\u1ec7p gi\u00e0y, may m\u1eb7c, gia d\u1ee5ng, gi\u1ea5y, v.v...<\/p>","protected":false},"featured_media":430,"comment_status":"open","ping_status":"closed","template":"","meta":[],"product_brand":[],"product_cat":[21,93],"product_tag":[32,95],"class_list":{"0":"post-228","1":"product","2":"type-product","3":"status-publish","4":"has-post-thumbnail","6":"product_cat-bang-keo","7":"product_cat-93","8":"product_tag-bang-keo-hai-mat-trang-dau","9":"product_tag-95","11":"first","12":"instock","13":"shipping-taxable","14":"product-type-simple"},"jetpack_sharing_enabled":true,"_links":{"self":[{"href":"https:\/\/bangkeovietkhac.com\/vi\/wp-json\/wp\/v2\/product\/228","targetHints":{"allow":["GET"]}}],"collection":[{"href":"https:\/\/bangkeovietkhac.com\/vi\/wp-json\/wp\/v2\/product"}],"about":[{"href":"https:\/\/bangkeovietkhac.com\/vi\/wp-json\/wp\/v2\/types\/product"}],"replies":[{"embeddable":true,"href":"https:\/\/bangkeovietkhac.com\/vi\/wp-json\/wp\/v2\/comments?post=228"}],"wp:featuredmedia":[{"embeddable":true,"href":"https:\/\/bangkeovietkhac.com\/vi\/wp-json\/wp\/v2\/media\/430"}],"wp:attachment":[{"href":"https:\/\/bangkeovietkhac.com\/vi\/wp-json\/wp\/v2\/media?parent=228"}],"wp:term":[{"taxonomy":"product_brand","embeddable":true,"href":"https:\/\/bangkeovietkhac.com\/vi\/wp-json\/wp\/v2\/product_brand?post=228"},{"taxonomy":"product_cat","embeddable":true,"href":"https:\/\/bangkeovietkhac.com\/vi\/wp-json\/wp\/v2\/product_cat?post=228"},{"taxonomy":"product_tag","embeddable":true,"href":"https:\/\/bangkeovietkhac.com\/vi\/wp-json\/wp\/v2\/product_tag?post=228"}],"curies":[{"name":"wp","href":"https:\/\/api.w.org\/{rel}","templated":true}]}}