{"id":229,"date":"2022-03-25T09:40:12","date_gmt":"2022-03-25T02:40:12","guid":{"rendered":"https:\/\/bangkeovietkhac.com\/?post_type=product&#038;p=229"},"modified":"2022-06-15T16:53:42","modified_gmt":"2022-06-15T09:53:42","slug":"bang-keo-hai-mat-dau-vang","status":"publish","type":"product","link":"https:\/\/bangkeovietkhac.com\/vi\/san-pham\/bang-keo-hai-mat-dau-vang\/","title":{"rendered":"B\u0102NG KEO 2 M\u1eb6T-KEO D\u1ea6U V\u00c0NG"},"content":{"rendered":"<p>B\u0103ng keo 2 m\u1eb7t d\u1ea7u v\u00e0ng, b\u0103ng keo 2 m\u1eb7t \u0111\u01b0\u1ee3c bi\u1ebft \u0111\u1ebfn v\u1edbi \u0111\u1ed9 d\u00ednh cao nh\u1ea5t, \u0111\u01b0\u1ee3c s\u1eed d\u1ee5ng r\u1ed9ng r\u00e3i trong c\u00e1c ng\u00e0nh c\u00f4ng nghi\u1ec7p.<\/p>","protected":false},"excerpt":{"rendered":"<p><strong><span style=\"color: #0000ff;\">Ch\u1ea5t li\u1ec7u<\/span><\/strong>: gi\u1ea5y li h\u00ecnh, gi\u1ea5y l\u1ee5a, keo nhi\u1ec7t<\/p>\n<p><strong><span style=\"color: #0000ff;\">M\u00e0u s\u1eafc<\/span>:<\/strong>\u00a0 : tr\u1eafng \u2013 keo v\u00e0ng<\/p>\n<p><strong><span style=\"color: #0000ff;\">Quy c\u00e1ch<\/span><\/strong>: theo y\u00eau c\u1ea7u kh\u00e1ch h\u00e0ng<\/p>\n<p>*<em>Chi\u1ec1u r\u1ed9ng<\/em>: 3mm~1240mm<\/p>\n<p>*<em>Chi\u1ec1u d\u00e0i<\/em>: 23M &amp; 45M<\/p>\n<p><strong><span style=\"color: #0000ff;\">C\u00f4ng d\u1ee5ng<\/span><\/strong>: \u00b7S\u1eed d\u1ee5ng trong ngh\u00e0nh th\u00eau \u0111i\u1ec7n<\/p>","protected":false},"featured_media":432,"comment_status":"open","ping_status":"closed","template":"","meta":[],"product_brand":[],"product_cat":[21,93],"product_tag":[33,96],"class_list":{"0":"post-229","1":"product","2":"type-product","3":"status-publish","4":"has-post-thumbnail","6":"product_cat-bang-keo","7":"product_cat-93","8":"product_tag-bang-keo-hai-mat-dau-vang","9":"product_tag-96","11":"first","12":"instock","13":"shipping-taxable","14":"product-type-simple"},"jetpack_sharing_enabled":true,"_links":{"self":[{"href":"https:\/\/bangkeovietkhac.com\/vi\/wp-json\/wp\/v2\/product\/229","targetHints":{"allow":["GET"]}}],"collection":[{"href":"https:\/\/bangkeovietkhac.com\/vi\/wp-json\/wp\/v2\/product"}],"about":[{"href":"https:\/\/bangkeovietkhac.com\/vi\/wp-json\/wp\/v2\/types\/product"}],"replies":[{"embeddable":true,"href":"https:\/\/bangkeovietkhac.com\/vi\/wp-json\/wp\/v2\/comments?post=229"}],"wp:featuredmedia":[{"embeddable":true,"href":"https:\/\/bangkeovietkhac.com\/vi\/wp-json\/wp\/v2\/media\/432"}],"wp:attachment":[{"href":"https:\/\/bangkeovietkhac.com\/vi\/wp-json\/wp\/v2\/media?parent=229"}],"wp:term":[{"taxonomy":"product_brand","embeddable":true,"href":"https:\/\/bangkeovietkhac.com\/vi\/wp-json\/wp\/v2\/product_brand?post=229"},{"taxonomy":"product_cat","embeddable":true,"href":"https:\/\/bangkeovietkhac.com\/vi\/wp-json\/wp\/v2\/product_cat?post=229"},{"taxonomy":"product_tag","embeddable":true,"href":"https:\/\/bangkeovietkhac.com\/vi\/wp-json\/wp\/v2\/product_tag?post=229"}],"curies":[{"name":"wp","href":"https:\/\/api.w.org\/{rel}","templated":true}]}}