{"id":230,"date":"2022-03-25T10:04:33","date_gmt":"2022-03-25T03:04:33","guid":{"rendered":"https:\/\/bangkeovietkhac.com\/?post_type=product&#038;p=230"},"modified":"2022-10-11T16:25:27","modified_gmt":"2022-10-11T09:25:27","slug":"bang-keo-pvc-simili","status":"publish","type":"product","link":"https:\/\/bangkeovietkhac.com\/vi\/san-pham\/bang-keo-pvc-simili\/","title":{"rendered":"B\u0102NG KEO PVC"},"content":{"rendered":"<p><em>B\u0103ng keo simili \u0111\u01b0\u1ee3c bi\u1ebft \u0111\u1ebfn v\u1edbi t\u00ean g\u1ecdi b\u0103ng keo d\u00e1n g\u00e1y s\u00e1ch, \u0111\u01b0\u1ee3c s\u1eed d\u1ee5ng ph\u1ed5 bi\u1ebfn trong v\u0103n ph\u00f2ng, tr\u01b0\u1eddng h\u1ecdc v\u00e0 c\u00e1c c\u01a1 s\u1edf kinh doanh d\u1ecbch v\u1ee5 in \u1ea5n, photocopy.<\/em><\/p>\n<p><strong>B\u0103ng keo simili \u0111\u01b0\u1ee3c c\u1ea5u t\u1ea1o nh\u01b0 th\u1ebf n\u00e0o?<\/strong><\/p>\n<ol>\n<li>B\u0103ng keo simili g\u1ed3m 1 l\u1edbp m\u00e0ng nh\u1ef1a l\u00e0m t\u1eeb ch\u1ea5t li\u1ec7u simili. \u0110\u00e2y l\u00e0 m\u1ed9t ch\u1ea5t li\u1ec7u c\u00f3 th\u00e0nh ph\u1ea7n t\u1eeb l\u1edbp v\u1ea3i d\u1ec7t kim t\u1eeb polyester k\u1ebft h\u1ee3p v\u1edbi nh\u1ef1a PVC v\u1edbi nh\u1eefng \u0111\u01b0\u1eddng v\u00e2n ngang tr\u00ean b\u1ec1 m\u1eb7t. L\u1edbp keo \u0111\u01b0\u1ee3c qu\u00e9t l\u00ean 1 m\u1eb7t c\u00f3 \u0111\u1ed9 d\u00ednh cao v\u00e0 kh\u00f4ng b\u1ecb nh\u1ea3 keo.<\/li>\n<li>V\u1edbi ch\u1ea5t li\u1ec7u v\u1ea3i k\u1ebft h\u1ee3p v\u1edbi nh\u1ef1a PVC, b\u0103ng keo simili c\u00f3 nh\u1eefng \u0111\u1eb7c \u0111i\u1ec3m n\u1ed5i b\u1eadc nh\u01b0: s\u1ee3i b\u0103ng d\u00ednh ch\u1eafc, ch\u1ecbu \u0111\u01b0\u1ee3c l\u1ef1c k\u00e9o t\u1ed1t, d\u1ebbo dai, c\u00f3 th\u1ec3 u\u1ed1n cong d\u1ec5 d\u00e0ng m\u00e0 kh\u00f4ng lo b\u1ecb nh\u0103n r\u00e1ch. Ngo\u00e0i ra, lo\u1ea1i b\u0103ng keo n\u00e0y \u0111\u01b0\u1ee3c l\u00e0m t\u1eeb ch\u1ea5t li\u1ec7u cao c\u1ea5p, an to\u00e0n khi s\u1eed d\u1ee5ng, d\u1ec5 d\u00e0ng x\u00e9 \u0111\u01b0\u1ee3c b\u1eb1ng tay, c\u00f3 kh\u1ea3 n\u0103ng c\u00e1ch \u0111i\u1ec7n, c\u00e1ch nhi\u1ec7t, ch\u1ed1ng th\u1ea5m n\u01b0\u1edbc, ch\u1ecbu \u0111\u01b0\u1ee3c \u0111i\u1ec1u ki\u1ec7n th\u1eddi ti\u1ebft kh\u1eafc nghi\u1ec7t,\u2026<\/li>\n<li>V\u1edbi nhi\u1ec1u \u0111\u1eb7c \u0111i\u1ec3m n\u1ed5i b\u1eadc, b\u0103ng keo simili v\u00f3 nhi\u1ec1u \u1ee9ng d\u1ee5ng trong th\u1ef1c t\u1ebf. Ph\u1ed5 bi\u1ebfn nh\u1ea5t l\u00e0 \u0111\u00f3ng g\u00e1y s\u00e1ch, d\u00f9ng trong c\u00e1c ti\u1ec7m photocopy, in \u1ea5n, nh\u00e0 xu\u1ea5t b\u1ea3n, v\u0103n ph\u00f2ng,\u2026<\/li>\n<li>Ngo\u00e0i ra, b\u0103ng d\u00ednh simili c\u00f2n \u0111\u01b0\u1ee3c s\u1eed d\u1ee5ng trong c\u00e1c ng\u00e0nh c\u00f4ng nghi\u1ec7p nh\u01b0 \u0111\u00f3ng g\u00f3i, qu\u1ea5n d\u00e2y \u0111i\u1ec7n, d\u00e1n s\u00e0n, s\u1eeda ch\u1eefa \u1ed1ng n\u01b0\u1edbc,\u2026<\/li>\n<li>B\u0103ng keo simili c\u00f3 nhi\u1ec1u m\u00e0u s\u1eafc \u0111\u1ec3 qu\u00fd kh\u00e1ch h\u00e0ng l\u1ef1a ch\u1ecdn ph\u00f9 h\u1ee3p v\u1edbi m\u1ee5c \u0111\u00edch s\u1eed d\u1ee5ng, \u0111\u00e1nh d\u1ea5u, ph\u00e2n lo\u1ea1i s\u00e1ch, t\u00e0i li\u1ec7u,\u2026<\/li>\n<\/ol>\n<p>&nbsp;<\/p>\n<p>&nbsp;<\/p>","protected":false},"excerpt":{"rendered":"<p><span style=\"color: #0000ff;\"><strong>Ch\u1ea5t li\u1ec7u<\/strong><\/span>: simili, keo cao su<\/p>\n<p><span style=\"color: #0000ff;\"><strong>M\u00e0u s\u1eafc<\/strong><\/span>: v\u00e0ng, \u0111\u1ecf, xanh d\u01b0\u01a1ng, xanh l\u00e1, tr\u1eafng, n\u00e2u<\/p>\n<p><span style=\"color: #0000ff;\"><strong>Quy c\u00e1ch<\/strong><\/span>: theo y\u00eau c\u1ea7u kh\u00e1ch h\u00e0ng<\/p>\n<p><strong><span style=\"color: #0000ff;\">C\u00f4ng d\u1ee5ng<\/span><\/strong>: d\u00e1n g\u00e1y s\u00e1ch, \u0111\u00e1nh d\u1ea5u, ch\u1ed1ng \u0103n m\u00f2n v\u00e0 m\u00e0i m\u00f2n c\u00e1c \u0111\u01b0\u1eddng \u1ed1ng d\u1eabn kim lo\u1ea1i, ph\u1ee5 ki\u1ec7n, kh\u1edbp n\u1ed1i v\u00e0 \u1ed1ng lu\u1ed3n d\u00e2y \u0111i\u1ec7n tr\u00ean m\u1eb7t \u0111\u1ea5t.<\/p>","protected":false},"featured_media":388,"comment_status":"open","ping_status":"closed","template":"","meta":[],"product_brand":[],"product_cat":[21,93],"product_tag":[34],"class_list":{"0":"post-230","1":"product","2":"type-product","3":"status-publish","4":"has-post-thumbnail","6":"product_cat-bang-keo","7":"product_cat-93","8":"product_tag-bang-keo-pvc-simili","10":"first","11":"instock","12":"shipping-taxable","13":"product-type-simple"},"jetpack_sharing_enabled":true,"_links":{"self":[{"href":"https:\/\/bangkeovietkhac.com\/vi\/wp-json\/wp\/v2\/product\/230","targetHints":{"allow":["GET"]}}],"collection":[{"href":"https:\/\/bangkeovietkhac.com\/vi\/wp-json\/wp\/v2\/product"}],"about":[{"href":"https:\/\/bangkeovietkhac.com\/vi\/wp-json\/wp\/v2\/types\/product"}],"replies":[{"embeddable":true,"href":"https:\/\/bangkeovietkhac.com\/vi\/wp-json\/wp\/v2\/comments?post=230"}],"wp:featuredmedia":[{"embeddable":true,"href":"https:\/\/bangkeovietkhac.com\/vi\/wp-json\/wp\/v2\/media\/388"}],"wp:attachment":[{"href":"https:\/\/bangkeovietkhac.com\/vi\/wp-json\/wp\/v2\/media?parent=230"}],"wp:term":[{"taxonomy":"product_brand","embeddable":true,"href":"https:\/\/bangkeovietkhac.com\/vi\/wp-json\/wp\/v2\/product_brand?post=230"},{"taxonomy":"product_cat","embeddable":true,"href":"https:\/\/bangkeovietkhac.com\/vi\/wp-json\/wp\/v2\/product_cat?post=230"},{"taxonomy":"product_tag","embeddable":true,"href":"https:\/\/bangkeovietkhac.com\/vi\/wp-json\/wp\/v2\/product_tag?post=230"}],"curies":[{"name":"wp","href":"https:\/\/api.w.org\/{rel}","templated":true}]}}