{"id":232,"date":"2022-03-25T10:05:45","date_gmt":"2022-03-25T03:05:45","guid":{"rendered":"https:\/\/bangkeovietkhac.com\/?post_type=product&#038;p=232"},"modified":"2022-10-11T16:24:44","modified_gmt":"2022-10-11T09:24:44","slug":"bang-keo-simili-dan-nen","status":"publish","type":"product","link":"https:\/\/bangkeovietkhac.com\/vi\/san-pham\/bang-keo-simili-dan-nen\/","title":{"rendered":"B\u0103ng keo simili d\u00e1n n\u1ec1n"},"content":{"rendered":"<p>B\u0103ng keo PVC d\u00e1n n\u1ec1n l\u00e0 lo\u1ea1i b\u0103ng keo chuy\u00ean d\u00f9ng \u0111\u1ec3 \u0111\u00e1nh d\u1ea5u ph\u00e2n chia khu v\u1ef1c \u0111\u1ed1i v\u1edbi nh\u1eefng n\u01a1i nh\u01b0 nh\u00e0 x\u01b0\u1edfng, x\u00ed nghi\u1ec7p, c\u00f4ng ty ho\u1eb7c c\u00e1c khu v\u1ef1c c\u1ea7u thang, l\u1ed1i tho\u00e1t hi\u1ec3m. B\u0103ng keo d\u00e1n s\u00e0n kh\u00f4ng ch\u1ec9 gi\u00fap ng\u01b0\u1eddi \u0111i ch\u00fa \u00fd h\u01a1n v\u00e0 \u0111i k\u00e8m v\u1edbi nh\u1eefng c\u00f4ng d\u1ee5ng nh\u01b0 ch\u1ed1ng tr\u01a1n tr\u01b0\u1ee3t, thu h\u00fat s\u1ef1 ch\u00fa \u00fd,\u2026<\/p>\n<p>C\u00f4ng ty TNHH Vi\u1ec7t Kh\u1eafc t\u1ef1 h\u00e0o l\u00e0 \u0111\u01a1n v\u1ecb s\u1ea3n xu\u1ea5t v\u00e0 ph\u00e2n ph\u1ed1i b\u0103ng keo d\u00e1n n\u1ec1n v\u1edbi m\u1ee9c gi\u00e1 h\u1ee3p l\u00ed, ch\u1ea5t l\u01b0\u1ee3ng t\u1ed1t tr\u00ean th\u1ecb tr\u01b0\u1eddng.<\/p>\n<p><strong>B\u0103ng keo PVC d\u00e1n n\u1ec1n l\u00e0 g\u00ec?<\/strong><\/p>\n<p>B\u0103ng keo PVC d\u00e1n n\u1ec1n l\u00e0 lo\u1ea1i b\u0103ng keo \u0111\u01b0\u1ee3c c\u1ea5u t\u1ea1o t\u1eeb 2 l\u1edbp: 1 l\u1edbp n\u1ec1n \u0111\u01b0\u1ee3c s\u1ea3n xu\u1ea5t t\u1eeb nh\u1ef1a PVC (Polyvinyl Clorua) d\u1ebbo, ch\u1eafc v\u00e0 1 l\u1edbp keo \u0111\u1eb7c bi\u1ec7t si\u00eau b\u00e1m d\u00ednh.\nLo\u1ea1i b\u0103ng keo n\u00e0y c\u00f3 m\u1ed9t s\u1ed1 t\u00ednh n\u0103ng \u0111\u1eb7c bi\u1ec7t nh\u01b0 kh\u00f4ng th\u1ea5m n\u01b0\u1edbc, ch\u1ecbu \u0111\u01b0\u1ee3c t\u00e1c \u0111\u1ed9ng l\u1ef1c l\u1edbn t\u1eeb b\u00ean ngo\u00e0i, b\u1ec1 m\u1eb7t ch\u1ed1ng tr\u01a1n tr\u01b0\u1ee3t t\u1ea1o ma s\u00e1t l\u1edbn, ch\u1ecbu nhi\u1ec7t t\u1ed1t.<\/p>\n<p>&nbsp;<\/p>\n<p>&nbsp;<\/p>","protected":false},"excerpt":{"rendered":"<p><span style=\"color: #0000ff;\"><strong>Ch\u1ea5t li\u1ec7u<\/strong><\/span>: m\u00e0ng PVC, keo cao su<\/p>\n<p><span style=\"color: #0000ff;\"><strong>M\u00e0u s\u1eafc<\/strong><\/span>: v\u00e0ng, \u0111\u1ecf, xanh d\u01b0\u01a1ng, xanh l\u00e1, v\u00e0ng, tr\u1eafng, tr\u1eafng- \u0111\u1ecf, v\u00e0ng- \u0111en<\/p>\n<p><span style=\"color: #0000ff;\"><strong>Quy c\u00e1ch<\/strong><\/span>: theo y\u00eau c\u1ea7u kh\u00e1ch h\u00e0ng<\/p>\n<p><span style=\"color: #0000ff;\"><strong>C\u00f4ng d\u1ee5ng<\/strong><\/span>: d\u00e1n s\u00e0n chia khu v\u1ef1c, c\u1ea3nh b\u00e1o,\u2026<\/p>","protected":false},"featured_media":443,"comment_status":"open","ping_status":"closed","template":"","meta":[],"product_brand":[],"product_cat":[21],"product_tag":[35],"class_list":{"0":"post-232","1":"product","2":"type-product","3":"status-publish","4":"has-post-thumbnail","6":"product_cat-bang-keo","7":"product_tag-bang-keo-pvc-dan-nen","9":"first","10":"instock","11":"shipping-taxable","12":"product-type-simple"},"jetpack_sharing_enabled":true,"_links":{"self":[{"href":"https:\/\/bangkeovietkhac.com\/vi\/wp-json\/wp\/v2\/product\/232","targetHints":{"allow":["GET"]}}],"collection":[{"href":"https:\/\/bangkeovietkhac.com\/vi\/wp-json\/wp\/v2\/product"}],"about":[{"href":"https:\/\/bangkeovietkhac.com\/vi\/wp-json\/wp\/v2\/types\/product"}],"replies":[{"embeddable":true,"href":"https:\/\/bangkeovietkhac.com\/vi\/wp-json\/wp\/v2\/comments?post=232"}],"wp:featuredmedia":[{"embeddable":true,"href":"https:\/\/bangkeovietkhac.com\/vi\/wp-json\/wp\/v2\/media\/443"}],"wp:attachment":[{"href":"https:\/\/bangkeovietkhac.com\/vi\/wp-json\/wp\/v2\/media?parent=232"}],"wp:term":[{"taxonomy":"product_brand","embeddable":true,"href":"https:\/\/bangkeovietkhac.com\/vi\/wp-json\/wp\/v2\/product_brand?post=232"},{"taxonomy":"product_cat","embeddable":true,"href":"https:\/\/bangkeovietkhac.com\/vi\/wp-json\/wp\/v2\/product_cat?post=232"},{"taxonomy":"product_tag","embeddable":true,"href":"https:\/\/bangkeovietkhac.com\/vi\/wp-json\/wp\/v2\/product_tag?post=232"}],"curies":[{"name":"wp","href":"https:\/\/api.w.org\/{rel}","templated":true}]}}