{"id":233,"date":"2022-03-25T10:07:12","date_gmt":"2022-03-25T03:07:12","guid":{"rendered":"https:\/\/bangkeovietkhac.com\/?post_type=product&#038;p=233"},"modified":"2022-10-14T15:43:36","modified_gmt":"2022-10-14T08:43:36","slug":"bang-keo-pvc-dien","status":"publish","type":"product","link":"https:\/\/bangkeovietkhac.com\/vi\/san-pham\/bang-keo-pvc-dien\/","title":{"rendered":"B\u0103ng keo PVC \u0111i\u1ec7n"},"content":{"rendered":"<p><span style=\"color: #0000ff; font-size: 110%;\"><em><strong>B\u0103ng keo PVC l\u00e0 g\u00ec?<\/strong><\/em><\/span><\/p>\n<ol>\n<li>B\u0103ng keo PVC \u0111i\u1ec7n \u0111\u01b0\u1ee3c s\u1eed d\u1ee5ng c\u1ef1c k\u00ec ph\u1ed5 bi\u1ebfn trong \u0111\u1eddi s\u1ed1ng v\u00e0 ng\u00e0nh c\u00f4ng nghi\u1ec7p \u0111i\u1ec7n. N\u00f3 th\u01b0\u1eddng \u0111\u01b0\u1ee3c d\u00f9ng \u0111\u1ec3 qu\u1ea5n c\u00e1c m\u1ed1i n\u1ed1i trong qu\u00e1 tr\u00ecnh l\u1eafp \u0111\u1eb7t v\u00e0 s\u1eeda ch\u1eefa c\u00e1c thi\u1ebft b\u1ecb \u0111i\u1ec7n.<\/li>\n<li>B\u0103ng keo PVC \u0111i\u1ec7n \u0111\u01b0\u1ee3c c\u1ea5u t\u1ea1o t\u1eeb l\u1edbp film PVC v\u1edbi nhi\u1ec1u m\u00e0u s\u1eafc \u0111a d\u1ea1ng v\u00e0 l\u1edbp keo c\u00f3 \u0111\u1ed9 k\u1ebft d\u00ednh cao, c\u00e1ch \u0111i\u1ec7n, c\u00e1ch nhi\u1ec7t t\u1ed1t v\u00e0 c\u00f3 kh\u1ea3 n\u0103ng b\u00e1m d\u00ednh ch\u1eb7t tr\u00ean nhi\u1ec1u v\u1eadt li\u1ec7u.<\/li>\n<li>B\u0103ng keo PVC \u0111i\u1ec7n l\u00e0 lo\u1ea1i b\u0103ng d\u00ednh c\u1ea7n thi\u1ebft cho c\u1ea3 \u0111\u1eddi s\u1ed1ng v\u00e0 c\u00f4ng nghi\u1ec7p n\u00ean th\u1ecb tr\u01b0\u1eddng c\u00f3 nhi\u1ec1u th\u01b0\u01a1ng hi\u1ec7u b\u0103ng keo \u0111i\u1ec7n, ph\u1ed5 bi\u1ebfn nh\u1ea5t l\u00e0\u00a0b\u0103ng keo \u0111i\u1ec7n Nano, 3M, MPE,\u2026<\/li>\n<li>B\u0103ng keo PVC \u0111i\u1ec7n \u0111\u01b0\u1ee3c \u0111\u01b0a v\u00e0o s\u1eed d\u1ee5ng ph\u1ea3i \u0111\u1ea3m b\u1ea3o c\u00e1c ti\u00eau chu\u1ea9n c\u1ee7a ng\u00e0nh \u0111i\u1ec7n, c\u00f3 kh\u1ea3 n\u0103ng c\u00e1ch \u0111i\u1ec7n hi\u1ec7u qu\u1ea3, an to\u00e0n, h\u1ea1n ch\u1ebf t\u1ed1i \u0111a kh\u1ea3 n\u0103ng ch\u1eadp \u0111i\u1ec7n, ch\u00e1y n\u1ed5,.. Ngo\u00e0i ra, c\u00f3 kh\u1ea3 n\u0103ng k\u1ebft d\u00ednh tr\u00ean nhi\u1ec1u v\u1eadt li\u1ec7u, trong m\u00f4i tr\u01b0\u1eddng \u1ea9m \u01b0\u1edbt, ki\u1ec1m, axit, ch\u1ecbu nhi\u1ec7t t\u1ed1t, ch\u1ed1ng \u0103n m\u00f2n, kh\u00e1ng tia t\u1eed ngo\u1ea1i,\u2026<\/li>\n<li>B\u0103ng keo \u0111i\u1ec7n PVC \u0111\u01b0\u1ee3c s\u1eed d\u1ee5ng trong c\u00e1c c\u00f4ng tr\u00ecnh \u0111i\u1ec7n, \u0111i\u1ec7n t\u1eed d\u00e2n d\u1ee5ng v\u00e0 c\u00f4ng nghi\u1ec7p. M\u1ed7i gia \u0111\u00ecnh c\u0169ng th\u01b0\u1eddng c\u00f3 1-2 cu\u1ed9n d\u01b0 ph\u00f2ng \u0111\u1ec3 s\u1eed d\u1ee5ng trong nh\u1eefng l\u00fac s\u1eeda ch\u1eefa m\u1ed1i n\u1ed1i \u0111i\u1ec7n, l\u1eafp \u0111\u1eaft c\u00e1c thi\u1ebft b\u1ecb gia d\u1ee5ng \u0111\u01a1n gi\u1ea3n. Ngo\u00e0i ra, lo\u1ea1i b\u0103ng d\u00ednh n\u00e0y c\u00f2n \u0111\u01b0\u1ee3c d\u00f9ng \u0111\u1ec3 x\u1eed l\u00ed c\u00e1c v\u1ebft n\u1ee9t, h\u1edf, \u0111\u1ee9t tr\u00ean d\u00e2y \u0111i\u1ec7n, d\u00e2y c\u00e1p, d\u00e2y s\u1ea1c, tai nghe,\u2026 m\u1ed9t c\u00e1ch d\u1ec5 d\u00e0ng.<\/li>\n<\/ol>\n<p>&nbsp;<\/p>\n<p>&nbsp;<\/p>","protected":false},"excerpt":{"rendered":"<p><span style=\"color: #0000ff;\"><strong>Ch\u1ea5t li\u1ec7u:<\/strong><\/span> m\u00e0ng PVC, keo cao su<\/p>\n<p><strong><span style=\"color: #0000ff;\">M\u00e0u s\u1eafc<\/span><\/strong> : \u0111en, tr\u1eafng, \u0111\u1ecf,...<\/p>\n<p><span style=\"color: #0000ff;\"><strong>Quy c\u00e1ch:<\/strong><\/span>\u00a0theo y\u00eau c\u1ea7u c\u1ee7a kh\u00e1ch h\u00e0ng<\/p>\n<p><span style=\"color: #00aae7;\"><strong>Quy c\u00e1ch th\u01b0\u1eddng d\u00f9ng: 35*19M<\/strong><\/span><\/p>\n<p><span style=\"color: #0000ff;\"><strong>C\u00f4ng d\u1ee5ng:<\/strong><\/span> d\u00f9ng trong l\u1eafp \u0111\u1eb7t v\u00e0 s\u1eeda ch\u1eefa c\u00e1c thi\u1ebft b\u1ecb \u0111i\u1ec7n<\/p>","protected":false},"featured_media":444,"comment_status":"open","ping_status":"closed","template":"","meta":[],"product_brand":[],"product_cat":[21,93],"product_tag":[36],"class_list":{"0":"post-233","1":"product","2":"type-product","3":"status-publish","4":"has-post-thumbnail","6":"product_cat-bang-keo","7":"product_cat-93","8":"product_tag-bang-keo-pvc-dien","10":"first","11":"instock","12":"shipping-taxable","13":"product-type-simple"},"jetpack_sharing_enabled":true,"_links":{"self":[{"href":"https:\/\/bangkeovietkhac.com\/vi\/wp-json\/wp\/v2\/product\/233","targetHints":{"allow":["GET"]}}],"collection":[{"href":"https:\/\/bangkeovietkhac.com\/vi\/wp-json\/wp\/v2\/product"}],"about":[{"href":"https:\/\/bangkeovietkhac.com\/vi\/wp-json\/wp\/v2\/types\/product"}],"replies":[{"embeddable":true,"href":"https:\/\/bangkeovietkhac.com\/vi\/wp-json\/wp\/v2\/comments?post=233"}],"wp:featuredmedia":[{"embeddable":true,"href":"https:\/\/bangkeovietkhac.com\/vi\/wp-json\/wp\/v2\/media\/444"}],"wp:attachment":[{"href":"https:\/\/bangkeovietkhac.com\/vi\/wp-json\/wp\/v2\/media?parent=233"}],"wp:term":[{"taxonomy":"product_brand","embeddable":true,"href":"https:\/\/bangkeovietkhac.com\/vi\/wp-json\/wp\/v2\/product_brand?post=233"},{"taxonomy":"product_cat","embeddable":true,"href":"https:\/\/bangkeovietkhac.com\/vi\/wp-json\/wp\/v2\/product_cat?post=233"},{"taxonomy":"product_tag","embeddable":true,"href":"https:\/\/bangkeovietkhac.com\/vi\/wp-json\/wp\/v2\/product_tag?post=233"}],"curies":[{"name":"wp","href":"https:\/\/api.w.org\/{rel}","templated":true}]}}