{"id":234,"date":"2022-03-25T10:08:50","date_gmt":"2022-03-25T03:08:50","guid":{"rendered":"https:\/\/bangkeovietkhac.com\/?post_type=product&#038;p=234"},"modified":"2023-06-27T16:04:39","modified_gmt":"2023-06-27T09:04:39","slug":"bang-keo-mut-xop-1-mat","status":"publish","type":"product","link":"https:\/\/bangkeovietkhac.com\/vi\/san-pham\/bang-keo-mut-xop-1-mat\/","title":{"rendered":"B\u0103ng keo m\u00fat x\u1ed1p 1 m\u1eb7t"},"content":{"rendered":"<p>B\u0103ng keo m\u00fat x\u1ed1p 1 m\u1eb7t tuy kh\u00f4ng ph\u1ed5 bi\u1ebfn nh\u01b0 c\u00e1c s\u1ea3n ph\u1ea9m\u00a0b\u0103ng keo 2 m\u1eb7t\u00a0nh\u01b0ng c\u0169ng \u0111\u01b0\u1ee3c s\u1eed d\u1ee5ng kh\u00e1 ph\u1ed5 bi\u1ebfn trong m\u1ed9t s\u1ed1 l\u0129nh v\u1ef1c, \u0111\u1eb7c bi\u1ec7t l\u00e0 ng\u00e0nh c\u00f4ng nghi\u1ec7p \u00f4 t\u00f4.<\/p>\n<p><strong>B\u0103ng keo m\u00fat x\u1ed1p 1 m\u1eb7t c\u00f3 c\u1ea5u t\u1ea1o nh\u01b0 th\u1ebf n\u00e0o?<\/strong><\/p>\n<p>B\u0103ng keo m\u00fat x\u1ed1p 1 m\u1eb7t c\u00f3 c\u1ea5u t\u1ea1o g\u1ed3m 2 l\u1edbp: 1 l\u1edbp m\u00fat x\u1ed1p v\u00e0 1 l\u1edbp keo. L\u1edbp m\u00fat x\u1ed1p \u0111\u01b0\u1ee3c l\u00e0m t\u1eeb EVA, th\u01b0\u1eddng c\u00f3 m\u00e0u tr\u1eafng, \u0111en. Trong \u0111\u00f3, b\u0103ng d\u00ednh x\u1ed1p m\u00e0u \u0111en \u0111\u01b0\u1ee3c s\u1eed d\u1ee5ng nhi\u1ec1u nh\u1ea5t b\u1edfi v\u00ec n\u00f3 c\u00f3 kh\u1ea3 n\u0103ng b\u00e1m d\u00ednh t\u1ed1t nh\u1ea5t. B\u0103ng d\u00ednh m\u00fat x\u1ed1p 1 m\u1eb7t \u0111\u01b0\u1ee3c qu\u1ebft l\u00ean 1 l\u1edbp keo Acrylic c\u00f3 \u0111\u1ed9 b\u00e1m d\u00ednh cao, \u0111\u01b0\u1ee3c s\u1eed d\u1ee5ng tr\u00ean nhi\u1ec1u b\u1ec1 m\u1eb7t kh\u00e1c nhau nh\u01b0 nh\u1ef1a, kim lo\u1ea1i, k\u00ednh,\u2026.<\/p>\n<p>V\u1edbi \u01b0u \u0111i\u1ec3m \u0111\u1ed9 b\u1ec1n cao, l\u1edbp x\u1ed1p ch\u1eafc ch\u1eafn, d\u1ebbo dai, c\u00f3 th\u1ec3 u\u1ed1n cong v\u00e0 \u0111\u1ed9 \u0111\u00e0n h\u1ed3i t\u1ed1t, kh\u00f4ng \u0111\u1ec3 l\u1ea1i keo sau qu\u00e1 tr\u00ecnh s\u1eed d\u1ee5ng, kh\u00f4ng b\u1ecb bong tr\u00f3c trong khi s\u1eed d\u1ee5ng do c\u00e1c t\u00e1c \u0111\u1ed9ng c\u1ee7a ngo\u1ea1i l\u1ef1c hay th\u1eddi ti\u1ebft. B\u0103ng keo m\u00fat x\u1ed1p 1 m\u1eb7t \u0111\u01b0\u1ee3c s\u1eed d\u1ee5ng ch\u1ee7 y\u1ebfu \u0111\u1ec3 \u0111\u1ec7m l\u00f3t, b\u1ea3o v\u1ec7, ch\u1eafn b\u1ee5i ch\u1eafc gi\u00f3, ni\u00eam phong c\u1eeda s\u1ed5. Ngo\u00e0i ra, n\u00f3 c\u00f2n \u0111\u01b0\u1ee3c s\u1eed d\u1ee5ng trong c\u00f4ng nghi\u1ec7p \u0111i\u1ec7n l\u1ea1nh \u0111\u1ec3 b\u1ecdc c\u00e1c \u1ed1ng d\u1eabn nhi\u1ec7t, ph\u1ee5 ki\u1ec7n n\u00f3ng l\u1ea1nh nh\u1eb1m ti\u1ebft ki\u1ec7m n\u0103ng l\u01b0\u1ee3ng, \u0111i\u1ec1u h\u00f2a nhi\u1ec7t \u0111\u1ed9 tr\u00ean c\u00e1c \u0111\u01b0\u1eddng \u1ed1ng n\u00f3ng l\u1ea1nh,\u2026<\/p>\n<p>B\u00ean c\u1ea1nh \u0111\u00f3, t\u00f9y theo m\u1ee5c \u0111\u00edch s\u1eed d\u1ee5ng m\u00e0 b\u1ea1n c\u00f3 th\u1ec3 l\u1ef1a ch\u1ecdn k\u00edch th\u01b0\u1edbc v\u00e0 \u0111\u1ed9 d\u00e0y ph\u00f9 h\u1ee3p. Vi\u1ec7t Kh\u1eafc lu\u00f4n s\u1eb5n s\u00e0ng s\u1ea3n xu\u1ea5t v\u00e0 cung c\u1ea5p c\u00e1c quy c\u00e1ch theo y\u00eau c\u1ea7u c\u1ee7a kh\u00e1ch h\u00e0ng.<\/p>","protected":false},"excerpt":{"rendered":"<p><span style=\"color: #0000ff;\"><strong>Ch\u1ea5t li\u1ec7u<\/strong><\/span>: m\u00fat EVA<\/p>\n<p><span style=\"color: #0000ff;\"><strong>M\u00e0u s\u1eafc<\/strong><\/span>: Tr\u1eafng, \u0111en, ....<\/p>\n<p><span style=\"color: #0000ff;\"><strong>Quy c\u00e1ch<\/strong><\/span>: Theo nhu c\u1ea7u kh\u00e1ch h\u00e0ng<\/p>\n<p><em>*<span style=\"color: #00aae7;\">Chi\u1ec1u r\u1ed9ng<\/span><\/em>\uff1a3mm~1200mm<\/p>\n<p><em>*<span style=\"color: #00aae7;\">Chi\u1ec1u d\u00e0i<\/span><\/em>\uff1a7M&amp;9M<\/p>\n<p><em>*<span style=\"color: #00aae7;\">Chi\u1ec1u d\u00e0y<\/span><\/em>\uff1a 1mm~2mm<\/p>\n<p><span style=\"color: #0000ff;\"><strong>C\u00f4ng d\u1ee5ng<\/strong><\/span>:<\/p>","protected":false},"featured_media":762,"comment_status":"open","ping_status":"closed","template":"","meta":[],"product_brand":[],"product_cat":[21,93],"product_tag":[37],"class_list":{"0":"post-234","1":"product","2":"type-product","3":"status-publish","4":"has-post-thumbnail","6":"product_cat-bang-keo","7":"product_cat-93","8":"product_tag-bang-keo-mut-xop","10":"first","11":"instock","12":"shipping-taxable","13":"product-type-simple"},"jetpack_sharing_enabled":true,"_links":{"self":[{"href":"https:\/\/bangkeovietkhac.com\/vi\/wp-json\/wp\/v2\/product\/234","targetHints":{"allow":["GET"]}}],"collection":[{"href":"https:\/\/bangkeovietkhac.com\/vi\/wp-json\/wp\/v2\/product"}],"about":[{"href":"https:\/\/bangkeovietkhac.com\/vi\/wp-json\/wp\/v2\/types\/product"}],"replies":[{"embeddable":true,"href":"https:\/\/bangkeovietkhac.com\/vi\/wp-json\/wp\/v2\/comments?post=234"}],"wp:featuredmedia":[{"embeddable":true,"href":"https:\/\/bangkeovietkhac.com\/vi\/wp-json\/wp\/v2\/media\/762"}],"wp:attachment":[{"href":"https:\/\/bangkeovietkhac.com\/vi\/wp-json\/wp\/v2\/media?parent=234"}],"wp:term":[{"taxonomy":"product_brand","embeddable":true,"href":"https:\/\/bangkeovietkhac.com\/vi\/wp-json\/wp\/v2\/product_brand?post=234"},{"taxonomy":"product_cat","embeddable":true,"href":"https:\/\/bangkeovietkhac.com\/vi\/wp-json\/wp\/v2\/product_cat?post=234"},{"taxonomy":"product_tag","embeddable":true,"href":"https:\/\/bangkeovietkhac.com\/vi\/wp-json\/wp\/v2\/product_tag?post=234"}],"curies":[{"name":"wp","href":"https:\/\/api.w.org\/{rel}","templated":true}]}}