{"id":235,"date":"2022-03-25T10:28:40","date_gmt":"2022-03-25T03:28:40","guid":{"rendered":"https:\/\/bangkeovietkhac.com\/?post_type=product&#038;p=235"},"modified":"2022-10-11T16:28:52","modified_gmt":"2022-10-11T09:28:52","slug":"bang-keo-mut-xop-2-mat","status":"publish","type":"product","link":"https:\/\/bangkeovietkhac.com\/vi\/san-pham\/bang-keo-mut-xop-2-mat\/","title":{"rendered":"B\u0103ng keo m\u00fat x\u1ed1p 2 m\u1eb7t"},"content":{"rendered":"<p style=\"text-align: center;\"><strong><span style=\"font-size: 150%;\">B\u0103ng keo m\u00fat x\u1ed1p 2 m\u1eb7t \u0111\u01b0\u1ee3c c\u1ea5u t\u1ea1o nh\u01b0 th\u1ebf n\u00e0o?<\/span><\/strong><\/p>\n<ol>\n<li>B\u0103ng keo m\u00fat x\u1ed1p 2 m\u1eb7t \u0111\u01b0\u1ee3c c\u1ea5u t\u1ea1o t\u1eeb 1 l\u1edbp m\u00fat x\u1ed1p \u1edf gi\u1eefa v\u00e0 l\u1edbp keo d\u00ednh \u0111\u01b0\u1ee3c qu\u00e9t tr\u00ean 2 b\u1ec1 m\u1eb7t. Ph\u1ee7 b\u00ean ngo\u00e0i l\u00e0 l\u1edbp gi\u1ea5y li h\u00ecnh c\u00f3 th\u1ec3 g\u1ee1 ra m\u1ed9t c\u00e1ch d\u1ec5 d\u00e0ng.<\/li>\n<li>B\u0103ng keo m\u00fat x\u1ed1p 2 m\u1eb7t c\u00f3 2 lo\u1ea1i ch\u1ee7 y\u1ebfu: b\u0103ng keo m\u00fat xopos v\u00e0ng v\u00e0 b\u0103ng keo m\u00fat x\u1ed1p \u0111en. Trong \u0111\u00f3 b\u0103ng keo m\u00fat x\u1ed1p \u0111en c\u00f3 \u0111\u1ed9 d\u00ednh c\u1ef1c k\u00ec t\u1ed1t (hay c\u00f2n \u0111\u01b0\u1ee3c g\u1ecdi l\u00e0 b\u0103ng d\u00ednh x\u1ed1p si\u00eau d\u00ednh).<\/li>\n<li>C\u00f3 kh\u1ea3 n\u0103ng b\u00e1m d\u00ednh t\u1ed1t tr\u00ean nhi\u1ec1u b\u1ec1 m\u1eb7t nh\u01b0 nh\u1ef1a, t\u01b0\u1eddng, g\u1ed7 v\u00e0 kh\u1ea3 n\u0103ng ch\u1ecbu l\u1ef1c c\u1ef1c k\u00ec t\u1ed1t. C\u00f3 th\u1ec3 s\u1eed d\u1ee5ng b\u0103ng keo m\u00fat x\u1ed1p 2 m\u1eb7t thay \u0111inh, v\u00edt \u0111\u1ec3 d\u00e1n treo m\u1ed9t s\u1ed1 v\u1eadt n\u1eb7ng, kh\u00f4ng lo bong tr\u00f3c trong qu\u00e1 tr\u00ecnh s\u1eed d\u1ee5ng. \u0110\u1eb7c bi\u1ec7t c\u00f3 kh\u1ea3 n\u0103ng ch\u1ecbu nhi\u1ec7t t\u1ed1t, ch\u1ed1ng th\u1ea5m n\u01b0\u1edbc<\/li>\n<\/ol>","protected":false},"excerpt":{"rendered":"<p><span style=\"color: #0000ff;\"><strong>Ch\u1ea5t li\u1ec7u<\/strong><\/span>: m\u00fat EVA<\/p>\n<p><span style=\"color: #0000ff;\"><strong>M\u00e0u s\u1eafc<\/strong><\/span>: Tr\u1eafng, \u0111en, ....<\/p>\n<p><span style=\"color: #0000ff;\"><strong>Quy c\u00e1ch<\/strong><\/span>: Theo nhu c\u1ea7u kh\u00e1ch h\u00e0ng<\/p>\n<p><em>*<span style=\"color: #00aae7;\">Chi\u1ec1u r\u1ed9ng<\/span><\/em>\uff1a3mm~1200mm<\/p>\n<p><em>*<span style=\"color: #00aae7;\">Chi\u1ec1u d\u00e0i<\/span><\/em>\uff1a7M&amp;9M<\/p>\n<p><em>*<span style=\"color: #00aae7;\">Chi\u1ec1u d\u00e0y<\/span><\/em>\uff1a 1mm~2mm<\/p>\n<p><strong><span style=\"color: #0000ff;\">C\u00f4ng d\u1ee5ng<\/span><\/strong>:<\/p>","protected":false},"featured_media":448,"comment_status":"open","ping_status":"closed","template":"","meta":[],"product_brand":[],"product_cat":[21],"product_tag":[38],"class_list":{"0":"post-235","1":"product","2":"type-product","3":"status-publish","4":"has-post-thumbnail","6":"product_cat-bang-keo","7":"product_tag-bang-keo-mut-xop-2-mat","9":"first","10":"instock","11":"shipping-taxable","12":"product-type-simple"},"jetpack_sharing_enabled":true,"_links":{"self":[{"href":"https:\/\/bangkeovietkhac.com\/vi\/wp-json\/wp\/v2\/product\/235","targetHints":{"allow":["GET"]}}],"collection":[{"href":"https:\/\/bangkeovietkhac.com\/vi\/wp-json\/wp\/v2\/product"}],"about":[{"href":"https:\/\/bangkeovietkhac.com\/vi\/wp-json\/wp\/v2\/types\/product"}],"replies":[{"embeddable":true,"href":"https:\/\/bangkeovietkhac.com\/vi\/wp-json\/wp\/v2\/comments?post=235"}],"wp:featuredmedia":[{"embeddable":true,"href":"https:\/\/bangkeovietkhac.com\/vi\/wp-json\/wp\/v2\/media\/448"}],"wp:attachment":[{"href":"https:\/\/bangkeovietkhac.com\/vi\/wp-json\/wp\/v2\/media?parent=235"}],"wp:term":[{"taxonomy":"product_brand","embeddable":true,"href":"https:\/\/bangkeovietkhac.com\/vi\/wp-json\/wp\/v2\/product_brand?post=235"},{"taxonomy":"product_cat","embeddable":true,"href":"https:\/\/bangkeovietkhac.com\/vi\/wp-json\/wp\/v2\/product_cat?post=235"},{"taxonomy":"product_tag","embeddable":true,"href":"https:\/\/bangkeovietkhac.com\/vi\/wp-json\/wp\/v2\/product_tag?post=235"}],"curies":[{"name":"wp","href":"https:\/\/api.w.org\/{rel}","templated":true}]}}