{"id":236,"date":"2022-03-25T10:30:30","date_gmt":"2022-03-25T03:30:30","guid":{"rendered":"https:\/\/bangkeovietkhac.com\/?post_type=product&#038;p=236"},"modified":"2022-10-11T16:34:42","modified_gmt":"2022-10-11T09:34:42","slug":"bang-keo-vai-tham-nuoc","status":"publish","type":"product","link":"https:\/\/bangkeovietkhac.com\/vi\/san-pham\/bang-keo-vai-tham-nuoc\/","title":{"rendered":"B\u0102NG KEO V\u1ea2I-CH\u1ed0NG TH\u1ea4M N\u01af\u1edaC"},"content":{"rendered":"<p style=\"text-align: center;\"><span style=\"font-size: 170%;\"><strong>B\u0103ng keo v\u1ea3i ch\u1ed1ng th\u1ea5m n\u01b0\u1edbc c\u00f3 c\u1ea5u t\u1ea1o nh\u01b0 th\u1ebf n\u00e0o ?<\/strong><\/span><\/p>\n<ol>\n<li>B\u0103ng keo v\u1ea3i th\u1ef1c ch\u1ea5t c\u0169ng l\u00e0 1 lo\u1ea1i b\u0103ng keo nh\u01b0ng v\u1edbi \u0111\u1ed9 k\u1ebft d\u00ednh cao h\u01a1n nh\u1edd v\u00e0o th\u00e0nh ph\u1ea7n c\u1ea5u t\u1ea1o t\u1eeb v\u1ea3i thay v\u00ec l\u1edbp m\u00e0ng film OPP nh\u01b0\u00a0b\u0103ng keo trong.<\/li>\n<li>B\u0103ng keo v\u1ea3i c\u00f3 nhi\u1ec1u \u01b0u th\u1ebf n\u1ed5i b\u1eadc ri\u00eang. Do \u0111\u01b0\u1ee3c l\u00e0m t\u1eeb ch\u1ea5t li\u1ec7u l\u00e0 v\u1ea3i n\u00ean c\u00e1c s\u1ea3n ph\u1ea9m b\u0103ng keo th\u01b0\u1eddng c\u00f3 \u0111\u1ed9 b\u1ec1n, \u0111\u1ed9 dai c\u0169ng nh\u01b0 kh\u1ea3 n\u0103ng ch\u1ecbu l\u1ef1c t\u1ed1t h\u01a1n r\u1ea5t nhi\u1ec1u so v\u1edbi s\u1ea3n ph\u1ea9m c\u00f9ng lo\u1ea1i.<\/li>\n<li>B\u0103ng keo v\u1ea3i c\u00f3 \u0111\u1ed9 d\u00e0y d\u00e0y h\u01a1n s\u1ea3n ph\u1ea9m c\u00f9ng lo\u1ea1i n\u00ean c\u00f3 th\u1ec3 s\u1eed d\u1ee5ng \u0111\u1ec3 \u0111\u00f3ng v\u00e0 c\u1ed1 \u0111\u1ecbnh c\u00e1c th\u00f9ng h\u00e0ng n\u1eb7ng, cho ph\u00e9p k\u00e9o d\u00e3n, u\u1ed1n cong v\u00e0 t\u1ea1o h\u00ecnh t\u00f9y theo m\u1ee5c \u0111\u00edch s\u1eed d\u1ee5ng.<\/li>\n<li>B\u0103ng keo v\u1ea3i c\u00f2n c\u00f3 kh\u1ea3 n\u0103ng ch\u1ed1ng n\u01b0\u1edbc, ch\u1ed1ng \u1ea9m, c\u00e1ch \u0111i\u1ec7n v\u00e0 ch\u1ed1ng ch\u1ecbu tr\u01b0\u1edbc c\u00e1c nh\u00e2n t\u1ed1 c\u1ee7a m\u00f4i tr\u01b0\u1eddng.\nDo \u0111\u1eb7c \u0111i\u1ec3m v\u1ec1 kh\u1ea3 n\u0103ng k\u1ebft d\u00ednh \u0111\u1eb7c bi\u1ec7t m\u00e0 ng\u00e0y nay \u0111\u01b0\u1ee3c s\u1eed d\u1ee5ng r\u1ed9ng r\u00e3i trong nhi\u1ec1u l\u0129nh v\u1ef1c kh\u00e1c nhau. Lo\u1ea1i b\u0103ng keo n\u00e0y c\u00f3 kh\u1ea3 n\u0103ng k\u1ebft d\u00ednh cao, ch\u1eafc ch\u1eafn n\u00ean c\u00f3 th\u1ec3 d\u00f9ng \u0111\u1ec3 li\u00ean k\u1ebft nhi\u1ec1u b\u1ec1 m\u1eb7t nh\u01b0 g\u1ed7, k\u00ednh cho \u0111\u1ebfn v\u1ea3i, nh\u00f4m,\u2026 V\u00ec v\u1eady m\u00e0 \u0111\u01b0\u1ee3c s\u1eed d\u1ee5ng ph\u1ed5 bi\u1ebfn trong trang tr\u00ed n\u1ed9i th\u1ea5t, trong sinh ho\u1ea1t h\u1eb1ng ng\u00e0y v\u00e0 \u0111\u00f3ng g\u00f3i h\u00e0ng h\u00f3a, s\u1eefa ch\u1eefa \u1ed1ng n\u01b0\u1edbc, m\u00e1y m\u00f3c, n\u1ed9i th\u1ea5t,\u2026<\/li>\n<\/ol>","protected":false},"excerpt":{"rendered":"<p><strong>Ch\u1ea5t li\u1ec7u<\/strong>: v\u1ea3i ch\u1ea5t li\u1ec7u ch\u1ed1ng th\u1ea5m n\u01b0\u1edbc<\/p>\n<p><strong>M\u00e0u s\u1eafc<\/strong>: xanh, xanh d\u01b0\u01a1ng, \u0111\u1ecf, v\u00e0ng, tr\u1eafng, \u0111en, n\u00e2u,...<\/p>\n<p><strong>Quy c\u00e1ch<\/strong>:24-48-60\uff08mm),\u00a0m\u1ed9t s\u1ed1 quy c\u00e1ch kh\u00e1c<\/p>\n<p><strong>\u0110\u1eb7c t\u00ednh<\/strong>\uff1aFW120\u00a0ch\u1ed1ng th\u1ea5m n\u01b0\u1edbc<\/p>\n<p><strong>C\u00f4ng d\u1ee5ng<\/strong>:\u00a0d\u00f9ng trong c\u00f4ng tr\u00ecnh ch\u1ed1ng th\u1ea5m<\/p>","protected":false},"featured_media":389,"comment_status":"open","ping_status":"closed","template":"","meta":[],"product_brand":[],"product_cat":[21,93],"product_tag":[39,97],"class_list":{"0":"post-236","1":"product","2":"type-product","3":"status-publish","4":"has-post-thumbnail","6":"product_cat-bang-keo","7":"product_cat-93","8":"product_tag-bang-keo-vai","9":"product_tag-97","11":"first","12":"instock","13":"shipping-taxable","14":"product-type-simple"},"jetpack_sharing_enabled":true,"_links":{"self":[{"href":"https:\/\/bangkeovietkhac.com\/vi\/wp-json\/wp\/v2\/product\/236","targetHints":{"allow":["GET"]}}],"collection":[{"href":"https:\/\/bangkeovietkhac.com\/vi\/wp-json\/wp\/v2\/product"}],"about":[{"href":"https:\/\/bangkeovietkhac.com\/vi\/wp-json\/wp\/v2\/types\/product"}],"replies":[{"embeddable":true,"href":"https:\/\/bangkeovietkhac.com\/vi\/wp-json\/wp\/v2\/comments?post=236"}],"wp:featuredmedia":[{"embeddable":true,"href":"https:\/\/bangkeovietkhac.com\/vi\/wp-json\/wp\/v2\/media\/389"}],"wp:attachment":[{"href":"https:\/\/bangkeovietkhac.com\/vi\/wp-json\/wp\/v2\/media?parent=236"}],"wp:term":[{"taxonomy":"product_brand","embeddable":true,"href":"https:\/\/bangkeovietkhac.com\/vi\/wp-json\/wp\/v2\/product_brand?post=236"},{"taxonomy":"product_cat","embeddable":true,"href":"https:\/\/bangkeovietkhac.com\/vi\/wp-json\/wp\/v2\/product_cat?post=236"},{"taxonomy":"product_tag","embeddable":true,"href":"https:\/\/bangkeovietkhac.com\/vi\/wp-json\/wp\/v2\/product_tag?post=236"}],"curies":[{"name":"wp","href":"https:\/\/api.w.org\/{rel}","templated":true}]}}