{"id":237,"date":"2022-03-25T10:32:05","date_gmt":"2022-03-25T03:32:05","guid":{"rendered":"https:\/\/bangkeovietkhac.com\/?post_type=product&#038;p=237"},"modified":"2022-10-11T16:32:58","modified_gmt":"2022-10-11T09:32:58","slug":"bang-keo-chi","status":"publish","type":"product","link":"https:\/\/bangkeovietkhac.com\/vi\/san-pham\/bang-keo-chi\/","title":{"rendered":"B\u0102NG KEO CH\u1ec8"},"content":{"rendered":"<p style=\"text-align: center;\"><span style=\"font-size: 130%;\"><strong><span style=\"color: #ed1c24;\">B\u0103ng keo ch\u1ec9 l\u00e0 g\u00ec?<\/span><\/strong><\/span><\/p>\n<p><span style=\"font-size: 130%; color: #282828;\"><strong>B\u0103ng keo s\u1ee3i th\u1ee7y tinh \u0111\u01b0\u1ee3c s\u1eed d\u1ee5ng r\u1ed9ng r\u00e3i trong c\u00e1c l\u0129nh v\u1ef1c c\u00f4ng nghi\u1ec7p, h\u00e0ng h\u00f3a trong vi\u1ec7c \u0111\u00f3ng c\u00e1c ki\u1ec7n h\u00e0ng.<\/strong><\/span><\/p>\n<p>\u2714\ufe0fB\u0103ng keo ch\u1ec9 l\u00e0 lo\u1ea1i b\u0103ng keo \u0111\u01b0\u1ee3c c\u1ea5u t\u1ea1o t\u1eeb 1 l\u1edbp m\u00e0ng film OPP, \u0111\u01b0\u1ee3c gia c\u00f4ng th\u00eam c\u00e1c s\u1ee3i th\u1ee7y tinh \u0111\u1ec3 gi\u00fap b\u0103ng keo c\u00f3 \u0111\u1ed9 b\u1ec1n, \u0111\u1ed9 dai cao, ch\u1ecbu \u0111\u01b0\u1ee3c t\u00e1c \u0111\u1ed9ng c\u1ef1c k\u00ec cao v\u00e0 1 l\u1edbp m\u00e0ng keo.<\/p>\n<p>\u2714\ufe0fC\u00f4ng d\u1ee5ng ph\u1ed5 bi\u1ebfn c\u1ee7a s\u1ea3n ph\u1ea9m b\u0103ng keo n\u00e0y ch\u00ednh l\u00e0 \u0111\u00f3ng th\u00f9ng, \u0111\u00f3ng g\u00f3i ki\u1ec7n h\u00e0ng, c\u00f3 kh\u1ea3 n\u0103ng ch\u1ecbu \u0111\u01b0\u1ee3c l\u1ef1c c\u0103ng l\u1edbn, ch\u1ecbu \u0103n m\u00f2n, \u1ea9m \u01b0\u1edbt b\u00e1m d\u00ednh t\u1ed1t tr\u00ean c\u00e1c b\u1ec1 m\u1eb7t.<\/p>\n<p>&nbsp;<\/p>\n<p>&nbsp;<\/p>","protected":false},"excerpt":{"rendered":"<p><strong>Ch\u1ea5t li\u1ec7u<\/strong>: BOPP<\/p>\n<p><strong>M\u00e0u s\u1eafc<\/strong>: Trong su\u1ed1t<\/p>\n<p><strong>Quy c\u00e1ch<\/strong>: Theo nhu c\u1ea7u kh\u00e1ch h\u00e0ng<\/p>\n<p><em>* Chi\u1ec1u r\u1ed9ng<\/em>\uff1a48mm<\/p>\n<p><em>* Chi\u1ec1u d\u00e0i<\/em>\uff1a45M &amp; 50M<\/p>\n<p><em>* \u0110\u1ed9 d\u00e0y<\/em>\uff1a 38-40-43-45-50 \uff08mic)<\/p>\n<p><strong>\u0110\u1eb7c t\u00ednh<\/strong>: Keo n\u01b0\u1edbc<\/p>\n<p><strong>C\u00f4ng d\u1ee5ng<\/strong>: \u0110\u00f3ng g\u00f3i, d\u00e1n mi\u1ec7ng th\u00f9ng,b\u0103ng keo m\u00e0u \u0111\u1ec3 ph\u00e2n bi\u1ec7t lo\u1ea1i h\u00e0ng\u2026<\/p>","protected":false},"featured_media":401,"comment_status":"open","ping_status":"closed","template":"","meta":[],"product_brand":[],"product_cat":[21,93],"product_tag":[40],"class_list":{"0":"post-237","1":"product","2":"type-product","3":"status-publish","4":"has-post-thumbnail","6":"product_cat-bang-keo","7":"product_cat-93","8":"product_tag-bang-keo-chi","10":"first","11":"instock","12":"shipping-taxable","13":"product-type-simple"},"jetpack_sharing_enabled":true,"_links":{"self":[{"href":"https:\/\/bangkeovietkhac.com\/vi\/wp-json\/wp\/v2\/product\/237","targetHints":{"allow":["GET"]}}],"collection":[{"href":"https:\/\/bangkeovietkhac.com\/vi\/wp-json\/wp\/v2\/product"}],"about":[{"href":"https:\/\/bangkeovietkhac.com\/vi\/wp-json\/wp\/v2\/types\/product"}],"replies":[{"embeddable":true,"href":"https:\/\/bangkeovietkhac.com\/vi\/wp-json\/wp\/v2\/comments?post=237"}],"wp:featuredmedia":[{"embeddable":true,"href":"https:\/\/bangkeovietkhac.com\/vi\/wp-json\/wp\/v2\/media\/401"}],"wp:attachment":[{"href":"https:\/\/bangkeovietkhac.com\/vi\/wp-json\/wp\/v2\/media?parent=237"}],"wp:term":[{"taxonomy":"product_brand","embeddable":true,"href":"https:\/\/bangkeovietkhac.com\/vi\/wp-json\/wp\/v2\/product_brand?post=237"},{"taxonomy":"product_cat","embeddable":true,"href":"https:\/\/bangkeovietkhac.com\/vi\/wp-json\/wp\/v2\/product_cat?post=237"},{"taxonomy":"product_tag","embeddable":true,"href":"https:\/\/bangkeovietkhac.com\/vi\/wp-json\/wp\/v2\/product_tag?post=237"}],"curies":[{"name":"wp","href":"https:\/\/api.w.org\/{rel}","templated":true}]}}