{"id":238,"date":"2022-03-25T10:33:48","date_gmt":"2022-03-25T03:33:48","guid":{"rendered":"https:\/\/bangkeovietkhac.com\/?post_type=product&#038;p=238"},"modified":"2022-06-11T13:39:33","modified_gmt":"2022-06-11T06:39:33","slug":"mang-pe","status":"publish","type":"product","link":"https:\/\/bangkeovietkhac.com\/vi\/san-pham\/mang-pe\/","title":{"rendered":"M\u00c0NG PE"},"content":{"rendered":"<div dir=\"auto\" style=\"text-align: center;\"><span style=\"font-size: 130%;\"><strong><span style=\"color: #0000ff;\">Gi\u1edbi thi\u1ec7u v\u1ec1 m\u00e0ng PE<\/span><\/strong><\/span><\/div>\n<div dir=\"auto\"><span style=\"color: #0000ff;\">M\u00c0NG PE<\/span>v\u1edbi nh\u1eefng t\u00ednh ch\u1ea5t \u0111\u1eb7c bi\u1ec7t c\u00f9ng kh\u1ea3 n\u0103ng b\u00e1m d\u00ednh cao, m\u00e0ng PE \u0111\u01b0\u1ee3c xem l\u00e0 m\u1ed9t trong nh\u1eefng gi\u1ea3i ph\u00e1p hi\u1ec7u qu\u1ea3 nh\u1ea5t hi\u1ec7n nay.<\/div>\n<div dir=\"auto\"><span style=\"color: #0000ff;\">M\u00c0NG PE<\/span>\u0111\u01b0\u1ee3c s\u1ea3n xu\u1ea5t t\u1eeb h\u1ea1t nh\u1ef1a nguy\u00ean sinh LLDPE, m\u00e0u tr\u1eafng trong, v\u1edbi \u0111\u1eb7c \u0111i\u1ec3m v\u00e0 t\u00ednh ch\u1ea5t \u0111\u1eb7c bi\u1ec7t t\u1eeb h\u1ea1t nh\u1ef1a, n\u00f3 \u0111\u00e3 t\u1ea1o n\u00ean \u0111\u1ed9 m\u1ec1m d\u1ebbo, s\u1ef1 co gi\u00e3n t\u1ed1t cho s\u1ea3n ph\u1ea9m m\u00e0ng PE.\n\nH\u1ea1t nh\u1ef1a PE (vi\u1ebft t\u1eaft c\u1ee7a Polyetylen), l\u00e0 m\u1ed9t lo\u1ea1i h\u1ea1t nh\u1ef1a d\u1ebbo, m\u00e0u tr\u1eafng, c\u00f3 c\u1ea5u tr\u00fac tinh th\u1ec3, kh\u00f4ng d\u1eabn \u0111i\u1ec7n, d\u1eabn nhi\u1ec7t. B\u00ean c\u1ea1nh m\u00e0u tr\u1eafng trong truy\u1ec1n th\u1ed1ng, h\u1ea1t nh\u1ef1a c\u00f2n c\u00f3 m\u1ed9t s\u1ed1 m\u00e0u s\u1eafc \u0111a d\u1ea1ng kh\u00e1c, t\u00f9y v\u00e0o nhu c\u1ea7u s\u1eed d\u1ee5ng c\u1ee7a kh\u00e1ch h\u00e0ng.\n\nKh\u00f4ng tan trong n\u01b0\u1edbc, c\u00e1c lo\u1ea1i aceton, r\u01b0\u1ee3u b\u00e9o,\u2026 d\u00f9 \u1edf b\u1ea5t c\u1ee9 nhi\u1ec7t \u0111\u1ed9 n\u00e0o.Tan trong c\u00e1c dung m\u00f4i ch\u1ee9a xilen v\u00e0 c\u00e1c lo\u1ea1i tinh d\u1ea7u,.. \u1edf nhi\u1ec7t \u0111\u1ed9 kho\u1ea3ng 70 \u0111\u1ed9 C.\n\u0110\u1eb7c bi\u1ec7t kh\u00f4ng c\u00f3 t\u00e1c d\u1ee5ng v\u1edbi dung d\u1ecbch brom, axit, ki\u1ec1m,\u2026\nD\u1ef1a v\u00e0o ph\u01b0\u01a1ng th\u1ee9c s\u1eed d\u1ee5ng c\u00f3 th\u1ec3 chia m\u00e0ng PE th\u00e0nh 2 lo\u1ea1i:\n\n\u2013 M\u00e0ng PE qu\u1ea5n tay: th\u01b0\u1eddng c\u00f3 \u0111\u1ed9 d\u00e0y \u00edt h\u01a1n m\u00e0ng qu\u1ea5n m\u00e1y v\u00e0 tr\u1ecdng l\u01b0\u1ee3ng cu\u1ed9n c\u0169ng \u00edt h\u01a1n \u0111\u1ec3 d\u1ec5 d\u00e0ng qu\u1ea5n h\u00e0ng b\u1eb1ng thao t\u00e1c th\u1ee7 c\u00f4ng. Quy c\u00e1ch c\u0169ng \u0111a d\u1ea1ng h\u01a1n s\u1ea3n ph\u1ea9m qu\u1ea5n m\u00e1y.\n\n\u2013 M\u00e0ng PE qu\u1ea5n m\u00e1y: \u0111\u1ed9 d\u00e0y v\u00e0 tr\u1ecdng l\u01b0\u1ee3ng l\u1edbn h\u01a1n. Quy c\u00e1ch ph\u1ed5 bi\u1ebfn 25micx15kgx1kg, 25micx2.8kgx0.2kg.\n\n qu\u1ea5n h\u00e0ng c\u00f3 kh\u1ea3 n\u0103ng co gi\u00e3n \u0111\u1ebfn l\u1edbn, \u0111\u1ed9 k\u1ebft d\u00ednh cao, t\u1ea1o s\u1ef1 li\u00ean k\u1ebft ch\u1eb7t ch\u1ebd gi\u1eefa c\u00e1c s\u1ea3n ph\u1ea9m v\u1edbi nhau \u0111\u1ec3 c\u1ed1 \u0111\u1ecbnh h\u00e0ng h\u00f3a, tr\u00e1nh \u0111\u1ed5 ng\u00e3 trong qu\u00e1 tr\u00ecnh v\u1eadn chuy\u1ec3n. \n\nNgo\u00e0i ra, m\u00e0ng PE c\u00f2n \u0111\u01b0\u1ee3c t\u1ea1o t\u1eeb c\u00e1c h\u00f3a ch\u1ea5t kh\u00f4ng \u0111\u1ed9c h\u1ea1i, kh\u1ea3 n\u0103ng co gi\u00e3n cao v\u00e0 d\u1ec5 d\u00e0ng t\u00e1i ch\u1ebf, n\u00e0ng PE \u0111\u01b0\u1ee3c \u1ee9ng d\u1ee5ng trong nhi\u1ec1u l\u0129nh v\u1ef1c nh\u01b0: logistic, may m\u1eb7c, c\u00f4ng nghi\u1ec7p, n\u00f4ng nghi\u1ec7p.<\/div>","protected":false},"excerpt":{"rendered":"<p><span style=\"color: #0000ff;\">Ch\u1ea5t li\u1ec7u<\/span>:H\u1ea1t nh\u1ef1a PE (vi\u1ebft t\u1eaft c\u1ee7a Polyetylen)<\/p>\n<p><span style=\"color: #0000ff;\">M\u00e0u s\u1eafc<\/span>:m\u00e0u tr\u1eafng trong<\/p>\n<p><span style=\"color: #0000ff;\">Quy c\u00e1ch<\/span>: Theo nhu c\u1ea7u kh\u00e1ch h\u00e0ng<\/p>\n<p>*chi\u1ec1u d\u00e0y: 0.13mm~0.20mm (m\u00e1y b\u00e1n t\u1ef1 \u0111\u1ed9ng d\u00f9ng)<\/p>\n<p>*chi\u1ec1u d\u00e0y 0.20mm~0.25mm (m\u00e1yt\u1ef1 \u0111\u1ed9ng d\u00f9ng)<\/p>\n<p><span style=\"color: #0000ff;\">Quy c\u00e1ch th\u01b0\u1eddng d\u00f9ng:<\/span><\/p>\n<ol>\n<li>500mm x 2.8 Kg x 0.2 Kg \uff08tr\u1ecdng l\u01b0\u1ee3ng \u1ed1ng gi\u1ea5y\uff1a0.2 Kg\uff0ctr\u1ecdng l\u01b0\u1ee3ng m\u00e0ng \uff1a2.6 Kg\uff09<\/li>\n<li>500mm x 15 Kg x 1.0 Kg\u00a0 \uff08tr\u1ecdng l\u01b0\u1ee3ng \u1ed1ng gi\u1ea5y\uff1a1.0 Kg\uff0ctr\u1ecdng l\u01b0\u1ee3ng m\u00e0ng \uff1a14 Kg\uff09<\/li>\n<\/ol>\n<p><span style=\"color: #0000ff;\">C\u00f4ng d\u1ee5ng <\/span>: \u0111\u1ec3 c\u1ed1 \u0111\u1ecbnh h\u00e0ng h\u00f3a, tr\u00e1nh \u0111\u1ed5 ng\u00e3 trong qu\u00e1 tr\u00ecnh v\u1eadn chuy\u1ec3n,b\u1ea3o v\u1ec7 s\u1ea3n ph\u1ea9m kh\u1ecfi b\u1ee5i b\u1ea9n v\u00e0 b\u1ea3o qu\u1ea3n s\u1ea3n ph\u1ea9m, h\u00e0ng h\u00f3a t\u1ed1t h\u01a1n tr\u00e1nh tr\u1ea7y x\u01b0\u1edbc, h\u1ecfng h\u00f3c khi va ch\u1ea1m, n\u00e2ng cao gi\u00e1 tr\u1ecb th\u1ea9m m\u1ef9.<\/p>","protected":false},"featured_media":403,"comment_status":"open","ping_status":"closed","template":"","meta":[],"product_brand":[],"product_cat":[41,98],"product_tag":[42,43,44],"class_list":{"0":"post-238","1":"product","2":"type-product","3":"status-publish","4":"has-post-thumbnail","6":"product_cat-mang-pe","7":"product_cat-pe","8":"product_tag-mang-pe","9":"product_tag-mang-pe-cong-nghiep","10":"product_tag-mang-pe-quan-pallet","12":"first","13":"instock","14":"shipping-taxable","15":"product-type-simple"},"jetpack_sharing_enabled":true,"_links":{"self":[{"href":"https:\/\/bangkeovietkhac.com\/vi\/wp-json\/wp\/v2\/product\/238","targetHints":{"allow":["GET"]}}],"collection":[{"href":"https:\/\/bangkeovietkhac.com\/vi\/wp-json\/wp\/v2\/product"}],"about":[{"href":"https:\/\/bangkeovietkhac.com\/vi\/wp-json\/wp\/v2\/types\/product"}],"replies":[{"embeddable":true,"href":"https:\/\/bangkeovietkhac.com\/vi\/wp-json\/wp\/v2\/comments?post=238"}],"wp:featuredmedia":[{"embeddable":true,"href":"https:\/\/bangkeovietkhac.com\/vi\/wp-json\/wp\/v2\/media\/403"}],"wp:attachment":[{"href":"https:\/\/bangkeovietkhac.com\/vi\/wp-json\/wp\/v2\/media?parent=238"}],"wp:term":[{"taxonomy":"product_brand","embeddable":true,"href":"https:\/\/bangkeovietkhac.com\/vi\/wp-json\/wp\/v2\/product_brand?post=238"},{"taxonomy":"product_cat","embeddable":true,"href":"https:\/\/bangkeovietkhac.com\/vi\/wp-json\/wp\/v2\/product_cat?post=238"},{"taxonomy":"product_tag","embeddable":true,"href":"https:\/\/bangkeovietkhac.com\/vi\/wp-json\/wp\/v2\/product_tag?post=238"}],"curies":[{"name":"wp","href":"https:\/\/api.w.org\/{rel}","templated":true}]}}