{"id":239,"date":"2022-03-25T10:35:41","date_gmt":"2022-03-25T03:35:41","guid":{"rendered":"https:\/\/bangkeovietkhac.com\/?post_type=product&#038;p=239"},"modified":"2022-10-11T16:42:25","modified_gmt":"2022-10-11T09:42:25","slug":"mang-bao-ho","status":"publish","type":"product","link":"https:\/\/bangkeovietkhac.com\/vi\/san-pham\/mang-bao-ho\/","title":{"rendered":"M\u00c0NG B\u1ea2O H\u1ed8"},"content":{"rendered":"<p style=\"text-align: center;\"><strong><span style=\"font-size: 170%;\">M\u00e0ng b\u1ea3o h\u1ed9 c\u00f3 c\u1ea5u t\u1ea1o nh\u01b0 th\u1ebf n\u00e0o ?<\/span><\/strong><\/p>\n<p>Khi nh\u1eafc \u0111\u1ebfn\u00a0m\u00e0ng PE,\u00a0d\u00e2y \u0111ai PET,\u00a0d\u00e2y \u0111ai PP\u00a0th\u00ec kh\u00f4ng th\u1ec3 kh\u00f4ng nh\u1eafc \u0111\u1ebfn s\u1ea3n ph\u1ea9m m\u00e0ng b\u1ea3o h\u1ed9. N\u1ebfu nh\u01b0 m\u00e0ng PE, d\u00e2y \u0111ai \u0111\u00f3ng vai tr\u00f2 gi\u1eef h\u00e0ng h\u00f3a c\u1ed1 \u0111\u1ecbnh, kh\u00f4ng ng\u00e3 \u0111\u1ed5 trong qu\u00e1 tr\u00ecnh v\u1eadn chuy\u1ec3n, \u0111\u1ea3m b\u1ea3o an to\u00e0n ch\u1ea5t l\u01b0\u1ee3ng cho h\u00e0ng h\u00f3a th\u00ec m\u00e0ng b\u1ea3o h\u1ed9 gi\u1eef cho h\u00e0ng h\u00f3a kh\u00f4ng b\u1ecb tr\u1ea7y x\u01b0\u1edbc, h\u1ecfng h\u00f3c, phai m\u00e0u trong qu\u00e1 tr\u00ecnh di chuy\u1ec3n, b\u1ed1c d\u1ee1 v\u00e0 b\u1ea3o qu\u1ea3n.<\/p>\n<p>M\u00e0ng b\u1ea3o h\u1ed9 \u0111\u01b0\u1ee3c s\u1ea3n xu\u1ea5t t\u1eeb m\u00e0ng PE v\u00e0 m\u1ed9t s\u1ed1 lo\u1ea1i m\u00e0ng Polymer \u0111\u1eb7c bi\u1ec7t kh\u00e1c \u0111\u01b0\u1ee3c tr\u00e1ng 1 l\u1edbp keo c\u00f3 kh\u1ea3 n\u0103ng b\u00e1m d\u00ednh cao, ch\u1eafc ch\u1eafn nh\u01b0ng kh\u00f4ng \u0111\u1ec3 l\u1ea1i keo tr\u00ean b\u1ec1 m\u1eb7t s\u1ea3n ph\u1ea9m khi b\u00f3c m\u00e0ng b\u1ea3o h\u1ed9 ra.<\/p>\n<p>M\u00e0ng b\u1ea3o h\u1ed9 \u0111\u01b0\u1ee3c s\u1eed d\u1ee5ng tr\u00ean b\u1ec1 m\u1eb7t \u0111i\u1ec7n t\u1eed, g\u1ed7, kim lo\u1ea1i, nh\u00f4m, inox, k\u00ednh, g\u1ea1ch men,\u2026 b\u1ea3o v\u1ec7 ch\u00fang kh\u1ecfi b\u1ee5i b\u1ea9n, oxi h\u00f3a, tr\u1ea7y x\u01b0\u1edbc, \u2026 v\u00e0 c\u00e1c t\u00e1c nh\u00e2n kh\u00e1c trong qu\u00e1 tr\u00ecnh v\u1eadn chuy\u1ec3n v\u00e0 l\u01b0u kho.<\/p>\n<p>T\u00f9y v\u00e0o m\u1ee5c \u0111\u00edch s\u1eed d\u1ee5ng v\u00e0 t\u00ednh ch\u1ea5t b\u1ec1 m\u1eb7t v\u1eadt li\u1ec7u, m\u00e0 ng\u01b0\u1eddi ti\u00eau d\u00f9ng c\u00f3 th\u1ec3 l\u1ef1a ch\u1ecdn lo\u1ea1i m\u00e0ng b\u1ea3o h\u1ed9 b\u1ec1 m\u1eb7t ph\u00f9 h\u1ee3p v\u1edbi nhu c\u1ea7u c\u1ee7a m\u00ecnh.<\/p>\n<p>\u2013 M\u00e0ng b\u1ea3o h\u1ed9 xanh d\u01b0\u01a1ng: s\u1eed d\u1ee5ng trong b\u1ea3o v\u1ec7 c\u00e1c b\u1ec1 m\u1eb7t s\u00e0n nh\u00e0 cho c\u00e1c c\u00f4ng tr\u00ecnh \u0111ang thi c\u00f4ng, nh\u1ef1a, k\u00ednh, nh\u00f4m t\u0129nh \u0111i\u1ec7n, b\u1ec1 m\u1eb7t kim lo\u1ea1i, g\u1ea1ch men, \u0111\u00e1 trang tr\u00ed.<\/p>\n<p>\u2013 M\u00e0ng b\u1ea3o h\u1ed9 tr\u1eafng trong: \u0111\u01b0\u1ee3c d\u00f9ng \u0111\u1ec3 b\u1ea3o v\u1ec7 m\u1eb7t k\u00ednh, m\u00e0n h\u00ecnh LCD, bi\u1ec3n s\u1ed1, bi\u1ec3n t\u00ean, b\u1ea3o v\u1ec7 b\u1ec1 m\u1eb7t \u00f4 t\u00f4 trong qu\u00e1 tr\u00ecnh phun s\u01a1n.<\/p>","protected":false},"excerpt":{"rendered":"<p><span style=\"color: #0000ff;\">Ch\u1ea5t li\u1ec7u<\/span>: m\u00e0ng nh\u1ef1a polyetylen (PE) \u0111\u1eb7c bi\u1ec7t\u00a0v\u00e0 m\u1ed9t s\u1ed1 lo\u1ea1i m\u00e0ng Polymer \u0111\u1eb7c bi\u1ec7t kh\u00e1c<\/p>\n<p><span style=\"color: #0000ff;\">M\u00e0u s\u1eafc<\/span>: m\u00e0u xanh d\u01b0\u01a1ng<\/p>\n<p><span style=\"color: #0000ff;\">Quy c\u00e1ch<\/span>: 30~1250 mm x 200M<\/p>\n<p><span style=\"color: #0000ff;\">C\u00f4ng d\u1ee5ng<\/span>: s\u1eed d\u1ee5ng \u0111\u1ec3 l\u00e0m m\u00e0ng b\u1ea3o v\u1ec7 nh\u1ef1a, s\u1ea3n ph\u1ea9m k\u1ef9 thu\u1eadt s\u1ed1, m\u00e0ng b\u1ea3o v\u1ec7 \u00f4 t\u00f4, m\u00e0ng b\u1ea3o v\u1ec7 gia \u0111\u00ecnh, m\u00e0ng b\u1ea3o v\u1ec7 b\u1ea3o qu\u1ea3n th\u1ef1c ph\u1ea9m, m\u00e0ng b\u1ea3o v\u1ec7 b\u1ec1 m\u1eb7t nh\u00f4m\u2026<\/p>","protected":false},"featured_media":407,"comment_status":"open","ping_status":"closed","template":"","meta":[],"product_brand":[],"product_cat":[41,98],"product_tag":[45,46],"class_list":{"0":"post-239","1":"product","2":"type-product","3":"status-publish","4":"has-post-thumbnail","6":"product_cat-mang-pe","7":"product_cat-pe","8":"product_tag-mang-bao-ho","9":"product_tag-mang-bao-ve","11":"first","12":"instock","13":"shipping-taxable","14":"product-type-simple"},"jetpack_sharing_enabled":true,"_links":{"self":[{"href":"https:\/\/bangkeovietkhac.com\/vi\/wp-json\/wp\/v2\/product\/239","targetHints":{"allow":["GET"]}}],"collection":[{"href":"https:\/\/bangkeovietkhac.com\/vi\/wp-json\/wp\/v2\/product"}],"about":[{"href":"https:\/\/bangkeovietkhac.com\/vi\/wp-json\/wp\/v2\/types\/product"}],"replies":[{"embeddable":true,"href":"https:\/\/bangkeovietkhac.com\/vi\/wp-json\/wp\/v2\/comments?post=239"}],"wp:featuredmedia":[{"embeddable":true,"href":"https:\/\/bangkeovietkhac.com\/vi\/wp-json\/wp\/v2\/media\/407"}],"wp:attachment":[{"href":"https:\/\/bangkeovietkhac.com\/vi\/wp-json\/wp\/v2\/media?parent=239"}],"wp:term":[{"taxonomy":"product_brand","embeddable":true,"href":"https:\/\/bangkeovietkhac.com\/vi\/wp-json\/wp\/v2\/product_brand?post=239"},{"taxonomy":"product_cat","embeddable":true,"href":"https:\/\/bangkeovietkhac.com\/vi\/wp-json\/wp\/v2\/product_cat?post=239"},{"taxonomy":"product_tag","embeddable":true,"href":"https:\/\/bangkeovietkhac.com\/vi\/wp-json\/wp\/v2\/product_tag?post=239"}],"curies":[{"name":"wp","href":"https:\/\/api.w.org\/{rel}","templated":true}]}}