{"id":240,"date":"2022-03-25T10:37:15","date_gmt":"2022-03-25T03:37:15","guid":{"rendered":"https:\/\/bangkeovietkhac.com\/?post_type=product&#038;p=240"},"modified":"2022-10-17T15:20:09","modified_gmt":"2022-10-17T08:20:09","slug":"day-dai-pet","status":"publish","type":"product","link":"https:\/\/bangkeovietkhac.com\/vi\/san-pham\/day-dai-pet\/","title":{"rendered":"D\u00c2Y \u0110AI PET"},"content":{"rendered":"<p style=\"text-align: center;\"><span style=\"color: #0000ff; font-size: 120%;\"><strong>D\u00c2Y \u0110AI PET<\/strong><\/span><\/p>\n<ol>\n<li>D\u00e2y \u0111ai PET l\u00e0 m\u1ed9t trong nh\u1eefng gi\u1ea3i ph\u00e1p \u0111\u00f3ng g\u00f3i h\u1eefu hi\u1ec7u nh\u1ea5t hi\u1ec7n nay v\u00e0 \u0111\u01b0\u1ee3c s\u1eed d\u1ee5ng r\u1ed9ng r\u00e3i trong nhi\u1ec1u l\u0129nh v\u1ef1c, ph\u1ed5 bi\u1ebfn nh\u1ea5t trong c\u00e1c ng\u00e0nh \u0111\u00f3ng g\u00f3i, \u0111\u00f3ng \u0111ai.<\/li>\n<li>D\u00e2y \u0111ai PET c\u00f3 nh\u1eefng t\u00ednh n\u0103ng \u01b0u vi\u1ec7t h\u01a1n so v\u1edbi d\u00e2y \u0111ai th\u00e9p truy\u1ec1n th\u1ed1ng, kh\u00f4ng l\u00e0m x\u1ee9t m\u1ebb hay tr\u1ea7y x\u01b0\u1edbc s\u1ea3n ph\u1ea9m, kh\u00f4ng l\u00e0m bung, kh\u00f4ng l\u00e0m oxi h\u00f3a s\u1ea3n ph\u1ea9m \u0111\u1ea3m b\u1ea3o l\u1ef1c xi\u1ebft v\u00e0 \u0111\u1ed9 xi\u1ebft ch\u1eb7t. \u0110\u1eb7c bi\u1ec7t l\u00e0 \u0111\u1ea3m b\u1ea3o \u0111\u1ed9 an to\u00e0n trong vi\u1ec7c \u0111\u00f3ng g\u00f3i v\u00e0 th\u00e1o g\u1ee1 so v\u1edbi d\u00e2y \u0111ai th\u00e9p.<\/li>\n<li>D\u00e2y \u0111ai nh\u1ef1a PET v\u1edbi \u0111\u1ed9 b\u1ec1n cao v\u00e0 kh\u1ea3 n\u0103ng ch\u1ed1ng s\u1ed1c t\u1ed1t, \u0111\u1ed9 gi\u00e3n d\u00e0i th\u1ea5p h\u00f3a so v\u1edbi d\u00e2y \u0111ai nh\u1ef1a PP. Do \u0111\u00f3, h\u00e0ng h\u00f3a \u0111\u01b0\u1ee3c \u0111\u00f3ng g\u00f3i b\u1eb1ng d\u00e2y \u0111ai nh\u1ef1a PET c\u00f3 th\u1ec3 di chuy\u1ec3n m\u1ed9t c\u00e1ch an to\u00e0n sau th\u1eddi gian d\u00e0i d\u00e0i l\u01b0u tr\u1eef v\u00e0 v\u1eadn chuy\u1ec3n.<\/li>\n<\/ol>","protected":false},"excerpt":{"rendered":"<p><span style=\"color: #0000ff;\">Ch\u1ea5t li\u1ec7u<\/span>:\u0111\u01b0\u1ee3c s\u1ea3n xu\u1ea5t t\u1eeb h\u1ee3p ch\u1ea5t Polyester.<\/p>\n<p><span style=\"color: #0000ff;\">M\u00e0u s\u1eafc<\/span>: xanh l\u00e1<\/p>\n<p><span style=\"color: #0000ff;\">Quy c\u00e1ch<\/span>:16 mm*20 Kg<\/p>\n<p><span data-text-color=\"primary\">\u0110\u1eb7c t\u00ednh:<span style=\"color: #282828;\">Chuy\u00ean \u0111ai c\u1ed1 \u0111\u1ecbnh h\u00e0ng tr\u1ecdng l\u01b0\u1ee3ng n\u1eb7ng<\/span><\/span><\/p>\n<p><span style=\"color: #0000ff;\">C\u00f4ng d\u1ee5ng<\/span>:\u0110\u01b0\u1ee3c s\u1eed d\u1ee5ng r\u1ed9ng r\u00e3i trong vi\u1ec7c \u0111\u00f3ng g\u00f3i h\u00e0ng h\u00f3a c\u00f4ng nghi\u1ec7p nh\u01b0 may m\u1eb7c, g\u1ed1m s\u1ee9, n\u00f4ng l\u00e2m s\u1ea3n,\u2026<\/p>","protected":false},"featured_media":415,"comment_status":"open","ping_status":"closed","template":"","meta":[],"product_brand":[],"product_cat":[47,99],"product_tag":[48],"class_list":{"0":"post-240","1":"product","2":"type-product","3":"status-publish","4":"has-post-thumbnail","6":"product_cat-day-dai","7":"product_cat-99","8":"product_tag-day-dai-pet","10":"first","11":"instock","12":"shipping-taxable","13":"product-type-simple"},"jetpack_sharing_enabled":true,"_links":{"self":[{"href":"https:\/\/bangkeovietkhac.com\/vi\/wp-json\/wp\/v2\/product\/240","targetHints":{"allow":["GET"]}}],"collection":[{"href":"https:\/\/bangkeovietkhac.com\/vi\/wp-json\/wp\/v2\/product"}],"about":[{"href":"https:\/\/bangkeovietkhac.com\/vi\/wp-json\/wp\/v2\/types\/product"}],"replies":[{"embeddable":true,"href":"https:\/\/bangkeovietkhac.com\/vi\/wp-json\/wp\/v2\/comments?post=240"}],"wp:featuredmedia":[{"embeddable":true,"href":"https:\/\/bangkeovietkhac.com\/vi\/wp-json\/wp\/v2\/media\/415"}],"wp:attachment":[{"href":"https:\/\/bangkeovietkhac.com\/vi\/wp-json\/wp\/v2\/media?parent=240"}],"wp:term":[{"taxonomy":"product_brand","embeddable":true,"href":"https:\/\/bangkeovietkhac.com\/vi\/wp-json\/wp\/v2\/product_brand?post=240"},{"taxonomy":"product_cat","embeddable":true,"href":"https:\/\/bangkeovietkhac.com\/vi\/wp-json\/wp\/v2\/product_cat?post=240"},{"taxonomy":"product_tag","embeddable":true,"href":"https:\/\/bangkeovietkhac.com\/vi\/wp-json\/wp\/v2\/product_tag?post=240"}],"curies":[{"name":"wp","href":"https:\/\/api.w.org\/{rel}","templated":true}]}}