{"id":241,"date":"2022-03-25T10:39:10","date_gmt":"2022-03-25T03:39:10","guid":{"rendered":"https:\/\/bangkeovietkhac.com\/?post_type=product&#038;p=241"},"modified":"2022-10-17T15:19:26","modified_gmt":"2022-10-17T08:19:26","slug":"day-dai-nhua-pp","status":"publish","type":"product","link":"https:\/\/bangkeovietkhac.com\/vi\/san-pham\/day-dai-nhua-pp\/","title":{"rendered":"D\u00c2Y \u0110AI PP"},"content":{"rendered":"<p style=\"text-align: center;\"><span style=\"font-size: 250%;\"><strong>D\u00e2y \u0111ai nh\u1ef1a PP c\u00f3 c\u1ea5u t\u1ea1o nh\u01b0 th\u1ebf n\u00e0o ?<\/strong><\/span><\/p>\n<p>D\u00e2y \u0111ai nh\u1ef1a PP \u0111\u01b0\u1ee3c l\u00e0m t\u1eeb nguy\u00ean li\u1ec7u PP ch\u1ecbu \u0111\u01b0\u1ee3c l\u1ef1c cao, d\u1ebbo dai kh\u00f4ng th\u1ea5m n\u01b0\u1edbc, kh\u00f4ng thay \u0111\u1ed5i trong \u0111i\u1ec1u ki\u1ec7n th\u1eddi ti\u1ebft \u1ea9m \u01b0\u1edbt. D\u00e2y \u0111ai nh\u1ef1a PP m\u1ec1m, an to\u00e0n khi s\u1eed d\u1ee5ng, kh\u00f4ng l\u00e0m r\u00e1ch th\u00f9ng carton.<\/p>\n<p>Ngo\u00e0i ra, Vi\u1ec7t Kh\u1eafc cung c\u1ea5p c\u00e1c m\u1eb7t h\u00e0ng d\u00e2y \u0111ai nh\u1ef1a v\u1edbi m\u00e0u s\u1eafc \u0111a d\u1ea1ng: v\u00e0ng, xanh l\u00e1, xanh d\u01b0\u01a1ng, tr\u1eafng, \u0111en,\u2026 gi\u00fap d\u1ec5 d\u00e0ng v\u00e0 thu\u1eadn ti\u1ec7n h\u01a1n trong vi\u1ec7c \u0111\u00e1nh d\u1ea5u, ph\u00e2n bi\u1ec7t ki\u1ec7n h\u00e0ng, n\u01a1i \u0111\u1ebfn, kh\u00e1ch h\u00e0ng,\u2026<\/p>","protected":false},"excerpt":{"rendered":"<p><strong><span style=\"color: #0000ff;\">Ch\u1ea5t li\u1ec7u<\/span>:<\/strong>: nguy\u00ean li\u1ec7u PP ch\u1ecbu \u0111\u01b0\u1ee3c l\u1ef1c cao, d\u1ebbo dai kh\u00f4ng th\u1ea5m n\u01b0\u1edbc<\/p>\n<p><strong><span style=\"color: #0000ff;\">M\u00e0u s\u1eafc<\/span>:<\/strong>\u00a0: theo nhu c\u1ea7u kh nh\u01b0ng ph\u1ed5 bi\u1ebfn nh\u1ea5t m\u00e0u v\u00e0ng v\u00e0 xanh d\u01b0\u01a1ng<\/p>\n<p><strong><span style=\"color: #0000ff;\">Quy c\u00e1ch<\/span>:<\/strong>: 12mm&amp;15mm x10kg<\/p>\n<p><span data-text-color=\"primary\"><strong>\u0110\u1eb7c t\u00ednh:<\/strong><span data-text-color=\"alert\">*lo\u1ea1i d\u00e2y AO d\u00f9ng \u0111ai cho m\u00e1y t\u1ef1 \u0111\u1ed9ng  ;*lo\u1ea1i d\u00e2y AC  d\u00f9ng d\u00e2y \u0111ai cho m\u00e1y b\u00e1n t\u1ef1 \u0111\u1ed9ng.<\/span><\/span><\/p>\n<p><strong><span style=\"color: #0000ff;\">C\u00f4ng d\u1ee5ng<\/span>:<\/strong>: C\u1ed1 \u0111\u1ecbnh th\u00f9ng Cartoon, c\u1ed1 \u0111\u1ecbnh pallet<\/p>","protected":false},"featured_media":416,"comment_status":"open","ping_status":"closed","template":"","meta":[],"product_brand":[],"product_cat":[47,99],"product_tag":[51,49,50],"class_list":{"0":"post-241","1":"product","2":"type-product","3":"status-publish","4":"has-post-thumbnail","6":"product_cat-day-dai","7":"product_cat-99","8":"product_tag-day-dai-ban-tu-dong","9":"product_tag-day-dai-nhua-pp","10":"product_tag-day-dai-toan-tu-dong","12":"first","13":"instock","14":"shipping-taxable","15":"product-type-simple"},"jetpack_sharing_enabled":true,"_links":{"self":[{"href":"https:\/\/bangkeovietkhac.com\/vi\/wp-json\/wp\/v2\/product\/241","targetHints":{"allow":["GET"]}}],"collection":[{"href":"https:\/\/bangkeovietkhac.com\/vi\/wp-json\/wp\/v2\/product"}],"about":[{"href":"https:\/\/bangkeovietkhac.com\/vi\/wp-json\/wp\/v2\/types\/product"}],"replies":[{"embeddable":true,"href":"https:\/\/bangkeovietkhac.com\/vi\/wp-json\/wp\/v2\/comments?post=241"}],"wp:featuredmedia":[{"embeddable":true,"href":"https:\/\/bangkeovietkhac.com\/vi\/wp-json\/wp\/v2\/media\/416"}],"wp:attachment":[{"href":"https:\/\/bangkeovietkhac.com\/vi\/wp-json\/wp\/v2\/media?parent=241"}],"wp:term":[{"taxonomy":"product_brand","embeddable":true,"href":"https:\/\/bangkeovietkhac.com\/vi\/wp-json\/wp\/v2\/product_brand?post=241"},{"taxonomy":"product_cat","embeddable":true,"href":"https:\/\/bangkeovietkhac.com\/vi\/wp-json\/wp\/v2\/product_cat?post=241"},{"taxonomy":"product_tag","embeddable":true,"href":"https:\/\/bangkeovietkhac.com\/vi\/wp-json\/wp\/v2\/product_tag?post=241"}],"curies":[{"name":"wp","href":"https:\/\/api.w.org\/{rel}","templated":true}]}}