{"id":242,"date":"2022-03-25T10:40:16","date_gmt":"2022-03-25T03:40:16","guid":{"rendered":"https:\/\/bangkeovietkhac.com\/?post_type=product&#038;p=242"},"modified":"2022-10-11T15:06:36","modified_gmt":"2022-10-11T08:06:36","slug":"may-tang-dai","status":"publish","type":"product","link":"https:\/\/bangkeovietkhac.com\/vi\/san-pham\/may-tang-dai\/","title":{"rendered":"M\u00c1Y T\u0102NG \u0110AI"},"content":{"rendered":"","protected":false},"excerpt":{"rendered":"<p><span data-text-color=\"primary\">Ch\u1ea5t li\u1ec7u: S\u1eaft<\/span><\/p>\n<p><span data-text-color=\"primary\">M\u00e0u s\u1eafc:xxx<\/span><\/p>\n<p><span data-text-color=\"primary\">Quy c\u00e1ch:xxx<\/span><\/p>\n<p><span data-text-color=\"primary\">C\u00f4ng d\u1ee5ng: c\u1ed1 \u0111\u1ecbnh b\u1ecd \u0111ai<\/span><\/p>","protected":false},"featured_media":418,"comment_status":"open","ping_status":"closed","template":"","meta":[],"product_brand":[],"product_cat":[20],"product_tag":[52,53],"class_list":{"0":"post-242","1":"product","2":"type-product","3":"status-publish","4":"has-post-thumbnail","6":"product_cat-chua-phan-loai","7":"product_tag-may-tang-dai","8":"product_tag-may-tang-dai-cam-tay","10":"first","11":"instock","12":"shipping-taxable","13":"product-type-simple"},"jetpack_sharing_enabled":true,"_links":{"self":[{"href":"https:\/\/bangkeovietkhac.com\/vi\/wp-json\/wp\/v2\/product\/242","targetHints":{"allow":["GET"]}}],"collection":[{"href":"https:\/\/bangkeovietkhac.com\/vi\/wp-json\/wp\/v2\/product"}],"about":[{"href":"https:\/\/bangkeovietkhac.com\/vi\/wp-json\/wp\/v2\/types\/product"}],"replies":[{"embeddable":true,"href":"https:\/\/bangkeovietkhac.com\/vi\/wp-json\/wp\/v2\/comments?post=242"}],"wp:featuredmedia":[{"embeddable":true,"href":"https:\/\/bangkeovietkhac.com\/vi\/wp-json\/wp\/v2\/media\/418"}],"wp:attachment":[{"href":"https:\/\/bangkeovietkhac.com\/vi\/wp-json\/wp\/v2\/media?parent=242"}],"wp:term":[{"taxonomy":"product_brand","embeddable":true,"href":"https:\/\/bangkeovietkhac.com\/vi\/wp-json\/wp\/v2\/product_brand?post=242"},{"taxonomy":"product_cat","embeddable":true,"href":"https:\/\/bangkeovietkhac.com\/vi\/wp-json\/wp\/v2\/product_cat?post=242"},{"taxonomy":"product_tag","embeddable":true,"href":"https:\/\/bangkeovietkhac.com\/vi\/wp-json\/wp\/v2\/product_tag?post=242"}],"curies":[{"name":"wp","href":"https:\/\/api.w.org\/{rel}","templated":true}]}}